{"id":85271,"date":"2026-04-30T09:04:10","date_gmt":"2026-04-30T12:04:10","guid":{"rendered":"https:\/\/www.hediyepazar.com\/?product=koza-tek-icimlik-sutlu-salep-aromali-toz-icecek-16li"},"modified":"2026-04-30T09:04:10","modified_gmt":"2026-04-30T12:04:10","slug":"koza-tek-icimlik-sutlu-salep-aromali-toz-icecek-16li","status":"publish","type":"product","link":"https:\/\/www.hediyepazar.com\/?product=koza-tek-icimlik-sutlu-salep-aromali-toz-icecek-16li","title":{"rendered":"Koza Tek \u0130\u00e7imlik S\u00fctl\u00fc Salep Aromal\u0131 Toz \u0130\u00e7ecek 16&#8217;l\u0131"},"content":{"rendered":"<table style=\"border-collapse:collapse; width:198pt; border:none\" width=\"264\">\n<colgroup>\n<col style=\"width:198pt\" width=\"264\" \/>\n\t<\/colgroup>\n<tbody>\n<tr height=\"20\" style=\"height:15.0pt\">\n<td class=\"xl65\" height=\"20\" style=\"border:none; height:15.0pt; width:198pt; text-align:left; padding-top:1px; padding-right:1px; padding-left:1px; vertical-align:bottom; white-space:nowrap\" width=\"264\"><span style=\"font-size:11pt\"><span style=\"color:black\"><span style=\"font-weight:400\"><span style=\"font-style:normal\"><span style=\"text-decoration:none\"><span style=\"font-family:Calibri,sans-serif\">Koza tek i&ccedil;imlik S&uuml;tl&uuml; Salep aromal\u0131 toz i&ccedil;ece\u011fi, el de\u011fmeden hatta neredeyse hava bile de\u011fmeden,<br \/>\n\t\t\ttam otomatik tertemiz makinelerde, tertemiz bir ortamda &uuml;rettik. Bundan dolay\u0131 da ISO 22000 ve Helal lay\u0131k g&ouml;r&uuml;ld&uuml;k.<br \/>\n\t\t\tHer paketi bir &ccedil;ay barda\u011f\u0131 (100 ml) i&ccedil;in dikkatlice paketledik. Ne eksik, ne fazla!<br \/>\n\t\t\tOrtak damak tad\u0131m\u0131z\u0131 g&ouml;z &ouml;n&uuml;ne ald\u0131k ve gramaj\u0131n\u0131, lezzetini, \u015feker miktar\u0131n\u0131 belirlerken buna g&ouml;re hareket ettik.<br \/>\n\t\t\t&nbsp;<br \/>\n\t\t\tHAZIRLANI\u015eI:<br \/>\n\t\t\tHer &ccedil;ay barda\u011f\u0131na (100 ml) 1 paketi d&ouml;k&uuml;n, &uuml;zerine isterseniz s\u0131cak isterseniz so\u011fuk su ilave edin, kar\u0131\u015ft\u0131r\u0131n ve harika i&ccedil;ece\u011finiz servise haz\u0131r!<br \/>\n\t\t\t&Ccedil;ok \u015fekerli seviyorsan\u0131z ekstra \u015feker ilave edebilir ya da kupada (200 ml) i&ccedil;mek istiyorsan\u0131z 2 paket atabilirsiniz.<\/span><\/span><\/span><\/span><\/span><\/span><\/td>\n<\/tr>\n<\/tbody>\n<\/table>\n","protected":false},"excerpt":{"rendered":"<p>Koza Tek \u0130\u00e7imlik S\u00fctl\u00fc Salep Aromal\u0131 Toz \u0130\u00e7ecek 16&#8217;l\u0131<\/p>\n","protected":false},"featured_media":85270,"comment_status":"open","ping_status":"closed","template":"","meta":{"_kad_post_transparent":"","_kad_post_title":"","_kad_post_layout":"","_kad_post_sidebar_id":"","_kad_post_content_style":"","_kad_post_vertical_padding":"","_kad_post_feature":"","_kad_post_feature_position":"","_kad_post_header":false,"_kad_post_footer":false,"_kad_post_classname":""},"product_brand":[],"product_cat":[699,589,570],"product_tag":[],"class_list":{"0":"post-85271","1":"product","2":"type-product","3":"status-publish","4":"has-post-thumbnail","6":"product_cat-gazsiz-icecek","7":"product_cat-gida-ve-icecek","8":"product_cat-supermarket","10":"first","11":"instock","12":"shipping-taxable","13":"purchasable","14":"product-type-simple","15":"entry","16":"content-bg","17":"loop-entry"},"_links":{"self":[{"href":"https:\/\/www.hediyepazar.com\/index.php?rest_route=\/wp\/v2\/product\/85271","targetHints":{"allow":["GET"]}}],"collection":[{"href":"https:\/\/www.hediyepazar.com\/index.php?rest_route=\/wp\/v2\/product"}],"about":[{"href":"https:\/\/www.hediyepazar.com\/index.php?rest_route=\/wp\/v2\/types\/product"}],"replies":[{"embeddable":true,"href":"https:\/\/www.hediyepazar.com\/index.php?rest_route=%2Fwp%2Fv2%2Fcomments&post=85271"}],"wp:featuredmedia":[{"embeddable":true,"href":"https:\/\/www.hediyepazar.com\/index.php?rest_route=\/wp\/v2\/media\/85270"}],"wp:attachment":[{"href":"https:\/\/www.hediyepazar.com\/index.php?rest_route=%2Fwp%2Fv2%2Fmedia&parent=85271"}],"wp:term":[{"taxonomy":"product_brand","embeddable":true,"href":"https:\/\/www.hediyepazar.com\/index.php?rest_route=%2Fwp%2Fv2%2Fproduct_brand&post=85271"},{"taxonomy":"product_cat","embeddable":true,"href":"https:\/\/www.hediyepazar.com\/index.php?rest_route=%2Fwp%2Fv2%2Fproduct_cat&post=85271"},{"taxonomy":"product_tag","embeddable":true,"href":"https:\/\/www.hediyepazar.com\/index.php?rest_route=%2Fwp%2Fv2%2Fproduct_tag&post=85271"}],"curies":[{"name":"wp","href":"https:\/\/api.w.org\/{rel}","templated":true}]}}