{"id":85333,"date":"2026-04-30T09:08:20","date_gmt":"2026-04-30T12:08:20","guid":{"rendered":"https:\/\/www.hediyepazar.com\/?product=cilek-baskili-yazlik-kirmizi-kiz-cocuk-asklili-kolsuz-elbise-royaleks"},"modified":"2026-04-30T09:08:20","modified_gmt":"2026-04-30T12:08:20","slug":"cilek-baskili-yazlik-kirmizi-kiz-cocuk-asklili-kolsuz-elbise-royaleks","status":"publish","type":"product","link":"https:\/\/www.hediyepazar.com\/?product=cilek-baskili-yazlik-kirmizi-kiz-cocuk-asklili-kolsuz-elbise-royaleks","title":{"rendered":"\u00c7ilek Bask\u0131l\u0131 Yazl\u0131k K\u0131rm\u0131z\u0131 K\u0131z \u00c7ocuk Askl\u0131l\u0131 Kolsuz Elbise Royaleks"},"content":{"rendered":"<p>&Ccedil;ilek Bask\u0131l\u0131 Yazl\u0131k K\u0131rm\u0131z\u0131 K\u0131z &Ccedil;ocuk Askl\u0131l\u0131 Kolsuz Elbise Royaleks<\/p>\n","protected":false},"excerpt":{"rendered":"<p>\u00c7ilek Bask\u0131l\u0131 Yazl\u0131k K\u0131rm\u0131z\u0131 K\u0131z \u00c7ocuk Askl\u0131l\u0131 Kolsuz Elbise Royaleks<\/p>\n","protected":false},"featured_media":85332,"comment_status":"open","ping_status":"closed","template":"","meta":{"_kad_post_transparent":"","_kad_post_title":"","_kad_post_layout":"","_kad_post_sidebar_id":"","_kad_post_content_style":"","_kad_post_vertical_padding":"","_kad_post_feature":"","_kad_post_feature_position":"","_kad_post_header":false,"_kad_post_footer":false,"_kad_post_classname":""},"product_brand":[],"product_cat":[551,741,457],"product_tag":[],"class_list":{"0":"post-85333","1":"product","2":"type-product","3":"status-publish","4":"has-post-thumbnail","6":"product_cat-cocuk","7":"product_cat-elbise","8":"product_cat-giyim","10":"first","11":"instock","12":"shipping-taxable","13":"purchasable","14":"product-type-simple","15":"entry","16":"content-bg","17":"loop-entry"},"_links":{"self":[{"href":"https:\/\/www.hediyepazar.com\/index.php?rest_route=\/wp\/v2\/product\/85333","targetHints":{"allow":["GET"]}}],"collection":[{"href":"https:\/\/www.hediyepazar.com\/index.php?rest_route=\/wp\/v2\/product"}],"about":[{"href":"https:\/\/www.hediyepazar.com\/index.php?rest_route=\/wp\/v2\/types\/product"}],"replies":[{"embeddable":true,"href":"https:\/\/www.hediyepazar.com\/index.php?rest_route=%2Fwp%2Fv2%2Fcomments&post=85333"}],"wp:featuredmedia":[{"embeddable":true,"href":"https:\/\/www.hediyepazar.com\/index.php?rest_route=\/wp\/v2\/media\/85332"}],"wp:attachment":[{"href":"https:\/\/www.hediyepazar.com\/index.php?rest_route=%2Fwp%2Fv2%2Fmedia&parent=85333"}],"wp:term":[{"taxonomy":"product_brand","embeddable":true,"href":"https:\/\/www.hediyepazar.com\/index.php?rest_route=%2Fwp%2Fv2%2Fproduct_brand&post=85333"},{"taxonomy":"product_cat","embeddable":true,"href":"https:\/\/www.hediyepazar.com\/index.php?rest_route=%2Fwp%2Fv2%2Fproduct_cat&post=85333"},{"taxonomy":"product_tag","embeddable":true,"href":"https:\/\/www.hediyepazar.com\/index.php?rest_route=%2Fwp%2Fv2%2Fproduct_tag&post=85333"}],"curies":[{"name":"wp","href":"https:\/\/api.w.org\/{rel}","templated":true}]}}