{"id":85459,"date":"2026-04-30T09:17:02","date_gmt":"2026-04-30T12:17:02","guid":{"rendered":"https:\/\/www.hediyepazar.com\/?product=yuksek-bel-kadin-slip-korse-13003-ten"},"modified":"2026-04-30T09:17:02","modified_gmt":"2026-04-30T12:17:02","slug":"yuksek-bel-kadin-slip-korse-13003-ten","status":"publish","type":"product","link":"https:\/\/www.hediyepazar.com\/?product=yuksek-bel-kadin-slip-korse-13003-ten","title":{"rendered":"Y\u00fcksek Bel Kad\u0131n Slip Korse 13003 &#8211; Ten"},"content":{"rendered":"<p>Y&uuml;ksek Bel Kad\u0131n Slip Korse 13003 &#8211; Ten<\/p>\n","protected":false},"excerpt":{"rendered":"<p>Y\u00fcksek Bel Kad\u0131n Slip Korse 13003 &#8211; Ten<\/p>\n","protected":false},"featured_media":0,"comment_status":"open","ping_status":"closed","template":"","meta":{"_kad_post_transparent":"","_kad_post_title":"","_kad_post_layout":"","_kad_post_sidebar_id":"","_kad_post_content_style":"","_kad_post_vertical_padding":"","_kad_post_feature":"","_kad_post_feature_position":"","_kad_post_header":false,"_kad_post_footer":false,"_kad_post_classname":""},"product_brand":[],"product_cat":[538,537,549],"product_tag":[],"class_list":{"0":"post-85459","1":"product","2":"type-product","3":"status-publish","5":"product_cat-ic-giyim","6":"product_cat-kadin","7":"product_cat-korse","9":"first","10":"instock","11":"shipping-taxable","12":"purchasable","13":"product-type-simple","14":"entry","15":"content-bg","16":"loop-entry"},"_links":{"self":[{"href":"https:\/\/www.hediyepazar.com\/index.php?rest_route=\/wp\/v2\/product\/85459","targetHints":{"allow":["GET"]}}],"collection":[{"href":"https:\/\/www.hediyepazar.com\/index.php?rest_route=\/wp\/v2\/product"}],"about":[{"href":"https:\/\/www.hediyepazar.com\/index.php?rest_route=\/wp\/v2\/types\/product"}],"replies":[{"embeddable":true,"href":"https:\/\/www.hediyepazar.com\/index.php?rest_route=%2Fwp%2Fv2%2Fcomments&post=85459"}],"wp:attachment":[{"href":"https:\/\/www.hediyepazar.com\/index.php?rest_route=%2Fwp%2Fv2%2Fmedia&parent=85459"}],"wp:term":[{"taxonomy":"product_brand","embeddable":true,"href":"https:\/\/www.hediyepazar.com\/index.php?rest_route=%2Fwp%2Fv2%2Fproduct_brand&post=85459"},{"taxonomy":"product_cat","embeddable":true,"href":"https:\/\/www.hediyepazar.com\/index.php?rest_route=%2Fwp%2Fv2%2Fproduct_cat&post=85459"},{"taxonomy":"product_tag","embeddable":true,"href":"https:\/\/www.hediyepazar.com\/index.php?rest_route=%2Fwp%2Fv2%2Fproduct_tag&post=85459"}],"curies":[{"name":"wp","href":"https:\/\/api.w.org\/{rel}","templated":true}]}}