{"id":85565,"date":"2026-04-30T09:23:08","date_gmt":"2026-04-30T12:23:08","guid":{"rendered":"https:\/\/www.hediyepazar.com\/?product=esila-kuyruk-yagli-masaj-kremi-210ml-akilli-krem-royaleks"},"modified":"2026-04-30T09:23:08","modified_gmt":"2026-04-30T12:23:08","slug":"esila-kuyruk-yagli-masaj-kremi-210ml-akilli-krem-royaleks","status":"publish","type":"product","link":"https:\/\/www.hediyepazar.com\/?product=esila-kuyruk-yagli-masaj-kremi-210ml-akilli-krem-royaleks","title":{"rendered":"Esila Kuyruk Ya\u011fl\u0131 Masaj Kremi 210ml Ak\u0131ll\u0131 Krem Royaleks"},"content":{"rendered":"<p>Esila Kuyruk Ya\u011fl\u0131 Masaj Kremi 210ml Ak\u0131ll\u0131 Krem Royaleks<br \/>\nKuyruk Ya\u011f\u0131 Kremi&nbsp;<br \/>\n1 adet 201 ml kuyruk ya\u011fl\u0131 bamyo tohumu ya\u011fl\u0131 krem g&ouml;nderilecektir<\/p>\n","protected":false},"excerpt":{"rendered":"<p>Esila Kuyruk Ya\u011fl\u0131 Masaj Kremi 210ml Ak\u0131ll\u0131 Krem Royaleks<\/p>\n","protected":false},"featured_media":85564,"comment_status":"open","ping_status":"closed","template":"","meta":{"_kad_post_transparent":"","_kad_post_title":"","_kad_post_layout":"","_kad_post_sidebar_id":"","_kad_post_content_style":"","_kad_post_vertical_padding":"","_kad_post_feature":"","_kad_post_feature_position":"","_kad_post_header":false,"_kad_post_footer":false,"_kad_post_classname":""},"product_brand":[],"product_cat":[566,537,564],"product_tag":[],"class_list":{"0":"post-85565","1":"product","2":"type-product","3":"status-publish","4":"has-post-thumbnail","6":"product_cat-cilt-bakimi","7":"product_cat-kadin","8":"product_cat-kadin-kozmetik","10":"first","11":"instock","12":"shipping-taxable","13":"purchasable","14":"product-type-simple","15":"entry","16":"content-bg","17":"loop-entry"},"_links":{"self":[{"href":"https:\/\/www.hediyepazar.com\/index.php?rest_route=\/wp\/v2\/product\/85565","targetHints":{"allow":["GET"]}}],"collection":[{"href":"https:\/\/www.hediyepazar.com\/index.php?rest_route=\/wp\/v2\/product"}],"about":[{"href":"https:\/\/www.hediyepazar.com\/index.php?rest_route=\/wp\/v2\/types\/product"}],"replies":[{"embeddable":true,"href":"https:\/\/www.hediyepazar.com\/index.php?rest_route=%2Fwp%2Fv2%2Fcomments&post=85565"}],"wp:featuredmedia":[{"embeddable":true,"href":"https:\/\/www.hediyepazar.com\/index.php?rest_route=\/wp\/v2\/media\/85564"}],"wp:attachment":[{"href":"https:\/\/www.hediyepazar.com\/index.php?rest_route=%2Fwp%2Fv2%2Fmedia&parent=85565"}],"wp:term":[{"taxonomy":"product_brand","embeddable":true,"href":"https:\/\/www.hediyepazar.com\/index.php?rest_route=%2Fwp%2Fv2%2Fproduct_brand&post=85565"},{"taxonomy":"product_cat","embeddable":true,"href":"https:\/\/www.hediyepazar.com\/index.php?rest_route=%2Fwp%2Fv2%2Fproduct_cat&post=85565"},{"taxonomy":"product_tag","embeddable":true,"href":"https:\/\/www.hediyepazar.com\/index.php?rest_route=%2Fwp%2Fv2%2Fproduct_tag&post=85565"}],"curies":[{"name":"wp","href":"https:\/\/api.w.org\/{rel}","templated":true}]}}