{"id":85611,"date":"2026-04-30T09:25:24","date_gmt":"2026-04-30T12:25:24","guid":{"rendered":"https:\/\/www.hediyepazar.com\/?product=merdiven-riser-plastik-basamakli-41-royaleks-map51304"},"modified":"2026-04-30T09:25:24","modified_gmt":"2026-04-30T12:25:24","slug":"merdiven-riser-plastik-basamakli-41-royaleks-map51304","status":"publish","type":"product","link":"https:\/\/www.hediyepazar.com\/?product=merdiven-riser-plastik-basamakli-41-royaleks-map51304","title":{"rendered":"Merdiven Riser Plastik Basamakl\u0131 4+1 Royaleks-MAP51304"},"content":{"rendered":"<table style=\"border-collapse:collapse; width:89pt; border:none\" width=\"119\">\n<colgroup>\n<col style=\"width:89pt\" width=\"119\" \/>\n\t<\/colgroup>\n<tbody>\n<tr height=\"20\" style=\"height:15.0pt\">\n<td height=\"20\" style=\"border:none; height:15.0pt; width:89pt; padding-top:1px; padding-right:1px; padding-left:1px; vertical-align:bottom; white-space:nowrap\" width=\"119\"><span style=\"font-size:11pt\"><span style=\"color:black\"><span style=\"font-weight:400\"><span style=\"font-style:normal\"><span style=\"text-decoration:none\"><span style=\"font-family:Calibri,sans-serif\">Merdiven Riser Plastik Basamakl\u0131 4+1 Royaleks-MAP51304 8691913128169<br \/>\n\t\t\tPaket \u0130&ccedil;eri\u011fi : 1 adet&nbsp; Merdiven Riser Plastik Basamakl\u0131 4+1 Royaleks-MAP51304 &Ouml;zel Tasar\u0131m Basamak<br \/>\n\t\t\tElektrostatik Toz Boya<br \/>\n\t\t\t150 KG Ta\u015f\u0131ma Kapasitesi<br \/>\n\t\t\tPlastik &Uuml;st ba\u015fl\u0131k<br \/>\n\t\t\tPlastik &Uuml;st Tabla<br \/>\n\t\t\tG&uuml;&ccedil;l&uuml; Balant\u0131 Eleman\u0131<br \/>\n\t\t\tKaymay\u0131 &Ouml;nleyen Plastik Basamak<br \/>\n\t\t\t&Ccedil;elik Mente\u015fe Sistemi \u0130le Birle\u015ftirme &Ouml;zelli\u011fi<br \/>\n\t\t\tKaymay\u0131 &Ouml;nleyen &Ouml;zel Tasar\u0131ml\u0131 Alt Plastik<\/span><\/span><\/span><\/span><\/span><\/span><\/td>\n<\/tr>\n<\/tbody>\n<\/table>\n","protected":false},"excerpt":{"rendered":"<p>Merdiven Riser Plastik Basamakl\u0131 4+1 Royaleks-MAP51304<\/p>\n","protected":false},"featured_media":85610,"comment_status":"open","ping_status":"closed","template":"","meta":{"_kad_post_transparent":"","_kad_post_title":"","_kad_post_layout":"","_kad_post_sidebar_id":"","_kad_post_content_style":"","_kad_post_vertical_padding":"","_kad_post_feature":"","_kad_post_feature_position":"","_kad_post_header":false,"_kad_post_footer":false,"_kad_post_classname":""},"product_brand":[],"product_cat":[656,557,657],"product_tag":[],"class_list":{"0":"post-85611","1":"product","2":"type-product","3":"status-publish","4":"has-post-thumbnail","6":"product_cat-bahce-yapi-market","7":"product_cat-ev-yasam","8":"product_cat-yapi-market","10":"first","11":"instock","12":"shipping-taxable","13":"purchasable","14":"product-type-simple","15":"entry","16":"content-bg","17":"loop-entry"},"_links":{"self":[{"href":"https:\/\/www.hediyepazar.com\/index.php?rest_route=\/wp\/v2\/product\/85611","targetHints":{"allow":["GET"]}}],"collection":[{"href":"https:\/\/www.hediyepazar.com\/index.php?rest_route=\/wp\/v2\/product"}],"about":[{"href":"https:\/\/www.hediyepazar.com\/index.php?rest_route=\/wp\/v2\/types\/product"}],"replies":[{"embeddable":true,"href":"https:\/\/www.hediyepazar.com\/index.php?rest_route=%2Fwp%2Fv2%2Fcomments&post=85611"}],"wp:featuredmedia":[{"embeddable":true,"href":"https:\/\/www.hediyepazar.com\/index.php?rest_route=\/wp\/v2\/media\/85610"}],"wp:attachment":[{"href":"https:\/\/www.hediyepazar.com\/index.php?rest_route=%2Fwp%2Fv2%2Fmedia&parent=85611"}],"wp:term":[{"taxonomy":"product_brand","embeddable":true,"href":"https:\/\/www.hediyepazar.com\/index.php?rest_route=%2Fwp%2Fv2%2Fproduct_brand&post=85611"},{"taxonomy":"product_cat","embeddable":true,"href":"https:\/\/www.hediyepazar.com\/index.php?rest_route=%2Fwp%2Fv2%2Fproduct_cat&post=85611"},{"taxonomy":"product_tag","embeddable":true,"href":"https:\/\/www.hediyepazar.com\/index.php?rest_route=%2Fwp%2Fv2%2Fproduct_tag&post=85611"}],"curies":[{"name":"wp","href":"https:\/\/api.w.org\/{rel}","templated":true}]}}