{"id":85629,"date":"2026-04-30T09:26:43","date_gmt":"2026-04-30T12:26:43","guid":{"rendered":"https:\/\/www.hediyepazar.com\/?product=kiz-bebek-hediyelik-patik-ve-sac-bandi-yenidogan-royaleks"},"modified":"2026-04-30T09:26:43","modified_gmt":"2026-04-30T12:26:43","slug":"kiz-bebek-hediyelik-patik-ve-sac-bandi-yenidogan-royaleks","status":"publish","type":"product","link":"https:\/\/www.hediyepazar.com\/?product=kiz-bebek-hediyelik-patik-ve-sac-bandi-yenidogan-royaleks","title":{"rendered":"K\u0131z Bebek Hediyelik Patik ve Sa\u00e7 Band\u0131 Yenido\u011fan Royaleks"},"content":{"rendered":"<p>Bebek Hediyelik Patik ve Sa&ccedil; Band\u0131 Yenido\u011fan Royaleks<br \/>\nK\u0131z bebek patik sa&ccedil; band\u0131<\/p>\n","protected":false},"excerpt":{"rendered":"<p>K\u0131z Bebek Hediyelik Patik ve Sa\u00e7 Band\u0131 Yenido\u011fan Royaleks<\/p>\n","protected":false},"featured_media":85628,"comment_status":"open","ping_status":"closed","template":"","meta":{"_kad_post_transparent":"","_kad_post_title":"","_kad_post_layout":"","_kad_post_sidebar_id":"","_kad_post_content_style":"","_kad_post_vertical_padding":"","_kad_post_feature":"","_kad_post_feature_position":"","_kad_post_header":false,"_kad_post_footer":false,"_kad_post_classname":""},"product_brand":[],"product_cat":[729,551,730],"product_tag":[],"class_list":{"0":"post-85629","1":"product","2":"type-product","3":"status-publish","4":"has-post-thumbnail","6":"product_cat-ayakkabi","7":"product_cat-cocuk","8":"product_cat-ev-botu-terligi","10":"first","11":"instock","12":"shipping-taxable","13":"purchasable","14":"product-type-simple","15":"entry","16":"content-bg","17":"loop-entry"},"_links":{"self":[{"href":"https:\/\/www.hediyepazar.com\/index.php?rest_route=\/wp\/v2\/product\/85629","targetHints":{"allow":["GET"]}}],"collection":[{"href":"https:\/\/www.hediyepazar.com\/index.php?rest_route=\/wp\/v2\/product"}],"about":[{"href":"https:\/\/www.hediyepazar.com\/index.php?rest_route=\/wp\/v2\/types\/product"}],"replies":[{"embeddable":true,"href":"https:\/\/www.hediyepazar.com\/index.php?rest_route=%2Fwp%2Fv2%2Fcomments&post=85629"}],"wp:featuredmedia":[{"embeddable":true,"href":"https:\/\/www.hediyepazar.com\/index.php?rest_route=\/wp\/v2\/media\/85628"}],"wp:attachment":[{"href":"https:\/\/www.hediyepazar.com\/index.php?rest_route=%2Fwp%2Fv2%2Fmedia&parent=85629"}],"wp:term":[{"taxonomy":"product_brand","embeddable":true,"href":"https:\/\/www.hediyepazar.com\/index.php?rest_route=%2Fwp%2Fv2%2Fproduct_brand&post=85629"},{"taxonomy":"product_cat","embeddable":true,"href":"https:\/\/www.hediyepazar.com\/index.php?rest_route=%2Fwp%2Fv2%2Fproduct_cat&post=85629"},{"taxonomy":"product_tag","embeddable":true,"href":"https:\/\/www.hediyepazar.com\/index.php?rest_route=%2Fwp%2Fv2%2Fproduct_tag&post=85629"}],"curies":[{"name":"wp","href":"https:\/\/api.w.org\/{rel}","templated":true}]}}