{"id":85907,"date":"2026-04-30T09:45:01","date_gmt":"2026-04-30T12:45:01","guid":{"rendered":"https:\/\/www.hediyepazar.com\/?product=kat-kat-lunch-box-saklama-kabi-royaleks-bnm-4030"},"modified":"2026-04-30T09:45:01","modified_gmt":"2026-04-30T12:45:01","slug":"kat-kat-lunch-box-saklama-kabi-royaleks-bnm-4030","status":"publish","type":"product","link":"https:\/\/www.hediyepazar.com\/?product=kat-kat-lunch-box-saklama-kabi-royaleks-bnm-4030","title":{"rendered":"Kat Kat Lunch Box Saklama Kab\u0131 Royaleks-BNM-4030"},"content":{"rendered":"<table style=\"border-collapse:collapse; width:89pt; border:none\" width=\"119\">\n<colgroup>\n<col style=\"width:89pt\" width=\"119\" \/>\n\t<\/colgroup>\n<tbody>\n<tr height=\"20\" style=\"height:15.0pt\">\n<td height=\"20\" style=\"border:none; height:15.0pt; width:89pt; padding-top:1px; padding-right:1px; padding-left:1px; vertical-align:bottom; white-space:nowrap\" width=\"119\"><span style=\"font-size:11pt\"><span style=\"color:black\"><span style=\"font-weight:400\"><span style=\"font-style:normal\"><span style=\"text-decoration:none\"><span style=\"font-family:Calibri,sans-serif\">Kat Kat Lunch Box Saklama Kab\u0131 Royaleks-BNM-4030 8682655104030<br \/>\n\t\t\tPaket \u0130&ccedil;eri\u011fi : 1 adet&nbsp; Kat Kat Lunch Box Saklama Kab\u0131<br \/>\n\t\t\tRoyaleks-BNM-4030 Kat Kat Lunch Box 3 B&ouml;lmeli Ta\u015f\u0131nabilir Yemek Kab\u0131 &#8211; &Ccedil;atal ve Ka\u015f\u0131kl\u0131<br \/>\n\t\t\tOfis, i\u015f okul, kre\u015f anaokulu piknik ve d\u0131\u015f mekan aktivitelerinde kullan\u0131m i&ccedil;in idealdir.<br \/>\n\t\t\tKolay ta\u015f\u0131nabilirlik i&ccedil;in kulplu tasar\u0131ml\u0131.<br \/>\n\t\t\t3 b&ouml;lmesi sayesinde yemekleri ve at\u0131\u015ft\u0131rmal\u0131klar\u0131 da\u011f\u0131lmadan ayr\u0131 tutar.<br \/>\n\t\t\tKlipsleri ile s\u0131k\u0131ca kapanan sa\u011flam kapaklar sayesinde s\u0131zd\u0131rmazd\u0131r.<br \/>\n\t\t\tK&uuml;&ccedil;&uuml;k Ev saklama kab\u0131 g\u0131dalar\u0131n\u0131z\u0131n lezzetini ve tazeli\u011fini korur.<br \/>\n\t\t\t&Uuml;r&uuml;n &Ouml;l&ccedil;&uuml;leri<br \/>\n\t\t\tTam Boy: 18x9x13 cm , Tek Hazne &Ouml;l&ccedil;&uuml;s&uuml;: 18x9x4 cm , &Ccedil;atal ve Ka\u015f\u0131k &Ouml;l&ccedil;&uuml;s&uuml;: 15 cm<\/span><\/span><\/span><\/span><\/span><\/span><\/td>\n<\/tr>\n<\/tbody>\n<\/table>\n","protected":false},"excerpt":{"rendered":"<p>Kat Kat Lunch Box Saklama Kab\u0131 Royaleks-BNM-4030<\/p>\n","protected":false},"featured_media":85906,"comment_status":"open","ping_status":"closed","template":"","meta":{"_kad_post_transparent":"","_kad_post_title":"","_kad_post_layout":"","_kad_post_sidebar_id":"","_kad_post_content_style":"","_kad_post_vertical_padding":"","_kad_post_feature":"","_kad_post_feature_position":"","_kad_post_header":false,"_kad_post_footer":false,"_kad_post_classname":""},"product_brand":[],"product_cat":[557,602,558],"product_tag":[],"class_list":{"0":"post-85907","1":"product","2":"type-product","3":"status-publish","4":"has-post-thumbnail","6":"product_cat-ev-yasam","7":"product_cat-mutfak-saklama-duzenleme","8":"product_cat-sofra-mutfak-2","10":"first","11":"instock","12":"shipping-taxable","13":"purchasable","14":"product-type-simple","15":"entry","16":"content-bg","17":"loop-entry"},"_links":{"self":[{"href":"https:\/\/www.hediyepazar.com\/index.php?rest_route=\/wp\/v2\/product\/85907","targetHints":{"allow":["GET"]}}],"collection":[{"href":"https:\/\/www.hediyepazar.com\/index.php?rest_route=\/wp\/v2\/product"}],"about":[{"href":"https:\/\/www.hediyepazar.com\/index.php?rest_route=\/wp\/v2\/types\/product"}],"replies":[{"embeddable":true,"href":"https:\/\/www.hediyepazar.com\/index.php?rest_route=%2Fwp%2Fv2%2Fcomments&post=85907"}],"wp:featuredmedia":[{"embeddable":true,"href":"https:\/\/www.hediyepazar.com\/index.php?rest_route=\/wp\/v2\/media\/85906"}],"wp:attachment":[{"href":"https:\/\/www.hediyepazar.com\/index.php?rest_route=%2Fwp%2Fv2%2Fmedia&parent=85907"}],"wp:term":[{"taxonomy":"product_brand","embeddable":true,"href":"https:\/\/www.hediyepazar.com\/index.php?rest_route=%2Fwp%2Fv2%2Fproduct_brand&post=85907"},{"taxonomy":"product_cat","embeddable":true,"href":"https:\/\/www.hediyepazar.com\/index.php?rest_route=%2Fwp%2Fv2%2Fproduct_cat&post=85907"},{"taxonomy":"product_tag","embeddable":true,"href":"https:\/\/www.hediyepazar.com\/index.php?rest_route=%2Fwp%2Fv2%2Fproduct_tag&post=85907"}],"curies":[{"name":"wp","href":"https:\/\/api.w.org\/{rel}","templated":true}]}}