{"id":86012,"date":"2026-04-30T09:52:29","date_gmt":"2026-04-30T12:52:29","guid":{"rendered":"https:\/\/www.hediyepazar.com\/?product=yazlik-ip-askili-kiz-cocuk-elbise-cicek-desenli"},"modified":"2026-04-30T09:52:29","modified_gmt":"2026-04-30T12:52:29","slug":"yazlik-ip-askili-kiz-cocuk-elbise-cicek-desenli","status":"publish","type":"product","link":"https:\/\/www.hediyepazar.com\/?product=yazlik-ip-askili-kiz-cocuk-elbise-cicek-desenli","title":{"rendered":"Yazl\u0131k \u0130p Ask\u0131l\u0131 K\u0131z \u00c7ocuk Elbise \u00c7i\u00e7ek Desenli"},"content":{"rendered":"<p>Yazl\u0131k \u0130p Ask\u0131l\u0131 K\u0131z &Ccedil;ocuk Elbise &Ccedil;i&ccedil;ek Desenli&nbsp;<\/p>\n","protected":false},"excerpt":{"rendered":"<p>Yazl\u0131k \u0130p Ask\u0131l\u0131 K\u0131z \u00c7ocuk Elbise \u00c7i\u00e7ek Desenli<\/p>\n","protected":false},"featured_media":86011,"comment_status":"open","ping_status":"closed","template":"","meta":{"_kad_post_transparent":"","_kad_post_title":"","_kad_post_layout":"","_kad_post_sidebar_id":"","_kad_post_content_style":"","_kad_post_vertical_padding":"","_kad_post_feature":"","_kad_post_feature_position":"","_kad_post_header":false,"_kad_post_footer":false,"_kad_post_classname":""},"product_brand":[],"product_cat":[551,741,457],"product_tag":[],"class_list":{"0":"post-86012","1":"product","2":"type-product","3":"status-publish","4":"has-post-thumbnail","6":"product_cat-cocuk","7":"product_cat-elbise","8":"product_cat-giyim","10":"first","11":"instock","12":"shipping-taxable","13":"purchasable","14":"product-type-simple","15":"entry","16":"content-bg","17":"loop-entry"},"_links":{"self":[{"href":"https:\/\/www.hediyepazar.com\/index.php?rest_route=\/wp\/v2\/product\/86012","targetHints":{"allow":["GET"]}}],"collection":[{"href":"https:\/\/www.hediyepazar.com\/index.php?rest_route=\/wp\/v2\/product"}],"about":[{"href":"https:\/\/www.hediyepazar.com\/index.php?rest_route=\/wp\/v2\/types\/product"}],"replies":[{"embeddable":true,"href":"https:\/\/www.hediyepazar.com\/index.php?rest_route=%2Fwp%2Fv2%2Fcomments&post=86012"}],"wp:featuredmedia":[{"embeddable":true,"href":"https:\/\/www.hediyepazar.com\/index.php?rest_route=\/wp\/v2\/media\/86011"}],"wp:attachment":[{"href":"https:\/\/www.hediyepazar.com\/index.php?rest_route=%2Fwp%2Fv2%2Fmedia&parent=86012"}],"wp:term":[{"taxonomy":"product_brand","embeddable":true,"href":"https:\/\/www.hediyepazar.com\/index.php?rest_route=%2Fwp%2Fv2%2Fproduct_brand&post=86012"},{"taxonomy":"product_cat","embeddable":true,"href":"https:\/\/www.hediyepazar.com\/index.php?rest_route=%2Fwp%2Fv2%2Fproduct_cat&post=86012"},{"taxonomy":"product_tag","embeddable":true,"href":"https:\/\/www.hediyepazar.com\/index.php?rest_route=%2Fwp%2Fv2%2Fproduct_tag&post=86012"}],"curies":[{"name":"wp","href":"https:\/\/api.w.org\/{rel}","templated":true}]}}