{"id":86014,"date":"2026-04-30T09:52:38","date_gmt":"2026-04-30T12:52:38","guid":{"rendered":"https:\/\/www.hediyepazar.com\/?product=yazlik-ip-askili-kiz-cocuk-elbise-hello-kity-desenli"},"modified":"2026-04-30T09:52:38","modified_gmt":"2026-04-30T12:52:38","slug":"yazlik-ip-askili-kiz-cocuk-elbise-hello-kity-desenli","status":"publish","type":"product","link":"https:\/\/www.hediyepazar.com\/?product=yazlik-ip-askili-kiz-cocuk-elbise-hello-kity-desenli","title":{"rendered":"Yazl\u0131k \u0130p Ask\u0131l\u0131 K\u0131z \u00c7ocuk Elbise Hello Kity Desenli"},"content":{"rendered":"<p>Yazl\u0131k \u0130p Ask\u0131l\u0131 K\u0131z &Ccedil;ocuk Elbise Hello Kity Desenli<\/p>\n","protected":false},"excerpt":{"rendered":"<p>Yazl\u0131k \u0130p Ask\u0131l\u0131 K\u0131z \u00c7ocuk Elbise Hello Kity Desenli<\/p>\n","protected":false},"featured_media":86013,"comment_status":"open","ping_status":"closed","template":"","meta":{"_kad_post_transparent":"","_kad_post_title":"","_kad_post_layout":"","_kad_post_sidebar_id":"","_kad_post_content_style":"","_kad_post_vertical_padding":"","_kad_post_feature":"","_kad_post_feature_position":"","_kad_post_header":false,"_kad_post_footer":false,"_kad_post_classname":""},"product_brand":[],"product_cat":[551,741,457],"product_tag":[],"class_list":{"0":"post-86014","1":"product","2":"type-product","3":"status-publish","4":"has-post-thumbnail","6":"product_cat-cocuk","7":"product_cat-elbise","8":"product_cat-giyim","10":"first","11":"instock","12":"shipping-taxable","13":"purchasable","14":"product-type-simple","15":"entry","16":"content-bg","17":"loop-entry"},"_links":{"self":[{"href":"https:\/\/www.hediyepazar.com\/index.php?rest_route=\/wp\/v2\/product\/86014","targetHints":{"allow":["GET"]}}],"collection":[{"href":"https:\/\/www.hediyepazar.com\/index.php?rest_route=\/wp\/v2\/product"}],"about":[{"href":"https:\/\/www.hediyepazar.com\/index.php?rest_route=\/wp\/v2\/types\/product"}],"replies":[{"embeddable":true,"href":"https:\/\/www.hediyepazar.com\/index.php?rest_route=%2Fwp%2Fv2%2Fcomments&post=86014"}],"wp:featuredmedia":[{"embeddable":true,"href":"https:\/\/www.hediyepazar.com\/index.php?rest_route=\/wp\/v2\/media\/86013"}],"wp:attachment":[{"href":"https:\/\/www.hediyepazar.com\/index.php?rest_route=%2Fwp%2Fv2%2Fmedia&parent=86014"}],"wp:term":[{"taxonomy":"product_brand","embeddable":true,"href":"https:\/\/www.hediyepazar.com\/index.php?rest_route=%2Fwp%2Fv2%2Fproduct_brand&post=86014"},{"taxonomy":"product_cat","embeddable":true,"href":"https:\/\/www.hediyepazar.com\/index.php?rest_route=%2Fwp%2Fv2%2Fproduct_cat&post=86014"},{"taxonomy":"product_tag","embeddable":true,"href":"https:\/\/www.hediyepazar.com\/index.php?rest_route=%2Fwp%2Fv2%2Fproduct_tag&post=86014"}],"curies":[{"name":"wp","href":"https:\/\/api.w.org\/{rel}","templated":true}]}}