{"id":86326,"date":"2026-04-30T10:14:27","date_gmt":"2026-04-30T13:14:27","guid":{"rendered":"https:\/\/www.hediyepazar.com\/?product=pelus-ayicik-islemeli-kadin-soket-corap-4-cift"},"modified":"2026-04-30T10:14:27","modified_gmt":"2026-04-30T13:14:27","slug":"pelus-ayicik-islemeli-kadin-soket-corap-4-cift","status":"publish","type":"product","link":"https:\/\/www.hediyepazar.com\/?product=pelus-ayicik-islemeli-kadin-soket-corap-4-cift","title":{"rendered":"Pelu\u015f Ay\u0131c\u0131k \u0130\u015flemeli Kad\u0131n Soket \u00c7orap 4 \u00c7ift"},"content":{"rendered":"<p>Pelu\u015f Ay\u0131c\u0131k \u0130\u015flemeli Kad\u0131n Soket &Ccedil;orap 4 &Ccedil;ift<br \/>\n36-39 numaraya uygundur<br \/>\nPamuklu rahat kad\u0131n i&ccedil; giyim kad\u0131n &ccedil;orab\u0131<br \/>\npelu\u015f i\u015flemeli yumu\u015fak &ccedil;orap<\/p>\n","protected":false},"excerpt":{"rendered":"<p>Pelu\u015f Ay\u0131c\u0131k \u0130\u015flemeli Kad\u0131n Soket \u00c7orap 4 \u00c7ift<\/p>\n","protected":false},"featured_media":86325,"comment_status":"open","ping_status":"closed","template":"","meta":{"_kad_post_transparent":"","_kad_post_title":"","_kad_post_layout":"","_kad_post_sidebar_id":"","_kad_post_content_style":"","_kad_post_vertical_padding":"","_kad_post_feature":"","_kad_post_feature_position":"","_kad_post_header":false,"_kad_post_footer":false,"_kad_post_classname":""},"product_brand":[],"product_cat":[540,538,537],"product_tag":[],"class_list":{"0":"post-86326","1":"product","2":"type-product","3":"status-publish","4":"has-post-thumbnail","6":"product_cat-corap","7":"product_cat-ic-giyim","8":"product_cat-kadin","10":"first","11":"instock","12":"shipping-taxable","13":"purchasable","14":"product-type-simple","15":"entry","16":"content-bg","17":"loop-entry"},"_links":{"self":[{"href":"https:\/\/www.hediyepazar.com\/index.php?rest_route=\/wp\/v2\/product\/86326","targetHints":{"allow":["GET"]}}],"collection":[{"href":"https:\/\/www.hediyepazar.com\/index.php?rest_route=\/wp\/v2\/product"}],"about":[{"href":"https:\/\/www.hediyepazar.com\/index.php?rest_route=\/wp\/v2\/types\/product"}],"replies":[{"embeddable":true,"href":"https:\/\/www.hediyepazar.com\/index.php?rest_route=%2Fwp%2Fv2%2Fcomments&post=86326"}],"wp:featuredmedia":[{"embeddable":true,"href":"https:\/\/www.hediyepazar.com\/index.php?rest_route=\/wp\/v2\/media\/86325"}],"wp:attachment":[{"href":"https:\/\/www.hediyepazar.com\/index.php?rest_route=%2Fwp%2Fv2%2Fmedia&parent=86326"}],"wp:term":[{"taxonomy":"product_brand","embeddable":true,"href":"https:\/\/www.hediyepazar.com\/index.php?rest_route=%2Fwp%2Fv2%2Fproduct_brand&post=86326"},{"taxonomy":"product_cat","embeddable":true,"href":"https:\/\/www.hediyepazar.com\/index.php?rest_route=%2Fwp%2Fv2%2Fproduct_cat&post=86326"},{"taxonomy":"product_tag","embeddable":true,"href":"https:\/\/www.hediyepazar.com\/index.php?rest_route=%2Fwp%2Fv2%2Fproduct_tag&post=86326"}],"curies":[{"name":"wp","href":"https:\/\/api.w.org\/{rel}","templated":true}]}}