{"id":86434,"date":"2026-04-30T10:24:37","date_gmt":"2026-04-30T13:24:37","guid":{"rendered":"https:\/\/www.hediyepazar.com\/?product=11-parca-2-kisilik-piknik-seti-royaleks-dp-22-3"},"modified":"2026-04-30T10:24:37","modified_gmt":"2026-04-30T13:24:37","slug":"11-parca-2-kisilik-piknik-seti-royaleks-dp-22-3","status":"publish","type":"product","link":"https:\/\/www.hediyepazar.com\/?product=11-parca-2-kisilik-piknik-seti-royaleks-dp-22-3","title":{"rendered":"11 Par\u00e7a 2 Ki\u015filik Piknik Seti Royaleks-DP-22\/3"},"content":{"rendered":"<table style=\"border-collapse:collapse; width:89pt; border:none\" width=\"119\">\n<colgroup>\n<col style=\"width:89pt\" width=\"119\" \/>\n\t<\/colgroup>\n<tbody>\n<tr height=\"20\" style=\"height:15.0pt\">\n<td height=\"20\" style=\"border:none; height:15.0pt; width:89pt; padding-top:1px; padding-right:1px; padding-left:1px; vertical-align:bottom; white-space:nowrap\" width=\"119\"><span style=\"font-size:11pt\"><span style=\"color:black\"><span style=\"font-weight:400\"><span style=\"font-style:normal\"><span style=\"text-decoration:none\"><span style=\"font-family:Calibri,sans-serif\">11 Par&ccedil;a 2 Ki\u015filik Piknik Seti Royaleks-DP-22\/3 8699690480432<br \/>\n\t\t\tPaket \u0130&ccedil;eri\u011fi : 1 adet&nbsp; 11 Par&ccedil;a 2 Ki\u015filik Piknik Seti Royaleks-DP-22\/3<\/span><\/span><\/span><\/span><\/span><\/span><\/td>\n<\/tr>\n<\/tbody>\n<\/table>\n","protected":false},"excerpt":{"rendered":"<p>11 Par\u00e7a 2 Ki\u015filik Piknik Seti Royaleks-DP-22\/3<\/p>\n","protected":false},"featured_media":86433,"comment_status":"open","ping_status":"closed","template":"","meta":{"_kad_post_transparent":"","_kad_post_title":"","_kad_post_layout":"","_kad_post_sidebar_id":"","_kad_post_content_style":"","_kad_post_vertical_padding":"","_kad_post_feature":"","_kad_post_feature_position":"","_kad_post_header":false,"_kad_post_footer":false,"_kad_post_classname":""},"product_brand":[],"product_cat":[638,557,639],"product_tag":[],"class_list":{"0":"post-86434","1":"product","2":"type-product","3":"status-publish","4":"has-post-thumbnail","6":"product_cat-bahce","7":"product_cat-ev-yasam","8":"product_cat-mangal-ve-barbeku","10":"first","11":"instock","12":"shipping-taxable","13":"purchasable","14":"product-type-simple","15":"entry","16":"content-bg","17":"loop-entry"},"_links":{"self":[{"href":"https:\/\/www.hediyepazar.com\/index.php?rest_route=\/wp\/v2\/product\/86434","targetHints":{"allow":["GET"]}}],"collection":[{"href":"https:\/\/www.hediyepazar.com\/index.php?rest_route=\/wp\/v2\/product"}],"about":[{"href":"https:\/\/www.hediyepazar.com\/index.php?rest_route=\/wp\/v2\/types\/product"}],"replies":[{"embeddable":true,"href":"https:\/\/www.hediyepazar.com\/index.php?rest_route=%2Fwp%2Fv2%2Fcomments&post=86434"}],"wp:featuredmedia":[{"embeddable":true,"href":"https:\/\/www.hediyepazar.com\/index.php?rest_route=\/wp\/v2\/media\/86433"}],"wp:attachment":[{"href":"https:\/\/www.hediyepazar.com\/index.php?rest_route=%2Fwp%2Fv2%2Fmedia&parent=86434"}],"wp:term":[{"taxonomy":"product_brand","embeddable":true,"href":"https:\/\/www.hediyepazar.com\/index.php?rest_route=%2Fwp%2Fv2%2Fproduct_brand&post=86434"},{"taxonomy":"product_cat","embeddable":true,"href":"https:\/\/www.hediyepazar.com\/index.php?rest_route=%2Fwp%2Fv2%2Fproduct_cat&post=86434"},{"taxonomy":"product_tag","embeddable":true,"href":"https:\/\/www.hediyepazar.com\/index.php?rest_route=%2Fwp%2Fv2%2Fproduct_tag&post=86434"}],"curies":[{"name":"wp","href":"https:\/\/api.w.org\/{rel}","templated":true}]}}