{"id":86650,"date":"2026-04-30T10:39:44","date_gmt":"2026-04-30T13:39:44","guid":{"rendered":"https:\/\/www.hediyepazar.com\/?product=5-parca-silikon-kasik-ve-servis-takimi-20-cm"},"modified":"2026-04-30T10:39:44","modified_gmt":"2026-04-30T13:39:44","slug":"5-parca-silikon-kasik-ve-servis-takimi-20-cm","status":"publish","type":"product","link":"https:\/\/www.hediyepazar.com\/?product=5-parca-silikon-kasik-ve-servis-takimi-20-cm","title":{"rendered":"5 par\u00e7a Silikon Ka\u015f\u0131k ve Servis Tak\u0131m\u0131 20 cm"},"content":{"rendered":"<p>5 par&ccedil;a Silikon Ka\u015f\u0131k ve Servis Tak\u0131m\u0131 20 cm<\/p>\n","protected":false},"excerpt":{"rendered":"<p>5 par\u00e7a Silikon Ka\u015f\u0131k ve Servis Tak\u0131m\u0131 20 cm<\/p>\n","protected":false},"featured_media":86649,"comment_status":"open","ping_status":"closed","template":"","meta":{"_kad_post_transparent":"","_kad_post_title":"","_kad_post_layout":"","_kad_post_sidebar_id":"","_kad_post_content_style":"","_kad_post_vertical_padding":"","_kad_post_feature":"","_kad_post_feature_position":"","_kad_post_header":false,"_kad_post_footer":false,"_kad_post_classname":""},"product_brand":[],"product_cat":[609,610,570],"product_tag":[],"class_list":{"0":"post-86650","1":"product","2":"type-product","3":"status-publish","4":"has-post-thumbnail","6":"product_cat-ev-bakim-ve-temizlik","7":"product_cat-mutfak-sarf-malzemeleri","8":"product_cat-supermarket","10":"first","11":"instock","12":"shipping-taxable","13":"purchasable","14":"product-type-simple","15":"entry","16":"content-bg","17":"loop-entry"},"_links":{"self":[{"href":"https:\/\/www.hediyepazar.com\/index.php?rest_route=\/wp\/v2\/product\/86650","targetHints":{"allow":["GET"]}}],"collection":[{"href":"https:\/\/www.hediyepazar.com\/index.php?rest_route=\/wp\/v2\/product"}],"about":[{"href":"https:\/\/www.hediyepazar.com\/index.php?rest_route=\/wp\/v2\/types\/product"}],"replies":[{"embeddable":true,"href":"https:\/\/www.hediyepazar.com\/index.php?rest_route=%2Fwp%2Fv2%2Fcomments&post=86650"}],"wp:featuredmedia":[{"embeddable":true,"href":"https:\/\/www.hediyepazar.com\/index.php?rest_route=\/wp\/v2\/media\/86649"}],"wp:attachment":[{"href":"https:\/\/www.hediyepazar.com\/index.php?rest_route=%2Fwp%2Fv2%2Fmedia&parent=86650"}],"wp:term":[{"taxonomy":"product_brand","embeddable":true,"href":"https:\/\/www.hediyepazar.com\/index.php?rest_route=%2Fwp%2Fv2%2Fproduct_brand&post=86650"},{"taxonomy":"product_cat","embeddable":true,"href":"https:\/\/www.hediyepazar.com\/index.php?rest_route=%2Fwp%2Fv2%2Fproduct_cat&post=86650"},{"taxonomy":"product_tag","embeddable":true,"href":"https:\/\/www.hediyepazar.com\/index.php?rest_route=%2Fwp%2Fv2%2Fproduct_tag&post=86650"}],"curies":[{"name":"wp","href":"https:\/\/api.w.org\/{rel}","templated":true}]}}