{"id":86938,"date":"2026-04-30T11:13:24","date_gmt":"2026-04-30T14:13:24","guid":{"rendered":"https:\/\/www.hediyepazar.com\/?product=arcelik-941-supurge-hortum-royaleks-70161"},"modified":"2026-04-30T11:13:24","modified_gmt":"2026-04-30T14:13:24","slug":"arcelik-941-supurge-hortum-royaleks-70161","status":"publish","type":"product","link":"https:\/\/www.hediyepazar.com\/?product=arcelik-941-supurge-hortum-royaleks-70161","title":{"rendered":"Ar\u00e7elik 941 S\u00fcp\u00fcrge Hortum Royaleks-70161"},"content":{"rendered":"<table style=\"border-collapse:collapse; width:89pt; border:none\" width=\"119\">\n<colgroup>\n<col style=\"width:89pt\" width=\"119\" \/>\n\t<\/colgroup>\n<tbody>\n<tr height=\"19\" style=\"height:14.25pt\">\n<td height=\"19\" style=\"border:none; height:14.25pt; width:89pt; padding-top:1px; padding-right:1px; padding-left:1px; vertical-align:bottom; white-space:nowrap\" width=\"119\"><span style=\"font-size:11pt\"><span style=\"color:black\"><span style=\"font-weight:400\"><span style=\"font-style:normal\"><span style=\"text-decoration:none\"><span style=\"font-family:Calibri,sans-serif\">Ar&ccedil;elik 941 S&uuml;p&uuml;rge Hortum Royaleks-70161 8697416170049<br \/>\n\t\t\tPaket \u0130&ccedil;eri\u011fi : 1 adet&nbsp; Ar&ccedil;elik 941 S&uuml;p&uuml;rge Hortum Royaleks-70161<\/span><\/span><\/span><\/span><\/span><\/span><\/td>\n<\/tr>\n<\/tbody>\n<\/table>\n","protected":false},"excerpt":{"rendered":"<p>Ar\u00e7elik 941 S\u00fcp\u00fcrge Hortum Royaleks-70161<\/p>\n","protected":false},"featured_media":86937,"comment_status":"open","ping_status":"closed","template":"","meta":{"_kad_post_transparent":"","_kad_post_title":"","_kad_post_layout":"","_kad_post_sidebar_id":"","_kad_post_content_style":"","_kad_post_vertical_padding":"","_kad_post_feature":"","_kad_post_feature_position":"","_kad_post_header":false,"_kad_post_footer":false,"_kad_post_classname":""},"product_brand":[],"product_cat":[596,449,597],"product_tag":[],"class_list":{"0":"post-86938","1":"product","2":"type-product","3":"status-publish","4":"has-post-thumbnail","6":"product_cat-elektrikli-ev-aletleri-2","7":"product_cat-elektronik","8":"product_cat-ev-aletleri-yedek-parca","10":"first","11":"instock","12":"shipping-taxable","13":"purchasable","14":"product-type-simple","15":"entry","16":"content-bg","17":"loop-entry"},"_links":{"self":[{"href":"https:\/\/www.hediyepazar.com\/index.php?rest_route=\/wp\/v2\/product\/86938","targetHints":{"allow":["GET"]}}],"collection":[{"href":"https:\/\/www.hediyepazar.com\/index.php?rest_route=\/wp\/v2\/product"}],"about":[{"href":"https:\/\/www.hediyepazar.com\/index.php?rest_route=\/wp\/v2\/types\/product"}],"replies":[{"embeddable":true,"href":"https:\/\/www.hediyepazar.com\/index.php?rest_route=%2Fwp%2Fv2%2Fcomments&post=86938"}],"wp:featuredmedia":[{"embeddable":true,"href":"https:\/\/www.hediyepazar.com\/index.php?rest_route=\/wp\/v2\/media\/86937"}],"wp:attachment":[{"href":"https:\/\/www.hediyepazar.com\/index.php?rest_route=%2Fwp%2Fv2%2Fmedia&parent=86938"}],"wp:term":[{"taxonomy":"product_brand","embeddable":true,"href":"https:\/\/www.hediyepazar.com\/index.php?rest_route=%2Fwp%2Fv2%2Fproduct_brand&post=86938"},{"taxonomy":"product_cat","embeddable":true,"href":"https:\/\/www.hediyepazar.com\/index.php?rest_route=%2Fwp%2Fv2%2Fproduct_cat&post=86938"},{"taxonomy":"product_tag","embeddable":true,"href":"https:\/\/www.hediyepazar.com\/index.php?rest_route=%2Fwp%2Fv2%2Fproduct_tag&post=86938"}],"curies":[{"name":"wp","href":"https:\/\/api.w.org\/{rel}","templated":true}]}}