{"id":8734,"date":"2026-04-26T07:15:44","date_gmt":"2026-04-26T10:15:44","guid":{"rendered":"https:\/\/www.hediyepazar.com\/?product=hey-lg-simplink-tuslu-akb73715686-lcd-led-tv-kumanda-4013911288"},"modified":"2026-04-26T07:15:47","modified_gmt":"2026-04-26T10:15:47","slug":"hey-lg-simplink-tuslu-akb73715686-lcd-led-tv-kumanda-4013911288","status":"publish","type":"product","link":"https:\/\/www.hediyepazar.com\/?product=hey-lg-simplink-tuslu-akb73715686-lcd-led-tv-kumanda-4013911288","title":{"rendered":"Hey Lg S\u0131mpl\u0131nk Tu\u015flu Akb73715686 Lcd Led Tv Kumanda  (40139=11288)"},"content":{"rendered":"<p>Hey Lg S\u0131mpl\u0131nk Tu\u015flu Akb73715686 Lcd Led Tv Kumanda  (40139=11288)<\/p>\n","protected":false},"excerpt":{"rendered":"<p>Hey Lg S\u0131mpl\u0131nk Tu\u015flu Akb73715686 Lcd Led Tv Kumanda (40139=11288)<\/p>\n","protected":false},"featured_media":8735,"comment_status":"closed","ping_status":"open","template":"","meta":{"_kad_post_transparent":"","_kad_post_title":"","_kad_post_layout":"","_kad_post_sidebar_id":"","_kad_post_content_style":"","_kad_post_vertical_padding":"","_kad_post_feature":"","_kad_post_feature_position":"","_kad_post_header":false,"_kad_post_footer":false,"_kad_post_classname":""},"product_brand":[],"product_cat":[306],"product_tag":[],"class_list":{"0":"post-8734","1":"product","2":"type-product","3":"status-publish","4":"has-post-thumbnail","6":"product_cat-uzaktan-kumanda-televizyon-ve-video-kumandalari","8":"first","9":"instock","10":"purchasable","11":"product-type-simple","12":"entry","13":"content-bg","14":"loop-entry"},"_links":{"self":[{"href":"https:\/\/www.hediyepazar.com\/index.php?rest_route=\/wp\/v2\/product\/8734","targetHints":{"allow":["GET"]}}],"collection":[{"href":"https:\/\/www.hediyepazar.com\/index.php?rest_route=\/wp\/v2\/product"}],"about":[{"href":"https:\/\/www.hediyepazar.com\/index.php?rest_route=\/wp\/v2\/types\/product"}],"replies":[{"embeddable":true,"href":"https:\/\/www.hediyepazar.com\/index.php?rest_route=%2Fwp%2Fv2%2Fcomments&post=8734"}],"wp:featuredmedia":[{"embeddable":true,"href":"https:\/\/www.hediyepazar.com\/index.php?rest_route=\/wp\/v2\/media\/8735"}],"wp:attachment":[{"href":"https:\/\/www.hediyepazar.com\/index.php?rest_route=%2Fwp%2Fv2%2Fmedia&parent=8734"}],"wp:term":[{"taxonomy":"product_brand","embeddable":true,"href":"https:\/\/www.hediyepazar.com\/index.php?rest_route=%2Fwp%2Fv2%2Fproduct_brand&post=8734"},{"taxonomy":"product_cat","embeddable":true,"href":"https:\/\/www.hediyepazar.com\/index.php?rest_route=%2Fwp%2Fv2%2Fproduct_cat&post=8734"},{"taxonomy":"product_tag","embeddable":true,"href":"https:\/\/www.hediyepazar.com\/index.php?rest_route=%2Fwp%2Fv2%2Fproduct_tag&post=8734"}],"curies":[{"name":"wp","href":"https:\/\/api.w.org\/{rel}","templated":true}]}}