{"id":88309,"date":"2026-04-30T13:17:22","date_gmt":"2026-04-30T16:17:22","guid":{"rendered":"https:\/\/www.hediyepazar.com\/?product=pamuklu-genis-kenarli-likrali-desenli-bato-kadin-kulot-desen-3"},"modified":"2026-04-30T13:17:22","modified_gmt":"2026-04-30T16:17:22","slug":"pamuklu-genis-kenarli-likrali-desenli-bato-kadin-kulot-desen-3","status":"publish","type":"product","link":"https:\/\/www.hediyepazar.com\/?product=pamuklu-genis-kenarli-likrali-desenli-bato-kadin-kulot-desen-3","title":{"rendered":"Pamuklu Geni\u015f Kenarl\u0131 Likral\u0131 Desenli Bato Kad\u0131n K\u00fclot Desen 3"},"content":{"rendered":"<p><span style=\"font-size:18px;\">Pamuklu kuma\u015ftan &uuml;retilmi\u015ftir.<br \/>\nSa\u011fl\u0131\u011f\u0131n\u0131z i&ccedil;in en faydal\u0131 doku pamuk sayesinde teniniz nefes alacak hareket kabiliyetiniz artacakt\u0131r.<br \/>\nDokusu yumu\u015fac\u0131kt\u0131r ve olduk&ccedil;a rahatt\u0131r.<\/span><\/p>\n","protected":false},"excerpt":{"rendered":"<p>Pamuklu Geni\u015f Kenarl\u0131 Likral\u0131 Desenli Bato Kad\u0131n K\u00fclot Desen 3<\/p>\n","protected":false},"featured_media":88308,"comment_status":"open","ping_status":"closed","template":"","meta":{"_kad_post_transparent":"","_kad_post_title":"","_kad_post_layout":"","_kad_post_sidebar_id":"","_kad_post_content_style":"","_kad_post_vertical_padding":"","_kad_post_feature":"","_kad_post_feature_position":"","_kad_post_header":false,"_kad_post_footer":false,"_kad_post_classname":""},"product_brand":[],"product_cat":[538,537,539],"product_tag":[],"class_list":{"0":"post-88309","1":"product","2":"type-product","3":"status-publish","4":"has-post-thumbnail","6":"product_cat-ic-giyim","7":"product_cat-kadin","8":"product_cat-kulot","10":"first","11":"instock","12":"shipping-taxable","13":"purchasable","14":"product-type-simple","15":"entry","16":"content-bg","17":"loop-entry"},"_links":{"self":[{"href":"https:\/\/www.hediyepazar.com\/index.php?rest_route=\/wp\/v2\/product\/88309","targetHints":{"allow":["GET"]}}],"collection":[{"href":"https:\/\/www.hediyepazar.com\/index.php?rest_route=\/wp\/v2\/product"}],"about":[{"href":"https:\/\/www.hediyepazar.com\/index.php?rest_route=\/wp\/v2\/types\/product"}],"replies":[{"embeddable":true,"href":"https:\/\/www.hediyepazar.com\/index.php?rest_route=%2Fwp%2Fv2%2Fcomments&post=88309"}],"wp:featuredmedia":[{"embeddable":true,"href":"https:\/\/www.hediyepazar.com\/index.php?rest_route=\/wp\/v2\/media\/88308"}],"wp:attachment":[{"href":"https:\/\/www.hediyepazar.com\/index.php?rest_route=%2Fwp%2Fv2%2Fmedia&parent=88309"}],"wp:term":[{"taxonomy":"product_brand","embeddable":true,"href":"https:\/\/www.hediyepazar.com\/index.php?rest_route=%2Fwp%2Fv2%2Fproduct_brand&post=88309"},{"taxonomy":"product_cat","embeddable":true,"href":"https:\/\/www.hediyepazar.com\/index.php?rest_route=%2Fwp%2Fv2%2Fproduct_cat&post=88309"},{"taxonomy":"product_tag","embeddable":true,"href":"https:\/\/www.hediyepazar.com\/index.php?rest_route=%2Fwp%2Fv2%2Fproduct_tag&post=88309"}],"curies":[{"name":"wp","href":"https:\/\/api.w.org\/{rel}","templated":true}]}}