{"id":89055,"date":"2026-04-30T14:03:26","date_gmt":"2026-04-30T17:03:26","guid":{"rendered":"https:\/\/www.hediyepazar.com\/?product=buyuk-sapli-spatula-bicak-royaleks-brns31013"},"modified":"2026-04-30T14:03:26","modified_gmt":"2026-04-30T17:03:26","slug":"buyuk-sapli-spatula-bicak-royaleks-brns31013","status":"publish","type":"product","link":"https:\/\/www.hediyepazar.com\/?product=buyuk-sapli-spatula-bicak-royaleks-brns31013","title":{"rendered":"B\u00fcy\u00fck Sapl\u0131 Spatula B\u0131\u00e7ak Royaleks-BRNS31013"},"content":{"rendered":"<table style=\"border-collapse:collapse; width:179pt; border:none\" width=\"239\">\n<colgroup>\n<col style=\"width:179pt\" width=\"239\" \/>\n\t<\/colgroup>\n<tbody>\n<tr height=\"18\" style=\"height:13.5pt\">\n<td height=\"18\" style=\"border:none; height:13.5pt; width:179pt; padding-top:1px; padding-right:1px; padding-left:1px; vertical-align:bottom; white-space:nowrap\" width=\"239\"><span style=\"font-size:11pt\"><span style=\"color:black\"><span style=\"font-weight:400\"><span style=\"font-style:normal\"><span style=\"text-decoration:none\"><span style=\"font-family:Calibri,sans-serif\">B&uuml;y&uuml;k Sapl\u0131 Spatula B\u0131&ccedil;ak Royaleks-BRNS31013 8682013310134 Paket \u0130&ccedil;eri\u011fi : 1 Adet&nbsp;<\/span><\/span><\/span><\/span><\/span><\/span><\/td>\n<\/tr>\n<\/tbody>\n<\/table>\n","protected":false},"excerpt":{"rendered":"<p>B\u00fcy\u00fck Sapl\u0131 Spatula B\u0131\u00e7ak Royaleks-BRNS31013<\/p>\n","protected":false},"featured_media":89054,"comment_status":"open","ping_status":"closed","template":"","meta":{"_kad_post_transparent":"","_kad_post_title":"","_kad_post_layout":"","_kad_post_sidebar_id":"","_kad_post_content_style":"","_kad_post_vertical_padding":"","_kad_post_feature":"","_kad_post_feature_position":"","_kad_post_header":false,"_kad_post_footer":false,"_kad_post_classname":""},"product_brand":[],"product_cat":[557,559,558],"product_tag":[],"class_list":{"0":"post-89055","1":"product","2":"type-product","3":"status-publish","4":"has-post-thumbnail","6":"product_cat-ev-yasam","7":"product_cat-sofra","8":"product_cat-sofra-mutfak-2","10":"first","11":"instock","12":"shipping-taxable","13":"purchasable","14":"product-type-simple","15":"entry","16":"content-bg","17":"loop-entry"},"_links":{"self":[{"href":"https:\/\/www.hediyepazar.com\/index.php?rest_route=\/wp\/v2\/product\/89055","targetHints":{"allow":["GET"]}}],"collection":[{"href":"https:\/\/www.hediyepazar.com\/index.php?rest_route=\/wp\/v2\/product"}],"about":[{"href":"https:\/\/www.hediyepazar.com\/index.php?rest_route=\/wp\/v2\/types\/product"}],"replies":[{"embeddable":true,"href":"https:\/\/www.hediyepazar.com\/index.php?rest_route=%2Fwp%2Fv2%2Fcomments&post=89055"}],"wp:featuredmedia":[{"embeddable":true,"href":"https:\/\/www.hediyepazar.com\/index.php?rest_route=\/wp\/v2\/media\/89054"}],"wp:attachment":[{"href":"https:\/\/www.hediyepazar.com\/index.php?rest_route=%2Fwp%2Fv2%2Fmedia&parent=89055"}],"wp:term":[{"taxonomy":"product_brand","embeddable":true,"href":"https:\/\/www.hediyepazar.com\/index.php?rest_route=%2Fwp%2Fv2%2Fproduct_brand&post=89055"},{"taxonomy":"product_cat","embeddable":true,"href":"https:\/\/www.hediyepazar.com\/index.php?rest_route=%2Fwp%2Fv2%2Fproduct_cat&post=89055"},{"taxonomy":"product_tag","embeddable":true,"href":"https:\/\/www.hediyepazar.com\/index.php?rest_route=%2Fwp%2Fv2%2Fproduct_tag&post=89055"}],"curies":[{"name":"wp","href":"https:\/\/api.w.org\/{rel}","templated":true}]}}