{"id":89549,"date":"2026-04-30T14:25:17","date_gmt":"2026-04-30T17:25:17","guid":{"rendered":"https:\/\/www.hediyepazar.com\/?product=fantastik-30lu-stick-bromelainli-bitkisel-toz-cay"},"modified":"2026-04-30T14:25:17","modified_gmt":"2026-04-30T17:25:17","slug":"fantastik-30lu-stick-bromelainli-bitkisel-toz-cay","status":"publish","type":"product","link":"https:\/\/www.hediyepazar.com\/?product=fantastik-30lu-stick-bromelainli-bitkisel-toz-cay","title":{"rendered":"Fantastik 30\u2019lu Stick Bromelainli Bitkisel Toz \u00c7ay"},"content":{"rendered":"<p><span style=\"font-size:18px;\">Fantastik 30&rsquo;lu Stick Bromelainli Bitkisel Toz &Ccedil;ay<\/p>\n<p>\u0130&ccedil;erik<br \/>\nBromelain,&nbsp;Ananas Aromas\u0131,&nbsp;Kurt &Uuml;z&uuml;m&uuml;,&nbsp;Lyclum,&nbsp;Barbarum,&nbsp;Akdiken,&nbsp;Chia Tohumu,&nbsp;Biberiye,&nbsp;Sandaroz,&nbsp;Kitre,&nbsp;\u015eahtere,&nbsp;Funda Yapra\u011f\u0131,&nbsp;Sinameki,&nbsp;Rezene,&nbsp;Defne Yapra\u011f\u0131,&nbsp;Anason,&nbsp;Portakal,&nbsp;Kekik,&nbsp;Mersin Yapra\u011f\u0131,&nbsp;Papatya,&nbsp;Ananas Yapra\u011f\u0131,&nbsp;Ard\u0131&ccedil; Tohumu<\/span><\/p>\n","protected":false},"excerpt":{"rendered":"<p>Fantastik 30\u2019lu Stick Bromelainli Bitkisel Toz \u00c7ay<\/p>\n","protected":false},"featured_media":89548,"comment_status":"open","ping_status":"closed","template":"","meta":{"_kad_post_transparent":"","_kad_post_title":"","_kad_post_layout":"","_kad_post_sidebar_id":"","_kad_post_content_style":"","_kad_post_vertical_padding":"","_kad_post_feature":"","_kad_post_feature_position":"","_kad_post_header":false,"_kad_post_footer":false,"_kad_post_classname":""},"product_brand":[],"product_cat":[627,625,692],"product_tag":[],"class_list":{"0":"post-89549","1":"product","2":"type-product","3":"status-publish","4":"has-post-thumbnail","6":"product_cat-bitki-cayi","7":"product_cat-bitkisel-organik","8":"product_cat-diger-bitki-caylari","10":"first","11":"instock","12":"shipping-taxable","13":"purchasable","14":"product-type-simple","15":"entry","16":"content-bg","17":"loop-entry"},"_links":{"self":[{"href":"https:\/\/www.hediyepazar.com\/index.php?rest_route=\/wp\/v2\/product\/89549","targetHints":{"allow":["GET"]}}],"collection":[{"href":"https:\/\/www.hediyepazar.com\/index.php?rest_route=\/wp\/v2\/product"}],"about":[{"href":"https:\/\/www.hediyepazar.com\/index.php?rest_route=\/wp\/v2\/types\/product"}],"replies":[{"embeddable":true,"href":"https:\/\/www.hediyepazar.com\/index.php?rest_route=%2Fwp%2Fv2%2Fcomments&post=89549"}],"wp:featuredmedia":[{"embeddable":true,"href":"https:\/\/www.hediyepazar.com\/index.php?rest_route=\/wp\/v2\/media\/89548"}],"wp:attachment":[{"href":"https:\/\/www.hediyepazar.com\/index.php?rest_route=%2Fwp%2Fv2%2Fmedia&parent=89549"}],"wp:term":[{"taxonomy":"product_brand","embeddable":true,"href":"https:\/\/www.hediyepazar.com\/index.php?rest_route=%2Fwp%2Fv2%2Fproduct_brand&post=89549"},{"taxonomy":"product_cat","embeddable":true,"href":"https:\/\/www.hediyepazar.com\/index.php?rest_route=%2Fwp%2Fv2%2Fproduct_cat&post=89549"},{"taxonomy":"product_tag","embeddable":true,"href":"https:\/\/www.hediyepazar.com\/index.php?rest_route=%2Fwp%2Fv2%2Fproduct_tag&post=89549"}],"curies":[{"name":"wp","href":"https:\/\/api.w.org\/{rel}","templated":true}]}}