{"id":90578,"date":"2026-04-30T15:39:12","date_gmt":"2026-04-30T18:39:12","guid":{"rendered":"https:\/\/www.hediyepazar.com\/?product=kadin-kislik-termal-sicak-tutan-iclik-tayt-siyah-kbr"},"modified":"2026-04-30T15:39:12","modified_gmt":"2026-04-30T18:39:12","slug":"kadin-kislik-termal-sicak-tutan-iclik-tayt-siyah-kbr","status":"publish","type":"product","link":"https:\/\/www.hediyepazar.com\/?product=kadin-kislik-termal-sicak-tutan-iclik-tayt-siyah-kbr","title":{"rendered":"Kad\u0131n K\u0131\u015fl\u0131k Termal S\u0131cak Tutan \u0130\u00e7lik Tayt Siyah KBR"},"content":{"rendered":"<table style=\"border-collapse:collapse; width:125pt; border:none\" width=\"167\">\n<colgroup>\n<col style=\"width:125pt\" width=\"167\">\n\t<\/colgroup>\n<tbody>\n<tr height=\"21\" style=\"height:15.75pt\">\n<td class=\"xl64\" height=\"21\" style=\"border:none; height:15.75pt; width:125pt; white-space:nowrap; padding-top:1px; padding-right:1px; padding-left:1px; vertical-align:bottom\" width=\"167\"><span style=\"font-size:11pt\"><span style=\"color:black\"><span style=\"font-weight:400\"><span style=\"font-style:normal\"><span style=\"text-decoration:none\"><span style=\"font-family:Calibri,sans-serif\">&nbsp;Kad\u0131n K\u0131\u015fl\u0131k Termal S\u0131cak Tutan \u0130\u00e7lik Tayt<br \/>\n\t\t\tSo\u011fuk k\u0131\u015f aylar\u0131nda termal dokusu sayesinde s\u0131cac\u0131k tutar.<br \/>\n\t\t\t\u0130nce yap\u0131s\u0131 ile v\u00fccudu rahats\u0131z etmez ve \u0131s\u0131 koruyucu \u00f6zelli\u011fi sayesinde s\u0131cac\u0131k ve tutar.<br \/>\n\t\t\tG\u00fcnl\u00fck k\u0131yafetlerinizin alt\u0131na i\u00e7lik olarak kullan\u0131ld\u0131\u011f\u0131 gibi ev, ofis ve \u015fehirleraras\u0131 seyahatlerde \u00fc\u015f\u00fctmez ve v\u00fccut \u0131s\u0131n\u0131z\u0131 dengeler.<br \/>\n\t\t\tAni s\u0131cakl\u0131k de\u011fi\u015fikliklerini bloke ederek \u00fc\u015f\u00fcme hissini \u00f6nler.<br \/>\n\t\t\tThermo cool \u00f6zelli\u011fi sayesinde mevsim ne olursa olsun \u00fcst\u00fcn konfor sunar.<\/span><\/span><\/span><\/span><\/span><\/span><\/td>\n<\/tr>\n<\/tbody>\n<\/table>\n","protected":false},"excerpt":{"rendered":"<p>Kad\u0131n K\u0131\u015fl\u0131k Termal S\u0131cak Tutan \u0130\u00e7lik Tayt<\/p>\n","protected":false},"featured_media":72667,"comment_status":"open","ping_status":"closed","template":"","meta":{"_kad_post_transparent":"","_kad_post_title":"","_kad_post_layout":"","_kad_post_sidebar_id":"","_kad_post_content_style":"","_kad_post_vertical_padding":"","_kad_post_feature":"","_kad_post_feature_position":"","_kad_post_header":false,"_kad_post_footer":false,"_kad_post_classname":""},"product_brand":[],"product_cat":[457,537,567],"product_tag":[],"class_list":{"0":"post-90578","1":"product","2":"type-product","3":"status-publish","4":"has-post-thumbnail","6":"product_cat-giyim","7":"product_cat-kadin","8":"product_cat-termal-giyim","10":"first","11":"instock","12":"shipping-taxable","13":"purchasable","14":"product-type-simple","15":"entry","16":"content-bg","17":"loop-entry"},"_links":{"self":[{"href":"https:\/\/www.hediyepazar.com\/index.php?rest_route=\/wp\/v2\/product\/90578","targetHints":{"allow":["GET"]}}],"collection":[{"href":"https:\/\/www.hediyepazar.com\/index.php?rest_route=\/wp\/v2\/product"}],"about":[{"href":"https:\/\/www.hediyepazar.com\/index.php?rest_route=\/wp\/v2\/types\/product"}],"replies":[{"embeddable":true,"href":"https:\/\/www.hediyepazar.com\/index.php?rest_route=%2Fwp%2Fv2%2Fcomments&post=90578"}],"wp:featuredmedia":[{"embeddable":true,"href":"https:\/\/www.hediyepazar.com\/index.php?rest_route=\/wp\/v2\/media\/72667"}],"wp:attachment":[{"href":"https:\/\/www.hediyepazar.com\/index.php?rest_route=%2Fwp%2Fv2%2Fmedia&parent=90578"}],"wp:term":[{"taxonomy":"product_brand","embeddable":true,"href":"https:\/\/www.hediyepazar.com\/index.php?rest_route=%2Fwp%2Fv2%2Fproduct_brand&post=90578"},{"taxonomy":"product_cat","embeddable":true,"href":"https:\/\/www.hediyepazar.com\/index.php?rest_route=%2Fwp%2Fv2%2Fproduct_cat&post=90578"},{"taxonomy":"product_tag","embeddable":true,"href":"https:\/\/www.hediyepazar.com\/index.php?rest_route=%2Fwp%2Fv2%2Fproduct_tag&post=90578"}],"curies":[{"name":"wp","href":"https:\/\/api.w.org\/{rel}","templated":true}]}}