{"id":9112,"date":"2026-04-26T07:17:48","date_gmt":"2026-04-26T10:17:48","guid":{"rendered":"https:\/\/www.hediyepazar.com\/?product=powermaster-kamera-gorunumlu-solar-aydinlatma-pm-17622"},"modified":"2026-04-26T07:17:51","modified_gmt":"2026-04-26T10:17:51","slug":"powermaster-kamera-gorunumlu-solar-aydinlatma-pm-17622","status":"publish","type":"product","link":"https:\/\/www.hediyepazar.com\/?product=powermaster-kamera-gorunumlu-solar-aydinlatma-pm-17622","title":{"rendered":"Powermaster Kamera G\u00f6r\u00fcn\u00fcml\u00fc Solar Ayd\u0131nlatma Pm-17622"},"content":{"rendered":"<p>Powermaster Kamera G\u00f6r\u00fcn\u00fcml\u00fc Solar Ayd\u0131nlatma Pm-17622<\/p>\n","protected":false},"excerpt":{"rendered":"<p>Powermaster Kamera G\u00f6r\u00fcn\u00fcml\u00fc Solar Ayd\u0131nlatma Pm-17622<\/p>\n","protected":false},"featured_media":9113,"comment_status":"closed","ping_status":"open","template":"","meta":{"_kad_post_transparent":"","_kad_post_title":"","_kad_post_layout":"","_kad_post_sidebar_id":"","_kad_post_content_style":"","_kad_post_vertical_padding":"","_kad_post_feature":"","_kad_post_feature_position":"","_kad_post_header":false,"_kad_post_footer":false,"_kad_post_classname":""},"product_brand":[],"product_cat":[432],"product_tag":[],"class_list":{"0":"post-9112","1":"product","2":"type-product","3":"status-publish","4":"has-post-thumbnail","6":"product_cat-hirdavat-malzemeleri-hirdavat-tamir-malzemeleri-mppt-solar-enerji-sistemleri","8":"first","9":"instock","10":"purchasable","11":"product-type-simple","12":"entry","13":"content-bg","14":"loop-entry"},"_links":{"self":[{"href":"https:\/\/www.hediyepazar.com\/index.php?rest_route=\/wp\/v2\/product\/9112","targetHints":{"allow":["GET"]}}],"collection":[{"href":"https:\/\/www.hediyepazar.com\/index.php?rest_route=\/wp\/v2\/product"}],"about":[{"href":"https:\/\/www.hediyepazar.com\/index.php?rest_route=\/wp\/v2\/types\/product"}],"replies":[{"embeddable":true,"href":"https:\/\/www.hediyepazar.com\/index.php?rest_route=%2Fwp%2Fv2%2Fcomments&post=9112"}],"wp:featuredmedia":[{"embeddable":true,"href":"https:\/\/www.hediyepazar.com\/index.php?rest_route=\/wp\/v2\/media\/9113"}],"wp:attachment":[{"href":"https:\/\/www.hediyepazar.com\/index.php?rest_route=%2Fwp%2Fv2%2Fmedia&parent=9112"}],"wp:term":[{"taxonomy":"product_brand","embeddable":true,"href":"https:\/\/www.hediyepazar.com\/index.php?rest_route=%2Fwp%2Fv2%2Fproduct_brand&post=9112"},{"taxonomy":"product_cat","embeddable":true,"href":"https:\/\/www.hediyepazar.com\/index.php?rest_route=%2Fwp%2Fv2%2Fproduct_cat&post=9112"},{"taxonomy":"product_tag","embeddable":true,"href":"https:\/\/www.hediyepazar.com\/index.php?rest_route=%2Fwp%2Fv2%2Fproduct_tag&post=9112"}],"curies":[{"name":"wp","href":"https:\/\/api.w.org\/{rel}","templated":true}]}}