{"id":91317,"date":"2026-04-30T16:25:36","date_gmt":"2026-04-30T19:25:36","guid":{"rendered":"https:\/\/www.hediyepazar.com\/?product=ikili-sivi-sabunluk-inci-royaleks-inc-02"},"modified":"2026-04-30T16:25:36","modified_gmt":"2026-04-30T19:25:36","slug":"ikili-sivi-sabunluk-inci-royaleks-inc-02","status":"publish","type":"product","link":"https:\/\/www.hediyepazar.com\/?product=ikili-sivi-sabunluk-inci-royaleks-inc-02","title":{"rendered":"\u0130kili S\u0131v\u0131 Sabunluk \u0130nci Royaleks-\u0130NC-02"},"content":{"rendered":"<table style=\"border-collapse:collapse; width:179pt; border:none\" width=\"239\">\n<colgroup>\n<col style=\"width:179pt\" width=\"239\" \/>\n\t<\/colgroup>\n<tbody>\n<tr height=\"20\" style=\"height:15.0pt\">\n<td height=\"20\" style=\"border:none; height:15.0pt; width:179pt; padding-top:1px; padding-right:1px; padding-left:1px; vertical-align:bottom; white-space:nowrap\" width=\"239\"><span style=\"font-size:11pt\"><span style=\"color:black\"><span style=\"font-weight:400\"><span style=\"font-style:normal\"><span style=\"text-decoration:none\"><span style=\"font-family:Calibri,sans-serif\">\u0130kili S\u0131v\u0131 Sabunluk \u0130nci Royaleks-\u0130NC-02 8683985002348 Paket \u0130&ccedil;eri\u011fi : 1 Adet&nbsp;<\/span><\/span><\/span><\/span><\/span><\/span><\/td>\n<\/tr>\n<\/tbody>\n<\/table>\n","protected":false},"excerpt":{"rendered":"<p>\u0130kili S\u0131v\u0131 Sabunluk \u0130nci Royaleks-\u0130NC-02<\/p>\n","protected":false},"featured_media":91316,"comment_status":"open","ping_status":"closed","template":"","meta":{"_kad_post_transparent":"","_kad_post_title":"","_kad_post_layout":"","_kad_post_sidebar_id":"","_kad_post_content_style":"","_kad_post_vertical_padding":"","_kad_post_feature":"","_kad_post_feature_position":"","_kad_post_header":false,"_kad_post_footer":false,"_kad_post_classname":""},"product_brand":[],"product_cat":[611,612,557],"product_tag":[],"class_list":{"0":"post-91317","1":"product","2":"type-product","3":"status-publish","4":"has-post-thumbnail","6":"product_cat-banyo","7":"product_cat-banyo-aksesuarlari","8":"product_cat-ev-yasam","10":"first","11":"instock","12":"shipping-taxable","13":"purchasable","14":"product-type-simple","15":"entry","16":"content-bg","17":"loop-entry"},"_links":{"self":[{"href":"https:\/\/www.hediyepazar.com\/index.php?rest_route=\/wp\/v2\/product\/91317","targetHints":{"allow":["GET"]}}],"collection":[{"href":"https:\/\/www.hediyepazar.com\/index.php?rest_route=\/wp\/v2\/product"}],"about":[{"href":"https:\/\/www.hediyepazar.com\/index.php?rest_route=\/wp\/v2\/types\/product"}],"replies":[{"embeddable":true,"href":"https:\/\/www.hediyepazar.com\/index.php?rest_route=%2Fwp%2Fv2%2Fcomments&post=91317"}],"wp:featuredmedia":[{"embeddable":true,"href":"https:\/\/www.hediyepazar.com\/index.php?rest_route=\/wp\/v2\/media\/91316"}],"wp:attachment":[{"href":"https:\/\/www.hediyepazar.com\/index.php?rest_route=%2Fwp%2Fv2%2Fmedia&parent=91317"}],"wp:term":[{"taxonomy":"product_brand","embeddable":true,"href":"https:\/\/www.hediyepazar.com\/index.php?rest_route=%2Fwp%2Fv2%2Fproduct_brand&post=91317"},{"taxonomy":"product_cat","embeddable":true,"href":"https:\/\/www.hediyepazar.com\/index.php?rest_route=%2Fwp%2Fv2%2Fproduct_cat&post=91317"},{"taxonomy":"product_tag","embeddable":true,"href":"https:\/\/www.hediyepazar.com\/index.php?rest_route=%2Fwp%2Fv2%2Fproduct_tag&post=91317"}],"curies":[{"name":"wp","href":"https:\/\/api.w.org\/{rel}","templated":true}]}}