{"id":9136,"date":"2026-04-26T07:17:55","date_gmt":"2026-04-26T10:17:55","guid":{"rendered":"https:\/\/www.hediyepazar.com\/?product=hikvision-ds-qae0a60g1-vb-60-watt-analog-amplifikator"},"modified":"2026-04-26T07:17:58","modified_gmt":"2026-04-26T10:17:58","slug":"hikvision-ds-qae0a60g1-vb-60-watt-analog-amplifikator","status":"publish","type":"product","link":"https:\/\/www.hediyepazar.com\/?product=hikvision-ds-qae0a60g1-vb-60-watt-analog-amplifikator","title":{"rendered":"H\u0131kv\u0131s\u0131on Ds-Qae0a60g1-vb 60 Watt Analog Ampl\u0131f\u0131kat\u00f6r"},"content":{"rendered":"<p>H\u0131kv\u0131s\u0131on Ds-Qae0a60g1-vb 60 Watt Analog Ampl\u0131f\u0131kat\u00f6r<\/p>\n","protected":false},"excerpt":{"rendered":"<p>H\u0131kv\u0131s\u0131on Ds-Qae0a60g1-vb 60 Watt Analog Ampl\u0131f\u0131kat\u00f6r<\/p>\n","protected":false},"featured_media":9137,"comment_status":"closed","ping_status":"open","template":"","meta":{"_kad_post_transparent":"","_kad_post_title":"","_kad_post_layout":"","_kad_post_sidebar_id":"","_kad_post_content_style":"","_kad_post_vertical_padding":"","_kad_post_feature":"","_kad_post_feature_position":"","_kad_post_header":false,"_kad_post_footer":false,"_kad_post_classname":""},"product_brand":[],"product_cat":[419],"product_tag":[],"class_list":{"0":"post-9136","1":"product","2":"type-product","3":"status-publish","4":"has-post-thumbnail","6":"product_cat-profesyonel-ses-sistemleri-amfi-ve-mixer","8":"first","9":"instock","10":"purchasable","11":"product-type-simple","12":"entry","13":"content-bg","14":"loop-entry"},"_links":{"self":[{"href":"https:\/\/www.hediyepazar.com\/index.php?rest_route=\/wp\/v2\/product\/9136","targetHints":{"allow":["GET"]}}],"collection":[{"href":"https:\/\/www.hediyepazar.com\/index.php?rest_route=\/wp\/v2\/product"}],"about":[{"href":"https:\/\/www.hediyepazar.com\/index.php?rest_route=\/wp\/v2\/types\/product"}],"replies":[{"embeddable":true,"href":"https:\/\/www.hediyepazar.com\/index.php?rest_route=%2Fwp%2Fv2%2Fcomments&post=9136"}],"wp:featuredmedia":[{"embeddable":true,"href":"https:\/\/www.hediyepazar.com\/index.php?rest_route=\/wp\/v2\/media\/9137"}],"wp:attachment":[{"href":"https:\/\/www.hediyepazar.com\/index.php?rest_route=%2Fwp%2Fv2%2Fmedia&parent=9136"}],"wp:term":[{"taxonomy":"product_brand","embeddable":true,"href":"https:\/\/www.hediyepazar.com\/index.php?rest_route=%2Fwp%2Fv2%2Fproduct_brand&post=9136"},{"taxonomy":"product_cat","embeddable":true,"href":"https:\/\/www.hediyepazar.com\/index.php?rest_route=%2Fwp%2Fv2%2Fproduct_cat&post=9136"},{"taxonomy":"product_tag","embeddable":true,"href":"https:\/\/www.hediyepazar.com\/index.php?rest_route=%2Fwp%2Fv2%2Fproduct_tag&post=9136"}],"curies":[{"name":"wp","href":"https:\/\/api.w.org\/{rel}","templated":true}]}}