{"id":91920,"date":"2026-04-30T16:55:50","date_gmt":"2026-04-30T19:55:50","guid":{"rendered":"https:\/\/www.hediyepazar.com\/?product=helvaci-3-cm-150li-kopuk-top-royaleks-hel-6901"},"modified":"2026-04-30T16:55:50","modified_gmt":"2026-04-30T19:55:50","slug":"helvaci-3-cm-150li-kopuk-top-royaleks-hel-6901","status":"publish","type":"product","link":"https:\/\/www.hediyepazar.com\/?product=helvaci-3-cm-150li-kopuk-top-royaleks-hel-6901","title":{"rendered":"Helvac\u0131 3 cm 150&#8217;li K\u00f6p\u00fck Top Royaleks-HEL.6901"},"content":{"rendered":"<table style=\"border-collapse:collapse; width:221pt; border:none\" width=\"294\">\n<colgroup>\n<col style=\"width:221pt\" width=\"294\" \/>\n\t<\/colgroup>\n<tbody>\n<tr height=\"21\" style=\"height:15.75pt\">\n<td class=\"xl63\" height=\"21\" style=\"border:none; height:15.75pt; width:221pt; vertical-align:middle; padding-top:1px; padding-right:1px; padding-left:1px; white-space:nowrap\" width=\"294\"><span style=\"font-size:11pt\"><span style=\"color:black\"><span style=\"font-weight:400\"><span style=\"font-style:normal\"><span style=\"text-decoration:none\"><span style=\"font-family:Calibri,sans-serif\">Helvac\u0131 3 cm 150&#39;li K&ouml;p&uuml;k Top Royaleks-HEL.6901 &#8211; &Uuml;r&uuml;n Kodu : HEL.6901<\/span><\/span><\/span><\/span><\/span><\/span><\/td>\n<\/tr>\n<\/tbody>\n<\/table>\n","protected":false},"excerpt":{"rendered":"<p>Helvac\u0131 3 cm 150&#8217;li K\u00f6p\u00fck Top Royaleks-HEL.6901<\/p>\n","protected":false},"featured_media":91919,"comment_status":"open","ping_status":"closed","template":"","meta":{"_kad_post_transparent":"","_kad_post_title":"","_kad_post_layout":"","_kad_post_sidebar_id":"","_kad_post_content_style":"","_kad_post_vertical_padding":"","_kad_post_feature":"","_kad_post_feature_position":"","_kad_post_header":false,"_kad_post_footer":false,"_kad_post_classname":""},"product_brand":[],"product_cat":[557,568,569],"product_tag":[],"class_list":{"0":"post-91920","1":"product","2":"type-product","3":"status-publish","4":"has-post-thumbnail","6":"product_cat-ev-yasam","7":"product_cat-hobi","8":"product_cat-hobi-malzemeleri","10":"first","11":"instock","12":"shipping-taxable","13":"purchasable","14":"product-type-simple","15":"entry","16":"content-bg","17":"loop-entry"},"_links":{"self":[{"href":"https:\/\/www.hediyepazar.com\/index.php?rest_route=\/wp\/v2\/product\/91920","targetHints":{"allow":["GET"]}}],"collection":[{"href":"https:\/\/www.hediyepazar.com\/index.php?rest_route=\/wp\/v2\/product"}],"about":[{"href":"https:\/\/www.hediyepazar.com\/index.php?rest_route=\/wp\/v2\/types\/product"}],"replies":[{"embeddable":true,"href":"https:\/\/www.hediyepazar.com\/index.php?rest_route=%2Fwp%2Fv2%2Fcomments&post=91920"}],"wp:featuredmedia":[{"embeddable":true,"href":"https:\/\/www.hediyepazar.com\/index.php?rest_route=\/wp\/v2\/media\/91919"}],"wp:attachment":[{"href":"https:\/\/www.hediyepazar.com\/index.php?rest_route=%2Fwp%2Fv2%2Fmedia&parent=91920"}],"wp:term":[{"taxonomy":"product_brand","embeddable":true,"href":"https:\/\/www.hediyepazar.com\/index.php?rest_route=%2Fwp%2Fv2%2Fproduct_brand&post=91920"},{"taxonomy":"product_cat","embeddable":true,"href":"https:\/\/www.hediyepazar.com\/index.php?rest_route=%2Fwp%2Fv2%2Fproduct_cat&post=91920"},{"taxonomy":"product_tag","embeddable":true,"href":"https:\/\/www.hediyepazar.com\/index.php?rest_route=%2Fwp%2Fv2%2Fproduct_tag&post=91920"}],"curies":[{"name":"wp","href":"https:\/\/api.w.org\/{rel}","templated":true}]}}