{"id":92173,"date":"2026-04-30T17:10:46","date_gmt":"2026-04-30T20:10:46","guid":{"rendered":"https:\/\/www.hediyepazar.com\/?product=el-ayak-bakim-kremi-250-ml"},"modified":"2026-04-30T17:10:46","modified_gmt":"2026-04-30T20:10:46","slug":"el-ayak-bakim-kremi-250-ml","status":"publish","type":"product","link":"https:\/\/www.hediyepazar.com\/?product=el-ayak-bakim-kremi-250-ml","title":{"rendered":"El Ayak Bak\u0131m Kremi 250 ML"},"content":{"rendered":"<p>The Noue&rsquo;nin g&uuml;&ccedil;l&uuml; bile\u015fenlerden olu\u015fan El Kremi, besleyici etkisi sayesinde cildin ihtiyac\u0131 olan nem sa\u011flan\u0131r. Bu sayede elleriniz yumu\u015fac\u0131k olur.<br \/>\nGeli\u015ftirilmi\u015f i&ccedil;eri\u011fi sahip El Bak\u0131m Kremi, besleyici etkisi sayesinde cildin ihtiyac\u0131 olan bak\u0131m\u0131 sa\u011flar. Cilde nem kazand\u0131r\u0131r. Ellerinizin yumu\u015fac\u0131k olmas\u0131n\u0131 sa\u011flar.<br \/>\nKullan\u0131m Detaylar\u0131: Yeterli &ouml;l&ccedil;&uuml;de kremi ellerinize masaj yaparak uygulamal\u0131s\u0131n\u0131z. Bir s&uuml;re bekledikten sonra ellerinizi y\u0131kamal\u0131 ve sonras\u0131nda durulamal\u0131s\u0131n\u0131z. \u0130lk kullan\u0131mdan itibaren cildiniz nem kazan\u0131r ve elleriniz yumu\u015fac\u0131k olur.<\/p>\n","protected":false},"excerpt":{"rendered":"<p>El Ayak Bak\u0131m Kremi 250 ML<\/p>\n","protected":false},"featured_media":92172,"comment_status":"open","ping_status":"closed","template":"","meta":{"_kad_post_transparent":"","_kad_post_title":"","_kad_post_layout":"","_kad_post_sidebar_id":"","_kad_post_content_style":"","_kad_post_vertical_padding":"","_kad_post_feature":"","_kad_post_feature_position":"","_kad_post_header":false,"_kad_post_footer":false,"_kad_post_classname":""},"product_brand":[],"product_cat":[566,574,452],"product_tag":[],"class_list":{"0":"post-92173","1":"product","2":"type-product","3":"status-publish","4":"has-post-thumbnail","6":"product_cat-cilt-bakimi","7":"product_cat-el-ayak-bakimi","8":"product_cat-kozmetik","10":"first","11":"instock","12":"shipping-taxable","13":"purchasable","14":"product-type-simple","15":"entry","16":"content-bg","17":"loop-entry"},"_links":{"self":[{"href":"https:\/\/www.hediyepazar.com\/index.php?rest_route=\/wp\/v2\/product\/92173","targetHints":{"allow":["GET"]}}],"collection":[{"href":"https:\/\/www.hediyepazar.com\/index.php?rest_route=\/wp\/v2\/product"}],"about":[{"href":"https:\/\/www.hediyepazar.com\/index.php?rest_route=\/wp\/v2\/types\/product"}],"replies":[{"embeddable":true,"href":"https:\/\/www.hediyepazar.com\/index.php?rest_route=%2Fwp%2Fv2%2Fcomments&post=92173"}],"wp:featuredmedia":[{"embeddable":true,"href":"https:\/\/www.hediyepazar.com\/index.php?rest_route=\/wp\/v2\/media\/92172"}],"wp:attachment":[{"href":"https:\/\/www.hediyepazar.com\/index.php?rest_route=%2Fwp%2Fv2%2Fmedia&parent=92173"}],"wp:term":[{"taxonomy":"product_brand","embeddable":true,"href":"https:\/\/www.hediyepazar.com\/index.php?rest_route=%2Fwp%2Fv2%2Fproduct_brand&post=92173"},{"taxonomy":"product_cat","embeddable":true,"href":"https:\/\/www.hediyepazar.com\/index.php?rest_route=%2Fwp%2Fv2%2Fproduct_cat&post=92173"},{"taxonomy":"product_tag","embeddable":true,"href":"https:\/\/www.hediyepazar.com\/index.php?rest_route=%2Fwp%2Fv2%2Fproduct_tag&post=92173"}],"curies":[{"name":"wp","href":"https:\/\/api.w.org\/{rel}","templated":true}]}}