{"id":92177,"date":"2026-04-30T17:11:01","date_gmt":"2026-04-30T20:11:01","guid":{"rendered":"https:\/\/www.hediyepazar.com\/?product=sac-serum-100-ml"},"modified":"2026-04-30T17:11:01","modified_gmt":"2026-04-30T20:11:01","slug":"sac-serum-100-ml","status":"publish","type":"product","link":"https:\/\/www.hediyepazar.com\/?product=sac-serum-100-ml","title":{"rendered":"Sa\u00e7 Serum 100 ML"},"content":{"rendered":"<p>G&uuml;&ccedil;l&uuml; bile\u015fenlerden olu\u015fan The Noue Sa&ccedil; Serumu, sa&ccedil;lar\u0131n\u0131zdaki elektriklenme ve kabarmalar\u0131 &ouml;nler. Ayr\u0131ca sahip oldu\u011fu besleyici etkiyle sa&ccedil;lar\u0131n\u0131za ihtiyac\u0131 olan bak\u0131m\u0131 sa\u011flar.<br \/>\nOnar\u0131c\u0131 etkiye sahip olan biotin katk\u0131l\u0131 The Noue Sa&ccedil; Serumu, sa&ccedil;lar\u0131n\u0131z\u0131 dipten uca onar\u0131r. Sa&ccedil;lar\u0131n\u0131z\u0131n parlak, g&uuml;&ccedil;l&uuml; bir g&ouml;r&uuml;n&uuml;m elde etmesini sa\u011flar.<br \/>\nKullan\u0131m Detaylar\u0131: Damlal\u0131k yard\u0131m\u0131yla temiz ve nemli sa&ccedil;lar\u0131n\u0131z\u0131n diplerine masaj yaparak uygulay\u0131n\u0131z. Uygulama sonras\u0131 en az 3 saat sa&ccedil;lar\u0131n\u0131z\u0131 y\u0131kamamal\u0131s\u0131n\u0131z.<\/p>\n","protected":false},"excerpt":{"rendered":"<p>Sa\u00e7 Serum 100 ML<\/p>\n","protected":false},"featured_media":92176,"comment_status":"open","ping_status":"closed","template":"","meta":{"_kad_post_transparent":"","_kad_post_title":"","_kad_post_layout":"","_kad_post_sidebar_id":"","_kad_post_content_style":"","_kad_post_vertical_padding":"","_kad_post_feature":"","_kad_post_feature_position":"","_kad_post_header":false,"_kad_post_footer":false,"_kad_post_classname":""},"product_brand":[],"product_cat":[452,586,598],"product_tag":[],"class_list":{"0":"post-92177","1":"product","2":"type-product","3":"status-publish","4":"has-post-thumbnail","6":"product_cat-kozmetik","7":"product_cat-sac-bakimi","8":"product_cat-sac-serum-ve-yagi","10":"first","11":"instock","12":"shipping-taxable","13":"purchasable","14":"product-type-simple","15":"entry","16":"content-bg","17":"loop-entry"},"_links":{"self":[{"href":"https:\/\/www.hediyepazar.com\/index.php?rest_route=\/wp\/v2\/product\/92177","targetHints":{"allow":["GET"]}}],"collection":[{"href":"https:\/\/www.hediyepazar.com\/index.php?rest_route=\/wp\/v2\/product"}],"about":[{"href":"https:\/\/www.hediyepazar.com\/index.php?rest_route=\/wp\/v2\/types\/product"}],"replies":[{"embeddable":true,"href":"https:\/\/www.hediyepazar.com\/index.php?rest_route=%2Fwp%2Fv2%2Fcomments&post=92177"}],"wp:featuredmedia":[{"embeddable":true,"href":"https:\/\/www.hediyepazar.com\/index.php?rest_route=\/wp\/v2\/media\/92176"}],"wp:attachment":[{"href":"https:\/\/www.hediyepazar.com\/index.php?rest_route=%2Fwp%2Fv2%2Fmedia&parent=92177"}],"wp:term":[{"taxonomy":"product_brand","embeddable":true,"href":"https:\/\/www.hediyepazar.com\/index.php?rest_route=%2Fwp%2Fv2%2Fproduct_brand&post=92177"},{"taxonomy":"product_cat","embeddable":true,"href":"https:\/\/www.hediyepazar.com\/index.php?rest_route=%2Fwp%2Fv2%2Fproduct_cat&post=92177"},{"taxonomy":"product_tag","embeddable":true,"href":"https:\/\/www.hediyepazar.com\/index.php?rest_route=%2Fwp%2Fv2%2Fproduct_tag&post=92177"}],"curies":[{"name":"wp","href":"https:\/\/api.w.org\/{rel}","templated":true}]}}