{"id":92181,"date":"2026-04-30T17:11:16","date_gmt":"2026-04-30T20:11:16","guid":{"rendered":"https:\/\/www.hediyepazar.com\/?product=sac-maskesi-300-ml"},"modified":"2026-04-30T17:11:16","modified_gmt":"2026-04-30T20:11:16","slug":"sac-maskesi-300-ml","status":"publish","type":"product","link":"https:\/\/www.hediyepazar.com\/?product=sac-maskesi-300-ml","title":{"rendered":"Sa\u00e7 Maskesi 300 ML"},"content":{"rendered":"<p>Onar\u0131c\u0131 etkiye sahip The Noue Sa&ccedil; Maskesi, sa&ccedil;lar\u0131n\u0131zdaki y\u0131pranan noktalar\u0131 onar\u0131r ve sa&ccedil;lar\u0131n\u0131z\u0131 g&uuml;&ccedil;lendirir. Ayr\u0131ca sa&ccedil;lar\u0131n\u0131za nem kazand\u0131r\u0131r.<br \/>\nBesleyici etkiye sahip The Noue Sa&ccedil; Maskesinin i&ccedil;eri\u011fi zeytinya\u011f\u0131 ile zenginle\u015ftirilmi\u015ftir. Zenginle\u015ftirilmi\u015f i&ccedil;erik sayesinde sa&ccedil;lar\u0131n\u0131z \u0131\u015f\u0131lt\u0131 kazan\u0131r. Ayr\u0131ca sa&ccedil;lar\u0131n\u0131z yumu\u015fak bir doku kazan\u0131r.<br \/>\nKullan\u0131m Detaylar\u0131: Temiz ve nemli sa&ccedil;lar\u0131n\u0131za, bir miktar sa&ccedil; maskesini dipten uca do\u011fru masaj yaparak uygulay\u0131n\u0131z. 5 dakika bekledikten sonra \u0131l\u0131k su ile sa&ccedil;lar\u0131n\u0131z\u0131 y\u0131kamal\u0131 ve durulamal\u0131s\u0131n\u0131z.<\/p>\n","protected":false},"excerpt":{"rendered":"<p>Sa\u00e7 Maskesi 300 ML<\/p>\n","protected":false},"featured_media":92180,"comment_status":"open","ping_status":"closed","template":"","meta":{"_kad_post_transparent":"","_kad_post_title":"","_kad_post_layout":"","_kad_post_sidebar_id":"","_kad_post_content_style":"","_kad_post_vertical_padding":"","_kad_post_feature":"","_kad_post_feature_position":"","_kad_post_header":false,"_kad_post_footer":false,"_kad_post_classname":""},"product_brand":[],"product_cat":[452,586,598],"product_tag":[],"class_list":{"0":"post-92181","1":"product","2":"type-product","3":"status-publish","4":"has-post-thumbnail","6":"product_cat-kozmetik","7":"product_cat-sac-bakimi","8":"product_cat-sac-serum-ve-yagi","10":"first","11":"instock","12":"shipping-taxable","13":"purchasable","14":"product-type-simple","15":"entry","16":"content-bg","17":"loop-entry"},"_links":{"self":[{"href":"https:\/\/www.hediyepazar.com\/index.php?rest_route=\/wp\/v2\/product\/92181","targetHints":{"allow":["GET"]}}],"collection":[{"href":"https:\/\/www.hediyepazar.com\/index.php?rest_route=\/wp\/v2\/product"}],"about":[{"href":"https:\/\/www.hediyepazar.com\/index.php?rest_route=\/wp\/v2\/types\/product"}],"replies":[{"embeddable":true,"href":"https:\/\/www.hediyepazar.com\/index.php?rest_route=%2Fwp%2Fv2%2Fcomments&post=92181"}],"wp:featuredmedia":[{"embeddable":true,"href":"https:\/\/www.hediyepazar.com\/index.php?rest_route=\/wp\/v2\/media\/92180"}],"wp:attachment":[{"href":"https:\/\/www.hediyepazar.com\/index.php?rest_route=%2Fwp%2Fv2%2Fmedia&parent=92181"}],"wp:term":[{"taxonomy":"product_brand","embeddable":true,"href":"https:\/\/www.hediyepazar.com\/index.php?rest_route=%2Fwp%2Fv2%2Fproduct_brand&post=92181"},{"taxonomy":"product_cat","embeddable":true,"href":"https:\/\/www.hediyepazar.com\/index.php?rest_route=%2Fwp%2Fv2%2Fproduct_cat&post=92181"},{"taxonomy":"product_tag","embeddable":true,"href":"https:\/\/www.hediyepazar.com\/index.php?rest_route=%2Fwp%2Fv2%2Fproduct_tag&post=92181"}],"curies":[{"name":"wp","href":"https:\/\/api.w.org\/{rel}","templated":true}]}}