{"id":92183,"date":"2026-04-30T17:11:25","date_gmt":"2026-04-30T20:11:25","guid":{"rendered":"https:\/\/www.hediyepazar.com\/?product=fon-suyu-400-ml"},"modified":"2026-04-30T17:11:25","modified_gmt":"2026-04-30T20:11:25","slug":"fon-suyu-400-ml","status":"publish","type":"product","link":"https:\/\/www.hediyepazar.com\/?product=fon-suyu-400-ml","title":{"rendered":"F\u00f6n Suyu 400 ML"},"content":{"rendered":"<p>The Noue &Ccedil;ift Fazl\u0131 F&ouml;n Suyu kal\u0131c\u0131 bir etkiye sahiptir. Sa&ccedil;lar\u0131n\u0131za \u015fekil vermenizde sizlere b&uuml;y&uuml;k oranda yard\u0131mc\u0131 olacakt\u0131r. Ayr\u0131ca yapt\u0131\u011f\u0131n\u0131z sa&ccedil; stilinin uzun s&uuml;re bozulmadan kalmas\u0131n\u0131 sa\u011flar.<br \/>\nZengin i&ccedil;eri\u011fe sahip &Ccedil;ift Fazl\u0131 F&ouml;n Suyu, sa&ccedil;lar\u0131n\u0131z\u0131n nemlenmesini sa\u011flar ve sa&ccedil;lar\u0131n\u0131z yumu\u015fakl\u0131k kazan\u0131r. Bu sayede sa&ccedil;lar\u0131n\u0131z daha kolay taranabilir bir hale gelir ve sa&ccedil;lar\u0131n\u0131z canl\u0131, parlak bir g&ouml;r&uuml;n&uuml;m kazan\u0131r.<br \/>\nKullan\u0131m Detaylar\u0131: Temiz, nemli veya kuru sa&ccedil;lara uygulama yap\u0131labilir. Kullanmadan &ouml;nce &uuml;r&uuml;n \u015fi\u015fesini &ccedil;alkalamas\u0131n\u0131z. Kullan\u0131m sonras\u0131 durulama gerektirmez.<\/p>\n","protected":false},"excerpt":{"rendered":"<p>F\u00f6n Suyu 400 ML<\/p>\n","protected":false},"featured_media":92182,"comment_status":"open","ping_status":"closed","template":"","meta":{"_kad_post_transparent":"","_kad_post_title":"","_kad_post_layout":"","_kad_post_sidebar_id":"","_kad_post_content_style":"","_kad_post_vertical_padding":"","_kad_post_feature":"","_kad_post_feature_position":"","_kad_post_header":false,"_kad_post_footer":false,"_kad_post_classname":""},"product_brand":[],"product_cat":[452,586,598],"product_tag":[],"class_list":{"0":"post-92183","1":"product","2":"type-product","3":"status-publish","4":"has-post-thumbnail","6":"product_cat-kozmetik","7":"product_cat-sac-bakimi","8":"product_cat-sac-serum-ve-yagi","10":"first","11":"instock","12":"shipping-taxable","13":"purchasable","14":"product-type-simple","15":"entry","16":"content-bg","17":"loop-entry"},"_links":{"self":[{"href":"https:\/\/www.hediyepazar.com\/index.php?rest_route=\/wp\/v2\/product\/92183","targetHints":{"allow":["GET"]}}],"collection":[{"href":"https:\/\/www.hediyepazar.com\/index.php?rest_route=\/wp\/v2\/product"}],"about":[{"href":"https:\/\/www.hediyepazar.com\/index.php?rest_route=\/wp\/v2\/types\/product"}],"replies":[{"embeddable":true,"href":"https:\/\/www.hediyepazar.com\/index.php?rest_route=%2Fwp%2Fv2%2Fcomments&post=92183"}],"wp:featuredmedia":[{"embeddable":true,"href":"https:\/\/www.hediyepazar.com\/index.php?rest_route=\/wp\/v2\/media\/92182"}],"wp:attachment":[{"href":"https:\/\/www.hediyepazar.com\/index.php?rest_route=%2Fwp%2Fv2%2Fmedia&parent=92183"}],"wp:term":[{"taxonomy":"product_brand","embeddable":true,"href":"https:\/\/www.hediyepazar.com\/index.php?rest_route=%2Fwp%2Fv2%2Fproduct_brand&post=92183"},{"taxonomy":"product_cat","embeddable":true,"href":"https:\/\/www.hediyepazar.com\/index.php?rest_route=%2Fwp%2Fv2%2Fproduct_cat&post=92183"},{"taxonomy":"product_tag","embeddable":true,"href":"https:\/\/www.hediyepazar.com\/index.php?rest_route=%2Fwp%2Fv2%2Fproduct_tag&post=92183"}],"curies":[{"name":"wp","href":"https:\/\/api.w.org\/{rel}","templated":true}]}}