{"id":92185,"date":"2026-04-30T17:11:33","date_gmt":"2026-04-30T20:11:33","guid":{"rendered":"https:\/\/www.hediyepazar.com\/?product=keratin-sampuan-500-ml"},"modified":"2026-04-30T17:11:33","modified_gmt":"2026-04-30T20:11:33","slug":"keratin-sampuan-500-ml","status":"publish","type":"product","link":"https:\/\/www.hediyepazar.com\/?product=keratin-sampuan-500-ml","title":{"rendered":"Keratin \u015eampuan 500 ML"},"content":{"rendered":"<p>G&uuml;&ccedil;l&uuml; bile\u015fenlerden olu\u015fan Keratin \u015eampuan, sa&ccedil;lar\u0131n\u0131z\u0131 bir koruyucu kalkanla kaplar. Bu kalkan sayesinde sa&ccedil;lar\u0131n\u0131za, zararl\u0131 &ccedil;evresel fakt&ouml;rlere kar\u015f\u0131 korunma sa\u011flan\u0131r.<br \/>\nKeratin \u015eampuan, sa&ccedil;lar\u0131n\u0131za derinlemesine n&uuml;fuz eder. G&uuml;&ccedil;l&uuml; etkisiyle k&ouml;kten uca kadar y\u0131pranan sa&ccedil;lar\u0131n\u0131z\u0131 onar\u0131r. Sa&ccedil;lar\u0131n\u0131za nem kazand\u0131r\u0131r ve bu sayede sa&ccedil;lar\u0131n\u0131zda ipeksi bir doku olu\u015fur.<br \/>\nKullan\u0131m\u0131: Sa&ccedil;lar\u0131n\u0131za ve sa&ccedil; derinize masaj yaparak uygulamal\u0131, sa&ccedil;lar\u0131n\u0131z\u0131 iyice y\u0131kamal\u0131 ve son olarak durulamal\u0131s\u0131n\u0131z.<\/p>\n","protected":false},"excerpt":{"rendered":"<p>Keratin \u015eampuan 500 ML<\/p>\n","protected":false},"featured_media":92184,"comment_status":"open","ping_status":"closed","template":"","meta":{"_kad_post_transparent":"","_kad_post_title":"","_kad_post_layout":"","_kad_post_sidebar_id":"","_kad_post_content_style":"","_kad_post_vertical_padding":"","_kad_post_feature":"","_kad_post_feature_position":"","_kad_post_header":false,"_kad_post_footer":false,"_kad_post_classname":""},"product_brand":[],"product_cat":[452,586,665],"product_tag":[],"class_list":{"0":"post-92185","1":"product","2":"type-product","3":"status-publish","4":"has-post-thumbnail","6":"product_cat-kozmetik","7":"product_cat-sac-bakimi","8":"product_cat-sampuan","10":"first","11":"instock","12":"shipping-taxable","13":"purchasable","14":"product-type-simple","15":"entry","16":"content-bg","17":"loop-entry"},"_links":{"self":[{"href":"https:\/\/www.hediyepazar.com\/index.php?rest_route=\/wp\/v2\/product\/92185","targetHints":{"allow":["GET"]}}],"collection":[{"href":"https:\/\/www.hediyepazar.com\/index.php?rest_route=\/wp\/v2\/product"}],"about":[{"href":"https:\/\/www.hediyepazar.com\/index.php?rest_route=\/wp\/v2\/types\/product"}],"replies":[{"embeddable":true,"href":"https:\/\/www.hediyepazar.com\/index.php?rest_route=%2Fwp%2Fv2%2Fcomments&post=92185"}],"wp:featuredmedia":[{"embeddable":true,"href":"https:\/\/www.hediyepazar.com\/index.php?rest_route=\/wp\/v2\/media\/92184"}],"wp:attachment":[{"href":"https:\/\/www.hediyepazar.com\/index.php?rest_route=%2Fwp%2Fv2%2Fmedia&parent=92185"}],"wp:term":[{"taxonomy":"product_brand","embeddable":true,"href":"https:\/\/www.hediyepazar.com\/index.php?rest_route=%2Fwp%2Fv2%2Fproduct_brand&post=92185"},{"taxonomy":"product_cat","embeddable":true,"href":"https:\/\/www.hediyepazar.com\/index.php?rest_route=%2Fwp%2Fv2%2Fproduct_cat&post=92185"},{"taxonomy":"product_tag","embeddable":true,"href":"https:\/\/www.hediyepazar.com\/index.php?rest_route=%2Fwp%2Fv2%2Fproduct_tag&post=92185"}],"curies":[{"name":"wp","href":"https:\/\/api.w.org\/{rel}","templated":true}]}}