{"id":92187,"date":"2026-04-30T17:11:39","date_gmt":"2026-04-30T20:11:39","guid":{"rendered":"https:\/\/www.hediyepazar.com\/?product=argan-sampuan-500-ml"},"modified":"2026-04-30T17:11:39","modified_gmt":"2026-04-30T20:11:39","slug":"argan-sampuan-500-ml","status":"publish","type":"product","link":"https:\/\/www.hediyepazar.com\/?product=argan-sampuan-500-ml","title":{"rendered":"Argan \u015eampuan 500 ML"},"content":{"rendered":"<p>The Noue taraf\u0131ndan &ouml;zel olarak geli\u015ftirilen Argan \u015eampuan; y\u0131pranm\u0131\u015f ve kuru olan sa&ccedil;lar\u0131n\u0131z\u0131n onar\u0131lmas\u0131n\u0131, canlanmas\u0131n\u0131 sa\u011flar. \u0130&ccedil;eri\u011findeki Argan ya\u011f\u0131 sayesinde sa&ccedil;lar\u0131n\u0131z\u0131n nem kazanmas\u0131n\u0131 ve do\u011fal, \u0131\u015f\u0131lt\u0131l\u0131 bir g&ouml;r&uuml;n&uuml;m kazanmas\u0131n\u0131 sa\u011flar.<br \/>\nNemli sa&ccedil;lara ve sa&ccedil; derisine masaj yaparak uygulay\u0131n\u0131z ve bol su ile durulay\u0131n\u0131z. Kuru ve serin yerde muhafaza ediniz ve g&ouml;ze yak\u0131n b&ouml;lgelere uygulamay\u0131n\u0131z.<br \/>\nG&uuml;&ccedil;l&uuml; form&uuml;l&uuml;n&uuml; Argan ya\u011f\u0131 ile zenginle\u015ftiren The Noue Argan \u015eampuan, sa&ccedil;lar\u0131n\u0131z\u0131n beslenmesini ve y\u0131pranm\u0131\u015f noktalar\u0131n onar\u0131lmas\u0131n\u0131 sa\u011flar. Ayr\u0131ca nemlendirerek sa&ccedil;lar\u0131n\u0131za do\u011fal bir parlakl\u0131k kazand\u0131r\u0131r.<br \/>\nKullan\u0131m Detaylar\u0131: Nemli sa&ccedil;lara, sa&ccedil; derisine masaj yaparak uygulay\u0131n\u0131z ve bol su ile durulay\u0131n\u0131z.<\/p>\n","protected":false},"excerpt":{"rendered":"<p>Argan \u015eampuan 500 ML<\/p>\n","protected":false},"featured_media":92186,"comment_status":"open","ping_status":"closed","template":"","meta":{"_kad_post_transparent":"","_kad_post_title":"","_kad_post_layout":"","_kad_post_sidebar_id":"","_kad_post_content_style":"","_kad_post_vertical_padding":"","_kad_post_feature":"","_kad_post_feature_position":"","_kad_post_header":false,"_kad_post_footer":false,"_kad_post_classname":""},"product_brand":[],"product_cat":[452,586,665],"product_tag":[],"class_list":{"0":"post-92187","1":"product","2":"type-product","3":"status-publish","4":"has-post-thumbnail","6":"product_cat-kozmetik","7":"product_cat-sac-bakimi","8":"product_cat-sampuan","10":"first","11":"instock","12":"shipping-taxable","13":"purchasable","14":"product-type-simple","15":"entry","16":"content-bg","17":"loop-entry"},"_links":{"self":[{"href":"https:\/\/www.hediyepazar.com\/index.php?rest_route=\/wp\/v2\/product\/92187","targetHints":{"allow":["GET"]}}],"collection":[{"href":"https:\/\/www.hediyepazar.com\/index.php?rest_route=\/wp\/v2\/product"}],"about":[{"href":"https:\/\/www.hediyepazar.com\/index.php?rest_route=\/wp\/v2\/types\/product"}],"replies":[{"embeddable":true,"href":"https:\/\/www.hediyepazar.com\/index.php?rest_route=%2Fwp%2Fv2%2Fcomments&post=92187"}],"wp:featuredmedia":[{"embeddable":true,"href":"https:\/\/www.hediyepazar.com\/index.php?rest_route=\/wp\/v2\/media\/92186"}],"wp:attachment":[{"href":"https:\/\/www.hediyepazar.com\/index.php?rest_route=%2Fwp%2Fv2%2Fmedia&parent=92187"}],"wp:term":[{"taxonomy":"product_brand","embeddable":true,"href":"https:\/\/www.hediyepazar.com\/index.php?rest_route=%2Fwp%2Fv2%2Fproduct_brand&post=92187"},{"taxonomy":"product_cat","embeddable":true,"href":"https:\/\/www.hediyepazar.com\/index.php?rest_route=%2Fwp%2Fv2%2Fproduct_cat&post=92187"},{"taxonomy":"product_tag","embeddable":true,"href":"https:\/\/www.hediyepazar.com\/index.php?rest_route=%2Fwp%2Fv2%2Fproduct_tag&post=92187"}],"curies":[{"name":"wp","href":"https:\/\/api.w.org\/{rel}","templated":true}]}}