{"id":92193,"date":"2026-04-30T17:12:01","date_gmt":"2026-04-30T20:12:01","guid":{"rendered":"https:\/\/www.hediyepazar.com\/?product=tuzsuz-sampuan-1000-ml"},"modified":"2026-04-30T17:12:01","modified_gmt":"2026-04-30T20:12:01","slug":"tuzsuz-sampuan-1000-ml","status":"publish","type":"product","link":"https:\/\/www.hediyepazar.com\/?product=tuzsuz-sampuan-1000-ml","title":{"rendered":"Tuzsuz \u015eampuan 1000 ML"},"content":{"rendered":"<p>The Noue Tuzsuz \u015eampuan, e\u015fsiz form&uuml;l&uuml; ve zengin i&ccedil;eri\u011fiyle birlikte sa&ccedil;lar\u0131n\u0131z i&ccedil;in b&uuml;y&uuml;leyici bir etkiye sahiptir. Tuzsuz \u015eampuan kullan\u0131m\u0131 sayesinde sa&ccedil;lar\u0131n\u0131z\u0131n nem ihtiyac\u0131 kar\u015f\u0131lan\u0131r ve nem dengesi sa\u011flan\u0131r.<br \/>\nOnar\u0131c\u0131 etkiye sahip olan Tuzsuz \u015eampuan, y\u0131pranm\u0131\u015f ve zay\u0131f sa&ccedil;lar\u0131n\u0131za gerekli olan bak\u0131m\u0131 sa\u011flar ve onar\u0131r. Ayr\u0131ca sa&ccedil;lar\u0131n\u0131z\u0131 derinlemesine temizler.<br \/>\nKullan\u0131m Detaylar\u0131: Bir miktar \u015fampuan\u0131 sa&ccedil; diplerinize, t\u0131rnak u&ccedil;lar\u0131n\u0131zla masaj yaparak uygulay\u0131n\u0131z. G&uuml;ndelik kullan\u0131m i&ccedil;in uygundur.<\/p>\n","protected":false},"excerpt":{"rendered":"<p>Tuzsuz \u015eampuan 1000 ML<\/p>\n","protected":false},"featured_media":92192,"comment_status":"open","ping_status":"closed","template":"","meta":{"_kad_post_transparent":"","_kad_post_title":"","_kad_post_layout":"","_kad_post_sidebar_id":"","_kad_post_content_style":"","_kad_post_vertical_padding":"","_kad_post_feature":"","_kad_post_feature_position":"","_kad_post_header":false,"_kad_post_footer":false,"_kad_post_classname":""},"product_brand":[],"product_cat":[452,586,665],"product_tag":[],"class_list":{"0":"post-92193","1":"product","2":"type-product","3":"status-publish","4":"has-post-thumbnail","6":"product_cat-kozmetik","7":"product_cat-sac-bakimi","8":"product_cat-sampuan","10":"first","11":"instock","12":"shipping-taxable","13":"purchasable","14":"product-type-simple","15":"entry","16":"content-bg","17":"loop-entry"},"_links":{"self":[{"href":"https:\/\/www.hediyepazar.com\/index.php?rest_route=\/wp\/v2\/product\/92193","targetHints":{"allow":["GET"]}}],"collection":[{"href":"https:\/\/www.hediyepazar.com\/index.php?rest_route=\/wp\/v2\/product"}],"about":[{"href":"https:\/\/www.hediyepazar.com\/index.php?rest_route=\/wp\/v2\/types\/product"}],"replies":[{"embeddable":true,"href":"https:\/\/www.hediyepazar.com\/index.php?rest_route=%2Fwp%2Fv2%2Fcomments&post=92193"}],"wp:featuredmedia":[{"embeddable":true,"href":"https:\/\/www.hediyepazar.com\/index.php?rest_route=\/wp\/v2\/media\/92192"}],"wp:attachment":[{"href":"https:\/\/www.hediyepazar.com\/index.php?rest_route=%2Fwp%2Fv2%2Fmedia&parent=92193"}],"wp:term":[{"taxonomy":"product_brand","embeddable":true,"href":"https:\/\/www.hediyepazar.com\/index.php?rest_route=%2Fwp%2Fv2%2Fproduct_brand&post=92193"},{"taxonomy":"product_cat","embeddable":true,"href":"https:\/\/www.hediyepazar.com\/index.php?rest_route=%2Fwp%2Fv2%2Fproduct_cat&post=92193"},{"taxonomy":"product_tag","embeddable":true,"href":"https:\/\/www.hediyepazar.com\/index.php?rest_route=%2Fwp%2Fv2%2Fproduct_tag&post=92193"}],"curies":[{"name":"wp","href":"https:\/\/api.w.org\/{rel}","templated":true}]}}