{"id":92205,"date":"2026-04-30T17:12:34","date_gmt":"2026-04-30T20:12:34","guid":{"rendered":"https:\/\/www.hediyepazar.com\/?product=detox-bitki-cayi-bardak-poset-20li"},"modified":"2026-04-30T17:12:34","modified_gmt":"2026-04-30T20:12:34","slug":"detox-bitki-cayi-bardak-poset-20li","status":"publish","type":"product","link":"https:\/\/www.hediyepazar.com\/?product=detox-bitki-cayi-bardak-poset-20li","title":{"rendered":"Detox Bitki \u00c7ay\u0131 Bardak Po\u015fet 20\u2019li"},"content":{"rendered":"<table style=\"border-collapse:collapse; width:463pt; border:none\" width=\"617\">\n<colgroup>\n<col style=\"width:463pt\" width=\"617\" \/>\n\t<\/colgroup>\n<tbody>\n<tr height=\"80\" style=\"height:60.0pt\">\n<td class=\"xl67\" height=\"80\" style=\"border:none; height:60.0pt; width:463pt; text-align:left; vertical-align:middle; white-space:normal; padding-top:1px; padding-right:1px; padding-left:1px\" width=\"617\"><span style=\"font-size:11pt\"><span style=\"font-weight:400\"><span style=\"font-style:normal\"><span style=\"text-decoration:none\"><span style=\"font-family:Calibri,sans-serif\">Detox Bitki &Ccedil;ay\u0131 Bardak Po\u015fet 20&#39;li V&uuml;cutlar\u0131n\u0131 iyi durumda tutmak isteyenler i&ccedil;in m&uuml;kemmel birle\u015fik bitki kar\u0131\u015f\u0131mlar\u0131 sunar. Bitkilerin kilo verme etkisini ya\u015fay\u0131n. Tamamen Do\u011fal Form &Ccedil;ay. Kar\u0131\u015f\u0131k Otlar ile yap\u0131lm\u0131\u015ft\u0131r. Malzemeler: Ye\u015fil &Ccedil;ay, Is\u0131rgan Otu, Kiraz Meyve Sap\u0131, Biberiye, Mate, Nane, Zencefil<br \/>\n\t\t\tPaket \u0130&ccedil;eri\u011fi : 1 Adet<\/span><\/span><\/span><\/span><\/span><\/td>\n<\/tr>\n<\/tbody>\n<\/table>\n","protected":false},"excerpt":{"rendered":"<p>Detox Bitki \u00c7ay\u0131 Bardak Po\u015fet 20\u2019li<\/p>\n","protected":false},"featured_media":92204,"comment_status":"open","ping_status":"closed","template":"","meta":{"_kad_post_transparent":"","_kad_post_title":"","_kad_post_layout":"","_kad_post_sidebar_id":"","_kad_post_content_style":"","_kad_post_vertical_padding":"","_kad_post_feature":"","_kad_post_feature_position":"","_kad_post_header":false,"_kad_post_footer":false,"_kad_post_classname":""},"product_brand":[],"product_cat":[627,625,692],"product_tag":[],"class_list":{"0":"post-92205","1":"product","2":"type-product","3":"status-publish","4":"has-post-thumbnail","6":"product_cat-bitki-cayi","7":"product_cat-bitkisel-organik","8":"product_cat-diger-bitki-caylari","10":"first","11":"instock","12":"shipping-taxable","13":"purchasable","14":"product-type-simple","15":"entry","16":"content-bg","17":"loop-entry"},"_links":{"self":[{"href":"https:\/\/www.hediyepazar.com\/index.php?rest_route=\/wp\/v2\/product\/92205","targetHints":{"allow":["GET"]}}],"collection":[{"href":"https:\/\/www.hediyepazar.com\/index.php?rest_route=\/wp\/v2\/product"}],"about":[{"href":"https:\/\/www.hediyepazar.com\/index.php?rest_route=\/wp\/v2\/types\/product"}],"replies":[{"embeddable":true,"href":"https:\/\/www.hediyepazar.com\/index.php?rest_route=%2Fwp%2Fv2%2Fcomments&post=92205"}],"wp:featuredmedia":[{"embeddable":true,"href":"https:\/\/www.hediyepazar.com\/index.php?rest_route=\/wp\/v2\/media\/92204"}],"wp:attachment":[{"href":"https:\/\/www.hediyepazar.com\/index.php?rest_route=%2Fwp%2Fv2%2Fmedia&parent=92205"}],"wp:term":[{"taxonomy":"product_brand","embeddable":true,"href":"https:\/\/www.hediyepazar.com\/index.php?rest_route=%2Fwp%2Fv2%2Fproduct_brand&post=92205"},{"taxonomy":"product_cat","embeddable":true,"href":"https:\/\/www.hediyepazar.com\/index.php?rest_route=%2Fwp%2Fv2%2Fproduct_cat&post=92205"},{"taxonomy":"product_tag","embeddable":true,"href":"https:\/\/www.hediyepazar.com\/index.php?rest_route=%2Fwp%2Fv2%2Fproduct_tag&post=92205"}],"curies":[{"name":"wp","href":"https:\/\/api.w.org\/{rel}","templated":true}]}}