{"id":92209,"date":"2026-04-30T17:12:49","date_gmt":"2026-04-30T20:12:49","guid":{"rendered":"https:\/\/www.hediyepazar.com\/?product=elma-cayi-bardak-poset-20li"},"modified":"2026-04-30T17:12:49","modified_gmt":"2026-04-30T20:12:49","slug":"elma-cayi-bardak-poset-20li","status":"publish","type":"product","link":"https:\/\/www.hediyepazar.com\/?product=elma-cayi-bardak-poset-20li","title":{"rendered":"Elma \u00c7ay\u0131 Bardak Po\u015fet 20\u2019li"},"content":{"rendered":"<table style=\"border-collapse:collapse; width:463pt; border:none\" width=\"617\">\n<colgroup>\n<col style=\"width:463pt\" width=\"617\" \/>\n\t<\/colgroup>\n<tbody>\n<tr height=\"20\" style=\"height:15.0pt\">\n<td class=\"xl67\" height=\"20\" style=\"border:none; height:15.0pt; width:463pt; text-align:left; vertical-align:middle; padding-top:1px; padding-right:1px; padding-left:1px; white-space:nowrap\" width=\"617\"><span style=\"font-size:11pt\"><span style=\"font-weight:400\"><span style=\"font-style:normal\"><span style=\"text-decoration:none\"><span style=\"font-family:Calibri,sans-serif\">Elma &Ccedil;ay\u0131 &ndash; Bardak Po\u015fet &Ccedil;ay 20 li<br \/>\n\t\t\tHaz\u0131rlan\u0131\u015f\u0131 : S&uuml;zen po\u015feti fincana koyunuz &Uuml;zerine 100&deg;C de kaynam\u0131\u015f su ilave ediniz<br \/>\n\t\t\t\u0130stedi\u011finiz dem ve yo\u011funlu\u011fu elde etmek i&ccedil;in 2 -3 dakika bekleyiniz \u0130ste\u011fe g&ouml;re bal veya<br \/>\n\t\t\t\u015feker katarak limon ile servis yapabilirsiniz Afiyet olsun&hellip;<br \/>\n\t\t\t\u0130&ccedil;indekiler : Elma, Bamya &ccedil;i&ccedil;e\u011fi, Elma aromas\u0131, Tar&ccedil;\u0131n, Stevya<br \/>\n\t\t\tPaket \u0130&ccedil;eri\u011fi : 1 Adet<\/span><\/span><\/span><\/span><\/span><\/td>\n<\/tr>\n<\/tbody>\n<\/table>\n","protected":false},"excerpt":{"rendered":"<p>Elma \u00c7ay\u0131 Bardak Po\u015fet  20\u2019li<\/p>\n","protected":false},"featured_media":92208,"comment_status":"open","ping_status":"closed","template":"","meta":{"_kad_post_transparent":"","_kad_post_title":"","_kad_post_layout":"","_kad_post_sidebar_id":"","_kad_post_content_style":"","_kad_post_vertical_padding":"","_kad_post_feature":"","_kad_post_feature_position":"","_kad_post_header":false,"_kad_post_footer":false,"_kad_post_classname":""},"product_brand":[],"product_cat":[627,625,692],"product_tag":[],"class_list":{"0":"post-92209","1":"product","2":"type-product","3":"status-publish","4":"has-post-thumbnail","6":"product_cat-bitki-cayi","7":"product_cat-bitkisel-organik","8":"product_cat-diger-bitki-caylari","10":"first","11":"instock","12":"shipping-taxable","13":"purchasable","14":"product-type-simple","15":"entry","16":"content-bg","17":"loop-entry"},"_links":{"self":[{"href":"https:\/\/www.hediyepazar.com\/index.php?rest_route=\/wp\/v2\/product\/92209","targetHints":{"allow":["GET"]}}],"collection":[{"href":"https:\/\/www.hediyepazar.com\/index.php?rest_route=\/wp\/v2\/product"}],"about":[{"href":"https:\/\/www.hediyepazar.com\/index.php?rest_route=\/wp\/v2\/types\/product"}],"replies":[{"embeddable":true,"href":"https:\/\/www.hediyepazar.com\/index.php?rest_route=%2Fwp%2Fv2%2Fcomments&post=92209"}],"wp:featuredmedia":[{"embeddable":true,"href":"https:\/\/www.hediyepazar.com\/index.php?rest_route=\/wp\/v2\/media\/92208"}],"wp:attachment":[{"href":"https:\/\/www.hediyepazar.com\/index.php?rest_route=%2Fwp%2Fv2%2Fmedia&parent=92209"}],"wp:term":[{"taxonomy":"product_brand","embeddable":true,"href":"https:\/\/www.hediyepazar.com\/index.php?rest_route=%2Fwp%2Fv2%2Fproduct_brand&post=92209"},{"taxonomy":"product_cat","embeddable":true,"href":"https:\/\/www.hediyepazar.com\/index.php?rest_route=%2Fwp%2Fv2%2Fproduct_cat&post=92209"},{"taxonomy":"product_tag","embeddable":true,"href":"https:\/\/www.hediyepazar.com\/index.php?rest_route=%2Fwp%2Fv2%2Fproduct_tag&post=92209"}],"curies":[{"name":"wp","href":"https:\/\/api.w.org\/{rel}","templated":true}]}}