{"id":92215,"date":"2026-04-30T17:13:07","date_gmt":"2026-04-30T20:13:07","guid":{"rendered":"https:\/\/www.hediyepazar.com\/?product=kis-cayi-bardak-poset-20li"},"modified":"2026-04-30T17:13:07","modified_gmt":"2026-04-30T20:13:07","slug":"kis-cayi-bardak-poset-20li","status":"publish","type":"product","link":"https:\/\/www.hediyepazar.com\/?product=kis-cayi-bardak-poset-20li","title":{"rendered":"K\u0131\u015f \u00c7ay\u0131 Bardak Po\u015fet 20\u2019li"},"content":{"rendered":"<table style=\"border-collapse:collapse; width:463pt; border:none\" width=\"617\">\n<colgroup>\n<col style=\"width:463pt\" width=\"617\" \/>\n\t<\/colgroup>\n<tbody>\n<tr height=\"20\" style=\"height:15.0pt\">\n<td class=\"xl67\" height=\"20\" style=\"border:none; height:15.0pt; width:463pt; text-align:left; vertical-align:middle; padding-top:1px; padding-right:1px; padding-left:1px; white-space:nowrap\" width=\"617\"><span style=\"font-size:11pt\"><span style=\"font-weight:400\"><span style=\"font-style:normal\"><span style=\"text-decoration:none\"><span style=\"font-family:Calibri,sans-serif\">\u0130&ccedil;indekiler Echinacea(Ekinezya(%12), Tilia(Ihlamur &Ccedil;i&ccedil;e\u011fi.Yapra\u011f\u0131(%11),<br \/>\n\t\t\tCinnamomum zeylanicum(Tar&ccedil;\u0131n Kabu\u011fu(%10), Zingiber officinale(Zencefil(%10),<br \/>\n\t\t\tRosa canina(Ku\u015fburnu(%9),Salvia triloba (Ada&ccedil;ay\u0131 Yapra\u011f\u0131), Curcuma longa(Zerde&ccedil;al k&ouml;k),<br \/>\n\t\t\tPiper longum(Dar\u0131f&uuml;lf&uuml;l), Eugenia caryophyllata(Karanfil), Alpinia officinarum(Havl\u0131can),<br \/>\n\t\t\tElettaria cardamomum(Kakule),&nbsp; Hibiscus sabdariffa&nbsp; (Hibisk&uuml;s), Piper nigrum(Karabiber).<br \/>\n\t\t\tKullan\u0131m \u015eekli:&nbsp; Bir s&uuml;zen po\u015feti fincan\u0131n\u0131za koyup &uuml;zerine yeni kaynam\u0131\u015f su ilave ederek, 3-5 dakika demleyiniz.<br \/>\n\t\t\tArzunuza g&ouml;re tatland\u0131rabilirsiniz.<br \/>\n\t\t\tPaket \u0130&ccedil;eri\u011fi : 1 Adet<\/span><\/span><\/span><\/span><\/span><\/td>\n<\/tr>\n<\/tbody>\n<\/table>\n","protected":false},"excerpt":{"rendered":"<p>K\u0131\u015f \u00c7ay\u0131  Bardak Po\u015fet 20\u2019li<\/p>\n","protected":false},"featured_media":92214,"comment_status":"open","ping_status":"closed","template":"","meta":{"_kad_post_transparent":"","_kad_post_title":"","_kad_post_layout":"","_kad_post_sidebar_id":"","_kad_post_content_style":"","_kad_post_vertical_padding":"","_kad_post_feature":"","_kad_post_feature_position":"","_kad_post_header":false,"_kad_post_footer":false,"_kad_post_classname":""},"product_brand":[],"product_cat":[627,625,692],"product_tag":[],"class_list":{"0":"post-92215","1":"product","2":"type-product","3":"status-publish","4":"has-post-thumbnail","6":"product_cat-bitki-cayi","7":"product_cat-bitkisel-organik","8":"product_cat-diger-bitki-caylari","10":"first","11":"instock","12":"shipping-taxable","13":"purchasable","14":"product-type-simple","15":"entry","16":"content-bg","17":"loop-entry"},"_links":{"self":[{"href":"https:\/\/www.hediyepazar.com\/index.php?rest_route=\/wp\/v2\/product\/92215","targetHints":{"allow":["GET"]}}],"collection":[{"href":"https:\/\/www.hediyepazar.com\/index.php?rest_route=\/wp\/v2\/product"}],"about":[{"href":"https:\/\/www.hediyepazar.com\/index.php?rest_route=\/wp\/v2\/types\/product"}],"replies":[{"embeddable":true,"href":"https:\/\/www.hediyepazar.com\/index.php?rest_route=%2Fwp%2Fv2%2Fcomments&post=92215"}],"wp:featuredmedia":[{"embeddable":true,"href":"https:\/\/www.hediyepazar.com\/index.php?rest_route=\/wp\/v2\/media\/92214"}],"wp:attachment":[{"href":"https:\/\/www.hediyepazar.com\/index.php?rest_route=%2Fwp%2Fv2%2Fmedia&parent=92215"}],"wp:term":[{"taxonomy":"product_brand","embeddable":true,"href":"https:\/\/www.hediyepazar.com\/index.php?rest_route=%2Fwp%2Fv2%2Fproduct_brand&post=92215"},{"taxonomy":"product_cat","embeddable":true,"href":"https:\/\/www.hediyepazar.com\/index.php?rest_route=%2Fwp%2Fv2%2Fproduct_cat&post=92215"},{"taxonomy":"product_tag","embeddable":true,"href":"https:\/\/www.hediyepazar.com\/index.php?rest_route=%2Fwp%2Fv2%2Fproduct_tag&post=92215"}],"curies":[{"name":"wp","href":"https:\/\/api.w.org\/{rel}","templated":true}]}}