{"id":92225,"date":"2026-04-30T17:13:51","date_gmt":"2026-04-30T20:13:51","guid":{"rendered":"https:\/\/www.hediyepazar.com\/?product=anne-bebek-bitki-cayi-bardak-poset-20li"},"modified":"2026-04-30T17:13:51","modified_gmt":"2026-04-30T20:13:51","slug":"anne-bebek-bitki-cayi-bardak-poset-20li","status":"publish","type":"product","link":"https:\/\/www.hediyepazar.com\/?product=anne-bebek-bitki-cayi-bardak-poset-20li","title":{"rendered":"Anne Bebek Bitki \u00c7ay\u0131 Bardak Po\u015fet 20\u2019li"},"content":{"rendered":"<table style=\"border-collapse:collapse; width:463pt; border:none\" width=\"617\">\n<colgroup>\n<col style=\"width:463pt\" width=\"617\" \/>\n\t<\/colgroup>\n<tbody>\n<tr height=\"40\" style=\"height:30.0pt\">\n<td class=\"xl67\" height=\"40\" style=\"border:none; height:30.0pt; width:463pt; text-align:left; vertical-align:middle; white-space:normal; padding-top:1px; padding-right:1px; padding-left:1px\" width=\"617\"><span style=\"font-size:11pt\"><span style=\"font-weight:400\"><span style=\"font-style:normal\"><span style=\"text-decoration:none\"><span style=\"font-family:Calibri,sans-serif\">Anne Bebek &Ccedil;ay\u0131 Kar\u0131\u015f\u0131k Bitki S&uuml;zen Po\u015fet &Ccedil;ay 20&#39;li \u0130&ccedil;indekiler : biberiye, papatya anason,limon otu, karanfil,meyan k&ouml;k&uuml;, limon aroma verici&nbsp; Paket \u0130&ccedil;eri\u011fi : 1 Adet<\/span><\/span><\/span><\/span><\/span><\/td>\n<\/tr>\n<\/tbody>\n<\/table>\n","protected":false},"excerpt":{"rendered":"<p>Anne Bebek Bitki \u00c7ay\u0131  Bardak Po\u015fet 20\u2019li<\/p>\n","protected":false},"featured_media":92224,"comment_status":"open","ping_status":"closed","template":"","meta":{"_kad_post_transparent":"","_kad_post_title":"","_kad_post_layout":"","_kad_post_sidebar_id":"","_kad_post_content_style":"","_kad_post_vertical_padding":"","_kad_post_feature":"","_kad_post_feature_position":"","_kad_post_header":false,"_kad_post_footer":false,"_kad_post_classname":""},"product_brand":[],"product_cat":[627,625,692],"product_tag":[],"class_list":{"0":"post-92225","1":"product","2":"type-product","3":"status-publish","4":"has-post-thumbnail","6":"product_cat-bitki-cayi","7":"product_cat-bitkisel-organik","8":"product_cat-diger-bitki-caylari","10":"first","11":"instock","12":"shipping-taxable","13":"purchasable","14":"product-type-simple","15":"entry","16":"content-bg","17":"loop-entry"},"_links":{"self":[{"href":"https:\/\/www.hediyepazar.com\/index.php?rest_route=\/wp\/v2\/product\/92225","targetHints":{"allow":["GET"]}}],"collection":[{"href":"https:\/\/www.hediyepazar.com\/index.php?rest_route=\/wp\/v2\/product"}],"about":[{"href":"https:\/\/www.hediyepazar.com\/index.php?rest_route=\/wp\/v2\/types\/product"}],"replies":[{"embeddable":true,"href":"https:\/\/www.hediyepazar.com\/index.php?rest_route=%2Fwp%2Fv2%2Fcomments&post=92225"}],"wp:featuredmedia":[{"embeddable":true,"href":"https:\/\/www.hediyepazar.com\/index.php?rest_route=\/wp\/v2\/media\/92224"}],"wp:attachment":[{"href":"https:\/\/www.hediyepazar.com\/index.php?rest_route=%2Fwp%2Fv2%2Fmedia&parent=92225"}],"wp:term":[{"taxonomy":"product_brand","embeddable":true,"href":"https:\/\/www.hediyepazar.com\/index.php?rest_route=%2Fwp%2Fv2%2Fproduct_brand&post=92225"},{"taxonomy":"product_cat","embeddable":true,"href":"https:\/\/www.hediyepazar.com\/index.php?rest_route=%2Fwp%2Fv2%2Fproduct_cat&post=92225"},{"taxonomy":"product_tag","embeddable":true,"href":"https:\/\/www.hediyepazar.com\/index.php?rest_route=%2Fwp%2Fv2%2Fproduct_tag&post=92225"}],"curies":[{"name":"wp","href":"https:\/\/api.w.org\/{rel}","templated":true}]}}