{"id":9242,"date":"2026-04-26T07:18:33","date_gmt":"2026-04-26T10:18:33","guid":{"rendered":"https:\/\/www.hediyepazar.com\/?product=powermaster-t-30-solar-panelli-hareket-sensorlu-ledli-maket-kamera"},"modified":"2026-04-26T07:18:33","modified_gmt":"2026-04-26T10:18:33","slug":"powermaster-t-30-solar-panelli-hareket-sensorlu-ledli-maket-kamera","status":"publish","type":"product","link":"https:\/\/www.hediyepazar.com\/?product=powermaster-t-30-solar-panelli-hareket-sensorlu-ledli-maket-kamera","title":{"rendered":"Powermaster T-30 Solar Panelli Hareket Sens\u00f6rl\u00fc Ledli Maket Kamera"},"content":{"rendered":"<p>Powermaster T-30 Solar Panelli Hareket Sens\u00f6rl\u00fc Ledli Maket Kamera<\/p>\n","protected":false},"excerpt":{"rendered":"<p>Powermaster T-30 Solar Panelli Hareket Sens\u00f6rl\u00fc Ledli Maket Kamera<\/p>\n","protected":false},"featured_media":9243,"comment_status":"closed","ping_status":"open","template":"","meta":{"_kad_post_transparent":"","_kad_post_title":"","_kad_post_layout":"","_kad_post_sidebar_id":"","_kad_post_content_style":"","_kad_post_vertical_padding":"","_kad_post_feature":"","_kad_post_feature_position":"","_kad_post_header":false,"_kad_post_footer":false,"_kad_post_classname":""},"product_brand":[],"product_cat":[287],"product_tag":[],"class_list":{"0":"post-9242","1":"product","2":"type-product","3":"status-publish","4":"has-post-thumbnail","6":"product_cat-guvenlik-sistemleri-guvenlik-ekipmanlari-maket-kameralar","8":"first","9":"instock","10":"purchasable","11":"product-type-simple","12":"entry","13":"content-bg","14":"loop-entry"},"_links":{"self":[{"href":"https:\/\/www.hediyepazar.com\/index.php?rest_route=\/wp\/v2\/product\/9242","targetHints":{"allow":["GET"]}}],"collection":[{"href":"https:\/\/www.hediyepazar.com\/index.php?rest_route=\/wp\/v2\/product"}],"about":[{"href":"https:\/\/www.hediyepazar.com\/index.php?rest_route=\/wp\/v2\/types\/product"}],"replies":[{"embeddable":true,"href":"https:\/\/www.hediyepazar.com\/index.php?rest_route=%2Fwp%2Fv2%2Fcomments&post=9242"}],"wp:featuredmedia":[{"embeddable":true,"href":"https:\/\/www.hediyepazar.com\/index.php?rest_route=\/wp\/v2\/media\/9243"}],"wp:attachment":[{"href":"https:\/\/www.hediyepazar.com\/index.php?rest_route=%2Fwp%2Fv2%2Fmedia&parent=9242"}],"wp:term":[{"taxonomy":"product_brand","embeddable":true,"href":"https:\/\/www.hediyepazar.com\/index.php?rest_route=%2Fwp%2Fv2%2Fproduct_brand&post=9242"},{"taxonomy":"product_cat","embeddable":true,"href":"https:\/\/www.hediyepazar.com\/index.php?rest_route=%2Fwp%2Fv2%2Fproduct_cat&post=9242"},{"taxonomy":"product_tag","embeddable":true,"href":"https:\/\/www.hediyepazar.com\/index.php?rest_route=%2Fwp%2Fv2%2Fproduct_tag&post=9242"}],"curies":[{"name":"wp","href":"https:\/\/api.w.org\/{rel}","templated":true}]}}