{"id":9292,"date":"2026-04-26T07:18:47","date_gmt":"2026-04-26T10:18:47","guid":{"rendered":"https:\/\/www.hediyepazar.com\/?product=jetclean-500ml-endustriyel-metal-parca-temizleme-spreyi"},"modified":"2026-04-26T07:18:49","modified_gmt":"2026-04-26T10:18:49","slug":"jetclean-500ml-endustriyel-metal-parca-temizleme-spreyi","status":"publish","type":"product","link":"https:\/\/www.hediyepazar.com\/?product=jetclean-500ml-endustriyel-metal-parca-temizleme-spreyi","title":{"rendered":"Jetclean 500ml End\u00fcstriyel Metal Par\u00e7a Temizleme Spreyi"},"content":{"rendered":"<p>Jetclean 500ml End\u00fcstriyel Metal Par\u00e7a Temizleme Spreyi<\/p>\n","protected":false},"excerpt":{"rendered":"<p>Jetclean 500ml End\u00fcstriyel Metal Par\u00e7a Temizleme Spreyi<\/p>\n","protected":false},"featured_media":9293,"comment_status":"closed","ping_status":"open","template":"","meta":{"_kad_post_transparent":"","_kad_post_title":"","_kad_post_layout":"","_kad_post_sidebar_id":"","_kad_post_content_style":"","_kad_post_vertical_padding":"","_kad_post_feature":"","_kad_post_feature_position":"","_kad_post_header":false,"_kad_post_footer":false,"_kad_post_classname":""},"product_brand":[],"product_cat":[204],"product_tag":[],"class_list":{"0":"post-9292","1":"product","2":"type-product","3":"status-publish","4":"has-post-thumbnail","6":"product_cat-hirdavat-malzemeleri-hirdavat-tamir-malzemeleri-sprey","8":"first","9":"instock","10":"purchasable","11":"product-type-simple","12":"entry","13":"content-bg","14":"loop-entry"},"_links":{"self":[{"href":"https:\/\/www.hediyepazar.com\/index.php?rest_route=\/wp\/v2\/product\/9292","targetHints":{"allow":["GET"]}}],"collection":[{"href":"https:\/\/www.hediyepazar.com\/index.php?rest_route=\/wp\/v2\/product"}],"about":[{"href":"https:\/\/www.hediyepazar.com\/index.php?rest_route=\/wp\/v2\/types\/product"}],"replies":[{"embeddable":true,"href":"https:\/\/www.hediyepazar.com\/index.php?rest_route=%2Fwp%2Fv2%2Fcomments&post=9292"}],"wp:featuredmedia":[{"embeddable":true,"href":"https:\/\/www.hediyepazar.com\/index.php?rest_route=\/wp\/v2\/media\/9293"}],"wp:attachment":[{"href":"https:\/\/www.hediyepazar.com\/index.php?rest_route=%2Fwp%2Fv2%2Fmedia&parent=9292"}],"wp:term":[{"taxonomy":"product_brand","embeddable":true,"href":"https:\/\/www.hediyepazar.com\/index.php?rest_route=%2Fwp%2Fv2%2Fproduct_brand&post=9292"},{"taxonomy":"product_cat","embeddable":true,"href":"https:\/\/www.hediyepazar.com\/index.php?rest_route=%2Fwp%2Fv2%2Fproduct_cat&post=9292"},{"taxonomy":"product_tag","embeddable":true,"href":"https:\/\/www.hediyepazar.com\/index.php?rest_route=%2Fwp%2Fv2%2Fproduct_tag&post=9292"}],"curies":[{"name":"wp","href":"https:\/\/api.w.org\/{rel}","templated":true}]}}