{"id":93441,"date":"2026-04-30T18:40:30","date_gmt":"2026-04-30T21:40:30","guid":{"rendered":"https:\/\/www.hediyepazar.com\/?product=keratin-sampuan-1000-ml-besleyici-koruyucu-etki"},"modified":"2026-04-30T18:40:30","modified_gmt":"2026-04-30T21:40:30","slug":"keratin-sampuan-1000-ml-besleyici-koruyucu-etki","status":"publish","type":"product","link":"https:\/\/www.hediyepazar.com\/?product=keratin-sampuan-1000-ml-besleyici-koruyucu-etki","title":{"rendered":"Keratin \u015eampuan 1000 ML &#8211; Besleyici Koruyucu Etki"},"content":{"rendered":"<p>Keratin \u015eampuan<br \/>\nBubble Keratin \u015eampuan &ccedil;ok y\u0131pranm\u0131\u015f ve a\u015f\u0131r\u0131 i\u015flem g&ouml;rm&uuml;\u015f sa&ccedil;lar i&ccedil;in &ouml;zel olarak form&uuml;le edilmi\u015ftir. Bu\u011fday, m\u0131s\u0131r ve soya fasulyesinden elde edilen hidrolize proteinlerden olu\u015fan bitkisel keratinle zenginle\u015ftirilmi\u015ftir.<\/p>\n<p>Sa&ccedil;\u0131n\u0131z\u0131 nazik&ccedil;e temizlerken, sa&ccedil;\u0131n neminin artmas\u0131na ve \u0131slak, kolay taranmas\u0131na yard\u0131mc\u0131 olur. \u0130&ccedil;eri\u011finde bulunan &ouml;zel bile\u015fenler sayesinde daha yumu\u015fak ve g&uuml;&ccedil;l&uuml; sa&ccedil;lara sahip olursunuz. Keratin \u015fampuan sa&ccedil;\u0131n sa\u011fl\u0131kl\u0131 ve parlak g&ouml;r&uuml;nmesini sa\u011flar. Sa&ccedil;taki y\u0131pranmalar\u0131 &ouml;nlemeye &ccedil;al\u0131\u015f\u0131r, diplere do\u011fru nemlendirmeye yard\u0131mc\u0131 olur.<\/p>\n","protected":false},"excerpt":{"rendered":"<p>Morfose Keratin \u015eampuan 1000 ML &#8211; Besleyici Koruyucu Etki<\/p>\n","protected":false},"featured_media":93440,"comment_status":"open","ping_status":"closed","template":"","meta":{"_kad_post_transparent":"","_kad_post_title":"","_kad_post_layout":"","_kad_post_sidebar_id":"","_kad_post_content_style":"","_kad_post_vertical_padding":"","_kad_post_feature":"","_kad_post_feature_position":"","_kad_post_header":false,"_kad_post_footer":false,"_kad_post_classname":""},"product_brand":[],"product_cat":[452,586,665],"product_tag":[],"class_list":{"0":"post-93441","1":"product","2":"type-product","3":"status-publish","4":"has-post-thumbnail","6":"product_cat-kozmetik","7":"product_cat-sac-bakimi","8":"product_cat-sampuan","10":"first","11":"instock","12":"shipping-taxable","13":"purchasable","14":"product-type-simple","15":"entry","16":"content-bg","17":"loop-entry"},"_links":{"self":[{"href":"https:\/\/www.hediyepazar.com\/index.php?rest_route=\/wp\/v2\/product\/93441","targetHints":{"allow":["GET"]}}],"collection":[{"href":"https:\/\/www.hediyepazar.com\/index.php?rest_route=\/wp\/v2\/product"}],"about":[{"href":"https:\/\/www.hediyepazar.com\/index.php?rest_route=\/wp\/v2\/types\/product"}],"replies":[{"embeddable":true,"href":"https:\/\/www.hediyepazar.com\/index.php?rest_route=%2Fwp%2Fv2%2Fcomments&post=93441"}],"wp:featuredmedia":[{"embeddable":true,"href":"https:\/\/www.hediyepazar.com\/index.php?rest_route=\/wp\/v2\/media\/93440"}],"wp:attachment":[{"href":"https:\/\/www.hediyepazar.com\/index.php?rest_route=%2Fwp%2Fv2%2Fmedia&parent=93441"}],"wp:term":[{"taxonomy":"product_brand","embeddable":true,"href":"https:\/\/www.hediyepazar.com\/index.php?rest_route=%2Fwp%2Fv2%2Fproduct_brand&post=93441"},{"taxonomy":"product_cat","embeddable":true,"href":"https:\/\/www.hediyepazar.com\/index.php?rest_route=%2Fwp%2Fv2%2Fproduct_cat&post=93441"},{"taxonomy":"product_tag","embeddable":true,"href":"https:\/\/www.hediyepazar.com\/index.php?rest_route=%2Fwp%2Fv2%2Fproduct_tag&post=93441"}],"curies":[{"name":"wp","href":"https:\/\/api.w.org\/{rel}","templated":true}]}}