{"id":93447,"date":"2026-04-30T18:40:47","date_gmt":"2026-04-30T21:40:47","guid":{"rendered":"https:\/\/www.hediyepazar.com\/?product=biotin-sampuan-1000-ml-yumusak-ve-guclu-saclar"},"modified":"2026-04-30T18:40:47","modified_gmt":"2026-04-30T21:40:47","slug":"biotin-sampuan-1000-ml-yumusak-ve-guclu-saclar","status":"publish","type":"product","link":"https:\/\/www.hediyepazar.com\/?product=biotin-sampuan-1000-ml-yumusak-ve-guclu-saclar","title":{"rendered":"Biotin \u015eampuan 1000 ML &#8211; Yumu\u015fak ve G\u00fc\u00e7l\u00fc Sa\u00e7lar"},"content":{"rendered":"<p>Biotin \u015eampuan<br \/>\nBubble Biotin \u015eampuan, t&uuml;m sa&ccedil; tipler i&ccedil;in kullan\u0131ma uygundur. Biotin \u015fampuan &ouml;zel olarak form&uuml;le edilmi\u015ftir. Sa&ccedil;\u0131n\u0131z\u0131 nazik&ccedil;e temizlerken sa&ccedil;\u0131n elastikiyetinin artmas\u0131na da yard\u0131mc\u0131 olur.<\/p>\n<p>\u0130&ccedil;eri\u011finde bulunan &ouml;zel bile\u015fenler daha yumu\u015fak ve g&uuml;&ccedil;l&uuml; sa&ccedil;lara sahip olman\u0131z\u0131 destekler. Biotin, sa&ccedil; tellerinin kal\u0131nla\u015fmas\u0131n\u0131 ve sa&ccedil;lar\u0131n canl\u0131 g&ouml;r&uuml;nmesini sa\u011flar. Sa&ccedil; d&ouml;k&uuml;lmelerine kar\u015f\u0131 etkilidir.<\/p>\n","protected":false},"excerpt":{"rendered":"<p>Morfose Biotin \u015eampuan 1000 ML &#8211; Yumu\u015fak ve G\u00fc\u00e7l\u00fc Sa\u00e7lar<\/p>\n","protected":false},"featured_media":93446,"comment_status":"open","ping_status":"closed","template":"","meta":{"_kad_post_transparent":"","_kad_post_title":"","_kad_post_layout":"","_kad_post_sidebar_id":"","_kad_post_content_style":"","_kad_post_vertical_padding":"","_kad_post_feature":"","_kad_post_feature_position":"","_kad_post_header":false,"_kad_post_footer":false,"_kad_post_classname":""},"product_brand":[],"product_cat":[452,586,665],"product_tag":[],"class_list":{"0":"post-93447","1":"product","2":"type-product","3":"status-publish","4":"has-post-thumbnail","6":"product_cat-kozmetik","7":"product_cat-sac-bakimi","8":"product_cat-sampuan","10":"first","11":"instock","12":"shipping-taxable","13":"purchasable","14":"product-type-simple","15":"entry","16":"content-bg","17":"loop-entry"},"_links":{"self":[{"href":"https:\/\/www.hediyepazar.com\/index.php?rest_route=\/wp\/v2\/product\/93447","targetHints":{"allow":["GET"]}}],"collection":[{"href":"https:\/\/www.hediyepazar.com\/index.php?rest_route=\/wp\/v2\/product"}],"about":[{"href":"https:\/\/www.hediyepazar.com\/index.php?rest_route=\/wp\/v2\/types\/product"}],"replies":[{"embeddable":true,"href":"https:\/\/www.hediyepazar.com\/index.php?rest_route=%2Fwp%2Fv2%2Fcomments&post=93447"}],"wp:featuredmedia":[{"embeddable":true,"href":"https:\/\/www.hediyepazar.com\/index.php?rest_route=\/wp\/v2\/media\/93446"}],"wp:attachment":[{"href":"https:\/\/www.hediyepazar.com\/index.php?rest_route=%2Fwp%2Fv2%2Fmedia&parent=93447"}],"wp:term":[{"taxonomy":"product_brand","embeddable":true,"href":"https:\/\/www.hediyepazar.com\/index.php?rest_route=%2Fwp%2Fv2%2Fproduct_brand&post=93447"},{"taxonomy":"product_cat","embeddable":true,"href":"https:\/\/www.hediyepazar.com\/index.php?rest_route=%2Fwp%2Fv2%2Fproduct_cat&post=93447"},{"taxonomy":"product_tag","embeddable":true,"href":"https:\/\/www.hediyepazar.com\/index.php?rest_route=%2Fwp%2Fv2%2Fproduct_tag&post=93447"}],"curies":[{"name":"wp","href":"https:\/\/api.w.org\/{rel}","templated":true}]}}