{"id":93449,"date":"2026-04-30T18:40:51","date_gmt":"2026-04-30T21:40:51","guid":{"rendered":"https:\/\/www.hediyepazar.com\/?product=milk-keratin-sampuan-1000-ml-besleyici-koruyucu-etki"},"modified":"2026-04-30T18:40:51","modified_gmt":"2026-04-30T21:40:51","slug":"milk-keratin-sampuan-1000-ml-besleyici-koruyucu-etki","status":"publish","type":"product","link":"https:\/\/www.hediyepazar.com\/?product=milk-keratin-sampuan-1000-ml-besleyici-koruyucu-etki","title":{"rendered":"Milk Keratin \u015eampuan 1000 ML &#8211; Besleyici Koruyucu Etki"},"content":{"rendered":"<p>Milk Keratin \u015eampuan<br \/>\nMilk Keratin \u015eampuan, sa&ccedil;lar\u0131n\u0131za &ouml;zenli bak\u0131m i&ccedil;in &ouml;zel olarak form&uuml;le edilmi\u015ftir. Milk Keratin \u015eampuan, en yo\u011fun s&uuml;t terapisini sa&ccedil;lar\u0131n\u0131zla bulu\u015fturur. \u0130&ccedil;erisinde yer alan 15 farkl\u0131 Amino Asit kompleksi ve Keratin ile temizlerken ayn\u0131 zamanda y\u0131pranm\u0131\u015f sa&ccedil;lar\u0131n\u0131z\u0131 onar\u0131r.<\/p>\n<p>Sa&ccedil;lar\u0131n daha parlak ve dolgun bir g&ouml;r&uuml;n&uuml;m kazand\u0131r\u0131r. Arginine ile sa&ccedil;lar\u0131n\u0131z\u0131 g&uuml;&ccedil;lendirir, koparak d&ouml;k&uuml;lmelerin azalmas\u0131na yard\u0131mc\u0131 olur. S&uuml;lfat i&ccedil;ermez. Sa&ccedil; tellerini ve sa&ccedil; derisini besler, onar\u0131r.<\/p>\n","protected":false},"excerpt":{"rendered":"<p>Morfose Milk Keratin \u015eampuan 1000 ML &#8211; Besleyici Koruyucu Etki<\/p>\n","protected":false},"featured_media":93448,"comment_status":"open","ping_status":"closed","template":"","meta":{"_kad_post_transparent":"","_kad_post_title":"","_kad_post_layout":"","_kad_post_sidebar_id":"","_kad_post_content_style":"","_kad_post_vertical_padding":"","_kad_post_feature":"","_kad_post_feature_position":"","_kad_post_header":false,"_kad_post_footer":false,"_kad_post_classname":""},"product_brand":[],"product_cat":[452,586,665],"product_tag":[],"class_list":{"0":"post-93449","1":"product","2":"type-product","3":"status-publish","4":"has-post-thumbnail","6":"product_cat-kozmetik","7":"product_cat-sac-bakimi","8":"product_cat-sampuan","10":"first","11":"instock","12":"shipping-taxable","13":"purchasable","14":"product-type-simple","15":"entry","16":"content-bg","17":"loop-entry"},"_links":{"self":[{"href":"https:\/\/www.hediyepazar.com\/index.php?rest_route=\/wp\/v2\/product\/93449","targetHints":{"allow":["GET"]}}],"collection":[{"href":"https:\/\/www.hediyepazar.com\/index.php?rest_route=\/wp\/v2\/product"}],"about":[{"href":"https:\/\/www.hediyepazar.com\/index.php?rest_route=\/wp\/v2\/types\/product"}],"replies":[{"embeddable":true,"href":"https:\/\/www.hediyepazar.com\/index.php?rest_route=%2Fwp%2Fv2%2Fcomments&post=93449"}],"wp:featuredmedia":[{"embeddable":true,"href":"https:\/\/www.hediyepazar.com\/index.php?rest_route=\/wp\/v2\/media\/93448"}],"wp:attachment":[{"href":"https:\/\/www.hediyepazar.com\/index.php?rest_route=%2Fwp%2Fv2%2Fmedia&parent=93449"}],"wp:term":[{"taxonomy":"product_brand","embeddable":true,"href":"https:\/\/www.hediyepazar.com\/index.php?rest_route=%2Fwp%2Fv2%2Fproduct_brand&post=93449"},{"taxonomy":"product_cat","embeddable":true,"href":"https:\/\/www.hediyepazar.com\/index.php?rest_route=%2Fwp%2Fv2%2Fproduct_cat&post=93449"},{"taxonomy":"product_tag","embeddable":true,"href":"https:\/\/www.hediyepazar.com\/index.php?rest_route=%2Fwp%2Fv2%2Fproduct_tag&post=93449"}],"curies":[{"name":"wp","href":"https:\/\/api.w.org\/{rel}","templated":true}]}}