{"id":93451,"date":"2026-04-30T18:40:55","date_gmt":"2026-04-30T21:40:55","guid":{"rendered":"https:\/\/www.hediyepazar.com\/?product=ultra-strong-sac-spreyi-400-ml-mrfs"},"modified":"2026-04-30T18:40:55","modified_gmt":"2026-04-30T21:40:55","slug":"ultra-strong-sac-spreyi-400-ml-mrfs","status":"publish","type":"product","link":"https:\/\/www.hediyepazar.com\/?product=ultra-strong-sac-spreyi-400-ml-mrfs","title":{"rendered":"Ultra Strong Sa\u00e7 Spreyi 400 ML &#8211; mrfs"},"content":{"rendered":"<p>Ultra G&uuml;&ccedil;l&uuml; Sa&ccedil; Spreyi, g&uuml;&ccedil;l&uuml; form&uuml;l&uuml; sayesinde sa&ccedil;lar\u0131n\u0131z\u0131 istedi\u011finiz bi&ccedil;imde sabitler. T&uuml;m hava ko\u015fullar\u0131nda sa&ccedil; \u015feklinizi korumaya yard\u0131mc\u0131 olur. \u0130&ccedil;eri\u011findeki keratin ile sa&ccedil;lar\u0131n\u0131z\u0131n canl\u0131 ve parlak g&ouml;z&uuml;kmesini sa\u011flar.<\/p>\n<p>\u0130&ccedil;erisindeki provitamin sayesinde sa&ccedil;lar\u0131n\u0131z\u0131n canl\u0131l\u0131k ve parlakl\u0131k kazanmas\u0131n\u0131 destekler. Sa&ccedil;\u0131 a\u011f\u0131rla\u015ft\u0131rmadan h\u0131zl\u0131ca \u015fekil verilmesine yard\u0131mc\u0131 olur. Sa&ccedil; y&uuml;zeyinde kal\u0131nt\u0131 ve tortu b\u0131rakmaz. Tarama ve f\u0131r&ccedil;alama ile sa&ccedil;tan kolayca &ccedil;\u0131kar. T&uuml;m sa&ccedil; tipleri i&ccedil;in kullan\u0131ma uygundur. Tutu\u015f seviyesi 5&rsquo;tir<\/p>\n","protected":false},"excerpt":{"rendered":"<p>Ultra Strong Sa\u00e7 Spreyi 400 ML &#8211; mrfs<\/p>\n","protected":false},"featured_media":93450,"comment_status":"open","ping_status":"closed","template":"","meta":{"_kad_post_transparent":"","_kad_post_title":"","_kad_post_layout":"","_kad_post_sidebar_id":"","_kad_post_content_style":"","_kad_post_vertical_padding":"","_kad_post_feature":"","_kad_post_feature_position":"","_kad_post_header":false,"_kad_post_footer":false,"_kad_post_classname":""},"product_brand":[],"product_cat":[452,586,711],"product_tag":[],"class_list":{"0":"post-93451","1":"product","2":"type-product","3":"status-publish","4":"has-post-thumbnail","6":"product_cat-kozmetik","7":"product_cat-sac-bakimi","8":"product_cat-sac-sekillendirici-urunler","10":"first","11":"instock","12":"shipping-taxable","13":"purchasable","14":"product-type-simple","15":"entry","16":"content-bg","17":"loop-entry"},"_links":{"self":[{"href":"https:\/\/www.hediyepazar.com\/index.php?rest_route=\/wp\/v2\/product\/93451","targetHints":{"allow":["GET"]}}],"collection":[{"href":"https:\/\/www.hediyepazar.com\/index.php?rest_route=\/wp\/v2\/product"}],"about":[{"href":"https:\/\/www.hediyepazar.com\/index.php?rest_route=\/wp\/v2\/types\/product"}],"replies":[{"embeddable":true,"href":"https:\/\/www.hediyepazar.com\/index.php?rest_route=%2Fwp%2Fv2%2Fcomments&post=93451"}],"wp:featuredmedia":[{"embeddable":true,"href":"https:\/\/www.hediyepazar.com\/index.php?rest_route=\/wp\/v2\/media\/93450"}],"wp:attachment":[{"href":"https:\/\/www.hediyepazar.com\/index.php?rest_route=%2Fwp%2Fv2%2Fmedia&parent=93451"}],"wp:term":[{"taxonomy":"product_brand","embeddable":true,"href":"https:\/\/www.hediyepazar.com\/index.php?rest_route=%2Fwp%2Fv2%2Fproduct_brand&post=93451"},{"taxonomy":"product_cat","embeddable":true,"href":"https:\/\/www.hediyepazar.com\/index.php?rest_route=%2Fwp%2Fv2%2Fproduct_cat&post=93451"},{"taxonomy":"product_tag","embeddable":true,"href":"https:\/\/www.hediyepazar.com\/index.php?rest_route=%2Fwp%2Fv2%2Fproduct_tag&post=93451"}],"curies":[{"name":"wp","href":"https:\/\/api.w.org\/{rel}","templated":true}]}}