{"id":93455,"date":"2026-04-30T18:41:07","date_gmt":"2026-04-30T21:41:07","guid":{"rendered":"https:\/\/www.hediyepazar.com\/?product=kolajen-cift-fazli-kondisyoner-fon-suyu-400-ml-mrfs"},"modified":"2026-04-30T18:41:07","modified_gmt":"2026-04-30T21:41:07","slug":"kolajen-cift-fazli-kondisyoner-fon-suyu-400-ml-mrfs","status":"publish","type":"product","link":"https:\/\/www.hediyepazar.com\/?product=kolajen-cift-fazli-kondisyoner-fon-suyu-400-ml-mrfs","title":{"rendered":"Kolajen \u00c7ift Fazl\u0131 Kondisyoner F\u00f6n Suyu 400 ML &#8211; mrfs"},"content":{"rendered":"<p>Kolajen &Ccedil;ift Fazl\u0131 Kondisyoner<br \/>\nBubble Kolajen &Ccedil;ift Fazl\u0131 Sa&ccedil; Kondisyoner, sa&ccedil;\u0131n kolay taranmas\u0131 ve yumu\u015fak olmas\u0131na yard\u0131mc\u0131 olur. Kolajen ba\u011f dokular\u0131n\u0131 olu\u015fturan ana yap\u0131sal proteinlerden biridir.<\/p>\n<p>Sa&ccedil;\u0131n daha sa\u011fl\u0131kl\u0131 ve canl\u0131 g&ouml;r&uuml;nmesini sa\u011flar. Sa&ccedil; yap\u0131s\u0131n\u0131 g&uuml;&ccedil;lendirerek sa&ccedil;\u0131n daha h\u0131zl\u0131 uzamas\u0131n\u0131 sa\u011flar. Sa&ccedil; tellerinin g&uuml;&ccedil;lenmesini destekler. Is\u0131 ve &ccedil;evresel fakt&ouml;rlere kar\u015f\u0131 sa&ccedil;lar\u0131 korumaya yard\u0131mc\u0131 olur.<\/p>\n","protected":false},"excerpt":{"rendered":"<p>Kolajen \u00c7ift Fazl\u0131 Kondisyoner F\u00f6n Suyu 400 ML &#8211; mrfs<\/p>\n","protected":false},"featured_media":93454,"comment_status":"open","ping_status":"closed","template":"","meta":{"_kad_post_transparent":"","_kad_post_title":"","_kad_post_layout":"","_kad_post_sidebar_id":"","_kad_post_content_style":"","_kad_post_vertical_padding":"","_kad_post_feature":"","_kad_post_feature_position":"","_kad_post_header":false,"_kad_post_footer":false,"_kad_post_classname":""},"product_brand":[],"product_cat":[452,586,711],"product_tag":[],"class_list":{"0":"post-93455","1":"product","2":"type-product","3":"status-publish","4":"has-post-thumbnail","6":"product_cat-kozmetik","7":"product_cat-sac-bakimi","8":"product_cat-sac-sekillendirici-urunler","10":"first","11":"instock","12":"shipping-taxable","13":"purchasable","14":"product-type-simple","15":"entry","16":"content-bg","17":"loop-entry"},"_links":{"self":[{"href":"https:\/\/www.hediyepazar.com\/index.php?rest_route=\/wp\/v2\/product\/93455","targetHints":{"allow":["GET"]}}],"collection":[{"href":"https:\/\/www.hediyepazar.com\/index.php?rest_route=\/wp\/v2\/product"}],"about":[{"href":"https:\/\/www.hediyepazar.com\/index.php?rest_route=\/wp\/v2\/types\/product"}],"replies":[{"embeddable":true,"href":"https:\/\/www.hediyepazar.com\/index.php?rest_route=%2Fwp%2Fv2%2Fcomments&post=93455"}],"wp:featuredmedia":[{"embeddable":true,"href":"https:\/\/www.hediyepazar.com\/index.php?rest_route=\/wp\/v2\/media\/93454"}],"wp:attachment":[{"href":"https:\/\/www.hediyepazar.com\/index.php?rest_route=%2Fwp%2Fv2%2Fmedia&parent=93455"}],"wp:term":[{"taxonomy":"product_brand","embeddable":true,"href":"https:\/\/www.hediyepazar.com\/index.php?rest_route=%2Fwp%2Fv2%2Fproduct_brand&post=93455"},{"taxonomy":"product_cat","embeddable":true,"href":"https:\/\/www.hediyepazar.com\/index.php?rest_route=%2Fwp%2Fv2%2Fproduct_cat&post=93455"},{"taxonomy":"product_tag","embeddable":true,"href":"https:\/\/www.hediyepazar.com\/index.php?rest_route=%2Fwp%2Fv2%2Fproduct_tag&post=93455"}],"curies":[{"name":"wp","href":"https:\/\/api.w.org\/{rel}","templated":true}]}}