{"id":93459,"date":"2026-04-30T18:41:17","date_gmt":"2026-04-30T21:41:17","guid":{"rendered":"https:\/\/www.hediyepazar.com\/?product=keratin-cift-fazli-kondisyoner-fon-suyu-400-ml-mrfs"},"modified":"2026-04-30T18:41:17","modified_gmt":"2026-04-30T21:41:17","slug":"keratin-cift-fazli-kondisyoner-fon-suyu-400-ml-mrfs","status":"publish","type":"product","link":"https:\/\/www.hediyepazar.com\/?product=keratin-cift-fazli-kondisyoner-fon-suyu-400-ml-mrfs","title":{"rendered":"Keratin \u00c7ift Fazl\u0131 Kondisyoner F\u00f6n Suyu 400 ML &#8211; mrfs"},"content":{"rendered":"<p>Keratin &Ccedil;ift Fazl\u0131 Kondisyoner<br \/>\nBubble Keratin &Ccedil;ift Fazl\u0131 Kondisyoner, sa&ccedil;taki d\u0131\u015f tabakan\u0131n yeniden yap\u0131lanmas\u0131na yard\u0131mc\u0131 olur. Keratin &Ccedil;ift Fazl\u0131 Sa&ccedil; Kondisyoner donuk, kuru ve zarar g&ouml;rm&uuml;\u015f sa&ccedil;lar i&ccedil;in &ouml;zel olarak form&uuml;le edilmi\u015ftir. Keratin f&ouml;n suyu, sa&ccedil;lara kaybetti\u011fi canl\u0131l\u0131\u011f\u0131 ve bak\u0131m\u0131 sa\u011flar.<\/p>\n<p>Sa&ccedil;\u0131 besler ve onar\u0131r. Sa&ccedil;lara parlak ve canl\u0131 bir g&ouml;r&uuml;n&uuml;m kazand\u0131r\u0131lmas\u0131na yard\u0131mc\u0131 olur. Sa&ccedil;lar\u0131 besleyerek yumu\u015fat\u0131r. Is\u0131 ve &ccedil;evresel fakt&ouml;rlere kar\u015f\u0131 sa&ccedil; yap\u0131s\u0131n\u0131n korunmas\u0131n\u0131 sa\u011flar. Durulanma gerektirmez.<\/p>\n","protected":false},"excerpt":{"rendered":"<p>Keratin \u00c7ift Fazl\u0131 Kondisyoner F\u00f6n Suyu 400 ML &#8211; mrfs<\/p>\n","protected":false},"featured_media":93458,"comment_status":"open","ping_status":"closed","template":"","meta":{"_kad_post_transparent":"","_kad_post_title":"","_kad_post_layout":"","_kad_post_sidebar_id":"","_kad_post_content_style":"","_kad_post_vertical_padding":"","_kad_post_feature":"","_kad_post_feature_position":"","_kad_post_header":false,"_kad_post_footer":false,"_kad_post_classname":""},"product_brand":[],"product_cat":[452,586,711],"product_tag":[],"class_list":{"0":"post-93459","1":"product","2":"type-product","3":"status-publish","4":"has-post-thumbnail","6":"product_cat-kozmetik","7":"product_cat-sac-bakimi","8":"product_cat-sac-sekillendirici-urunler","10":"first","11":"instock","12":"shipping-taxable","13":"purchasable","14":"product-type-simple","15":"entry","16":"content-bg","17":"loop-entry"},"_links":{"self":[{"href":"https:\/\/www.hediyepazar.com\/index.php?rest_route=\/wp\/v2\/product\/93459","targetHints":{"allow":["GET"]}}],"collection":[{"href":"https:\/\/www.hediyepazar.com\/index.php?rest_route=\/wp\/v2\/product"}],"about":[{"href":"https:\/\/www.hediyepazar.com\/index.php?rest_route=\/wp\/v2\/types\/product"}],"replies":[{"embeddable":true,"href":"https:\/\/www.hediyepazar.com\/index.php?rest_route=%2Fwp%2Fv2%2Fcomments&post=93459"}],"wp:featuredmedia":[{"embeddable":true,"href":"https:\/\/www.hediyepazar.com\/index.php?rest_route=\/wp\/v2\/media\/93458"}],"wp:attachment":[{"href":"https:\/\/www.hediyepazar.com\/index.php?rest_route=%2Fwp%2Fv2%2Fmedia&parent=93459"}],"wp:term":[{"taxonomy":"product_brand","embeddable":true,"href":"https:\/\/www.hediyepazar.com\/index.php?rest_route=%2Fwp%2Fv2%2Fproduct_brand&post=93459"},{"taxonomy":"product_cat","embeddable":true,"href":"https:\/\/www.hediyepazar.com\/index.php?rest_route=%2Fwp%2Fv2%2Fproduct_cat&post=93459"},{"taxonomy":"product_tag","embeddable":true,"href":"https:\/\/www.hediyepazar.com\/index.php?rest_route=%2Fwp%2Fv2%2Fproduct_tag&post=93459"}],"curies":[{"name":"wp","href":"https:\/\/api.w.org\/{rel}","templated":true}]}}