{"id":93465,"date":"2026-04-30T18:41:29","date_gmt":"2026-04-30T21:41:29","guid":{"rendered":"https:\/\/www.hediyepazar.com\/?product=cift-fazli-kinoa-kenevir-kondisyoner-fon-suyu-400-ml-mrfs"},"modified":"2026-04-30T18:41:29","modified_gmt":"2026-04-30T21:41:29","slug":"cift-fazli-kinoa-kenevir-kondisyoner-fon-suyu-400-ml-mrfs","status":"publish","type":"product","link":"https:\/\/www.hediyepazar.com\/?product=cift-fazli-kinoa-kenevir-kondisyoner-fon-suyu-400-ml-mrfs","title":{"rendered":"\u00c7ift Fazl\u0131 Kinoa &#038; Kenevir Kondisyoner F\u00f6n Suyu 400 ML &#8211; mrfs"},"content":{"rendered":"<p>&Ccedil;ift Fazl\u0131 Kinoa &amp; Kenevir Kondisyoner<br \/>\nZengin bir mineral kayna\u011f\u0131 olan Kinoa &Ouml;zleri sa&ccedil; ve sa&ccedil; derisindeki nemin tutulmas\u0131na yard\u0131mc\u0131 olur. Sa&ccedil; derisi onar\u0131m\u0131 sa\u011flayarak kepek olu\u015fumunun &ouml;nlenmesini destekler.<\/p>\n<p>Form&uuml;l&uuml;ndeki Kenevir Tohumu Ekstrakt\u0131 ile sa&ccedil; derisini besler. Sa&ccedil;\u0131n daha sa\u011fl\u0131kl\u0131 ve parlak uzamas\u0131n\u0131 destekler. Is\u0131 ve &ccedil;evresel fakt&ouml;rlere kar\u015f\u0131 sa&ccedil; yap\u0131s\u0131n\u0131n korunmas\u0131n\u0131 sa\u011flar.<\/p>\n","protected":false},"excerpt":{"rendered":"<p>\u00c7ift Fazl\u0131 Kinoa &#038; Kenevir Kondisyoner F\u00f6n Suyu 400 ML &#8211; mrfs<\/p>\n","protected":false},"featured_media":93464,"comment_status":"open","ping_status":"closed","template":"","meta":{"_kad_post_transparent":"","_kad_post_title":"","_kad_post_layout":"","_kad_post_sidebar_id":"","_kad_post_content_style":"","_kad_post_vertical_padding":"","_kad_post_feature":"","_kad_post_feature_position":"","_kad_post_header":false,"_kad_post_footer":false,"_kad_post_classname":""},"product_brand":[],"product_cat":[452,586,711],"product_tag":[],"class_list":{"0":"post-93465","1":"product","2":"type-product","3":"status-publish","4":"has-post-thumbnail","6":"product_cat-kozmetik","7":"product_cat-sac-bakimi","8":"product_cat-sac-sekillendirici-urunler","10":"first","11":"instock","12":"shipping-taxable","13":"purchasable","14":"product-type-simple","15":"entry","16":"content-bg","17":"loop-entry"},"_links":{"self":[{"href":"https:\/\/www.hediyepazar.com\/index.php?rest_route=\/wp\/v2\/product\/93465","targetHints":{"allow":["GET"]}}],"collection":[{"href":"https:\/\/www.hediyepazar.com\/index.php?rest_route=\/wp\/v2\/product"}],"about":[{"href":"https:\/\/www.hediyepazar.com\/index.php?rest_route=\/wp\/v2\/types\/product"}],"replies":[{"embeddable":true,"href":"https:\/\/www.hediyepazar.com\/index.php?rest_route=%2Fwp%2Fv2%2Fcomments&post=93465"}],"wp:featuredmedia":[{"embeddable":true,"href":"https:\/\/www.hediyepazar.com\/index.php?rest_route=\/wp\/v2\/media\/93464"}],"wp:attachment":[{"href":"https:\/\/www.hediyepazar.com\/index.php?rest_route=%2Fwp%2Fv2%2Fmedia&parent=93465"}],"wp:term":[{"taxonomy":"product_brand","embeddable":true,"href":"https:\/\/www.hediyepazar.com\/index.php?rest_route=%2Fwp%2Fv2%2Fproduct_brand&post=93465"},{"taxonomy":"product_cat","embeddable":true,"href":"https:\/\/www.hediyepazar.com\/index.php?rest_route=%2Fwp%2Fv2%2Fproduct_cat&post=93465"},{"taxonomy":"product_tag","embeddable":true,"href":"https:\/\/www.hediyepazar.com\/index.php?rest_route=%2Fwp%2Fv2%2Fproduct_tag&post=93465"}],"curies":[{"name":"wp","href":"https:\/\/api.w.org\/{rel}","templated":true}]}}