{"id":93467,"date":"2026-04-30T18:41:35","date_gmt":"2026-04-30T21:41:35","guid":{"rendered":"https:\/\/www.hediyepazar.com\/?product=milk-therapy-cift-fazli-kondisyoner-fon-suyu-400-ml-mrfs"},"modified":"2026-04-30T18:41:35","modified_gmt":"2026-04-30T21:41:35","slug":"milk-therapy-cift-fazli-kondisyoner-fon-suyu-400-ml-mrfs","status":"publish","type":"product","link":"https:\/\/www.hediyepazar.com\/?product=milk-therapy-cift-fazli-kondisyoner-fon-suyu-400-ml-mrfs","title":{"rendered":"Milk Therapy \u00c7ift Fazl\u0131 Kondisyoner F\u00f6n Suyu 400 ML &#8211; mrfs"},"content":{"rendered":"<p>Milk Therapy &Ccedil;ift Fazl\u0131 Kondisyoner<br \/>\nMilk Therapy &Ccedil;ift Fazl\u0131 Kondisyoner s\u0131cak, g&uuml;ne\u015f, deniz ve &ccedil;evresel fakt&ouml;rlere kar\u015f\u0131 sa&ccedil;lar\u0131 korur. &Ouml;zel olarak geli\u015ftirilmi\u015f form&uuml;l&uuml;ndeki S&uuml;t Proteini ve 12 farkl\u0131 Amino Asit sa&ccedil;lar\u0131n ihtiya&ccedil; duydu\u011fu bak\u0131m\u0131 sa\u011flar. \u0130&ccedil;eri\u011findeki Amino Asitler sayesinde s\u0131cak i\u015flemden &ouml;nce ve i\u015flem s\u0131ras\u0131nda sa&ccedil; u&ccedil;lar\u0131nda i&ccedil;ten d\u0131\u015fa m&uuml;kemmel bir koruma sa\u011flar.<\/p>\n<p>S&uuml;t proteini s\u0131cak i\u015flemden &ouml;nce ve i\u015flem s\u0131ras\u0131nda sa&ccedil;lar\u0131n nem kayb\u0131n\u0131 &ouml;nlemeye yard\u0131mc\u0131 olur. Sa&ccedil; tellerini koruma kalkan\u0131 gibi saran &ccedil;ift fazl\u0131 kondisyoner, sa&ccedil;\u0131n \u015fekillendirilmesini kolayla\u015ft\u0131r\u0131r. G&uuml;zel kokusuyla sa&ccedil;lara canl\u0131l\u0131k katarken ayn\u0131 zamanda da bak\u0131m yapar. T&uuml;m sa&ccedil; tipleri i&ccedil;in kullan\u0131ma uygundur. Y\u0131pranm\u0131\u015f ve kuru sa&ccedil;lar i&ccedil;in ise idealdir.<\/p>\n","protected":false},"excerpt":{"rendered":"<p>Milk Therapy \u00c7ift Fazl\u0131 Kondisyoner F\u00f6n Suyu 400 ML &#8211; mrfs<\/p>\n","protected":false},"featured_media":93466,"comment_status":"open","ping_status":"closed","template":"","meta":{"_kad_post_transparent":"","_kad_post_title":"","_kad_post_layout":"","_kad_post_sidebar_id":"","_kad_post_content_style":"","_kad_post_vertical_padding":"","_kad_post_feature":"","_kad_post_feature_position":"","_kad_post_header":false,"_kad_post_footer":false,"_kad_post_classname":""},"product_brand":[],"product_cat":[452,586,711],"product_tag":[],"class_list":{"0":"post-93467","1":"product","2":"type-product","3":"status-publish","4":"has-post-thumbnail","6":"product_cat-kozmetik","7":"product_cat-sac-bakimi","8":"product_cat-sac-sekillendirici-urunler","10":"first","11":"instock","12":"shipping-taxable","13":"purchasable","14":"product-type-simple","15":"entry","16":"content-bg","17":"loop-entry"},"_links":{"self":[{"href":"https:\/\/www.hediyepazar.com\/index.php?rest_route=\/wp\/v2\/product\/93467","targetHints":{"allow":["GET"]}}],"collection":[{"href":"https:\/\/www.hediyepazar.com\/index.php?rest_route=\/wp\/v2\/product"}],"about":[{"href":"https:\/\/www.hediyepazar.com\/index.php?rest_route=\/wp\/v2\/types\/product"}],"replies":[{"embeddable":true,"href":"https:\/\/www.hediyepazar.com\/index.php?rest_route=%2Fwp%2Fv2%2Fcomments&post=93467"}],"wp:featuredmedia":[{"embeddable":true,"href":"https:\/\/www.hediyepazar.com\/index.php?rest_route=\/wp\/v2\/media\/93466"}],"wp:attachment":[{"href":"https:\/\/www.hediyepazar.com\/index.php?rest_route=%2Fwp%2Fv2%2Fmedia&parent=93467"}],"wp:term":[{"taxonomy":"product_brand","embeddable":true,"href":"https:\/\/www.hediyepazar.com\/index.php?rest_route=%2Fwp%2Fv2%2Fproduct_brand&post=93467"},{"taxonomy":"product_cat","embeddable":true,"href":"https:\/\/www.hediyepazar.com\/index.php?rest_route=%2Fwp%2Fv2%2Fproduct_cat&post=93467"},{"taxonomy":"product_tag","embeddable":true,"href":"https:\/\/www.hediyepazar.com\/index.php?rest_route=%2Fwp%2Fv2%2Fproduct_tag&post=93467"}],"curies":[{"name":"wp","href":"https:\/\/api.w.org\/{rel}","templated":true}]}}