{"id":93477,"date":"2026-04-30T18:42:03","date_gmt":"2026-04-30T21:42:03","guid":{"rendered":"https:\/\/www.hediyepazar.com\/?product=cift-fazli-supreme-kondisyoner-fon-suyu-240-ml-mrfs"},"modified":"2026-04-30T18:42:03","modified_gmt":"2026-04-30T21:42:03","slug":"cift-fazli-supreme-kondisyoner-fon-suyu-240-ml-mrfs","status":"publish","type":"product","link":"https:\/\/www.hediyepazar.com\/?product=cift-fazli-supreme-kondisyoner-fon-suyu-240-ml-mrfs","title":{"rendered":"\u00c7ift Fazl\u0131 Supreme Kondisyoner F\u00f6n Suyu 240 ML &#8211; mrfs"},"content":{"rendered":"<p>&Ccedil;ift Fazl\u0131 Supreme Kondisyoner<br \/>\nSeramid, Niacin, Biotin ve Kolajen i&ccedil;eren yo\u011fun bitkisel besleyici form&uuml;l&uuml; ile sa&ccedil;lar\u0131n\u0131za bak\u0131m yapar. Sa&ccedil;lar\u0131n\u0131z\u0131 g&uuml;&ccedil;lendirerek k\u0131r\u0131larak d&ouml;k&uuml;lmelere kar\u015f\u0131 koruman\u0131za yard\u0131mc\u0131 olur. Sa&ccedil; tellerinizi p&uuml;r&uuml;zs&uuml;zle\u015ftirerek ipeksi yumu\u015fakl\u0131kta parlak sa&ccedil;lara kavu\u015fman\u0131z\u0131 destekler.<\/p>\n<p>Y&uuml;ksek \u0131s\u0131l i\u015flem i&ccedil;eren uygulamalarda sa&ccedil;lar\u0131n\u0131z\u0131 y\u0131pranmalara kar\u015f\u0131 korur. Sa&ccedil;\u0131 a\u011f\u0131rla\u015ft\u0131rmadan nemlendirmenize katk\u0131 sa\u011flar. Kuru sa&ccedil;lar\u0131n ekstra parlak g&ouml;r&uuml;nmesine yard\u0131mc\u0131 olur.<\/p>\n","protected":false},"excerpt":{"rendered":"<p>\u00c7ift Fazl\u0131 Supreme Kondisyoner F\u00f6n Suyu 240 ML &#8211; mrfs<\/p>\n","protected":false},"featured_media":93476,"comment_status":"open","ping_status":"closed","template":"","meta":{"_kad_post_transparent":"","_kad_post_title":"","_kad_post_layout":"","_kad_post_sidebar_id":"","_kad_post_content_style":"","_kad_post_vertical_padding":"","_kad_post_feature":"","_kad_post_feature_position":"","_kad_post_header":false,"_kad_post_footer":false,"_kad_post_classname":""},"product_brand":[],"product_cat":[452,586,711],"product_tag":[],"class_list":{"0":"post-93477","1":"product","2":"type-product","3":"status-publish","4":"has-post-thumbnail","6":"product_cat-kozmetik","7":"product_cat-sac-bakimi","8":"product_cat-sac-sekillendirici-urunler","10":"first","11":"instock","12":"shipping-taxable","13":"purchasable","14":"product-type-simple","15":"entry","16":"content-bg","17":"loop-entry"},"_links":{"self":[{"href":"https:\/\/www.hediyepazar.com\/index.php?rest_route=\/wp\/v2\/product\/93477","targetHints":{"allow":["GET"]}}],"collection":[{"href":"https:\/\/www.hediyepazar.com\/index.php?rest_route=\/wp\/v2\/product"}],"about":[{"href":"https:\/\/www.hediyepazar.com\/index.php?rest_route=\/wp\/v2\/types\/product"}],"replies":[{"embeddable":true,"href":"https:\/\/www.hediyepazar.com\/index.php?rest_route=%2Fwp%2Fv2%2Fcomments&post=93477"}],"wp:featuredmedia":[{"embeddable":true,"href":"https:\/\/www.hediyepazar.com\/index.php?rest_route=\/wp\/v2\/media\/93476"}],"wp:attachment":[{"href":"https:\/\/www.hediyepazar.com\/index.php?rest_route=%2Fwp%2Fv2%2Fmedia&parent=93477"}],"wp:term":[{"taxonomy":"product_brand","embeddable":true,"href":"https:\/\/www.hediyepazar.com\/index.php?rest_route=%2Fwp%2Fv2%2Fproduct_brand&post=93477"},{"taxonomy":"product_cat","embeddable":true,"href":"https:\/\/www.hediyepazar.com\/index.php?rest_route=%2Fwp%2Fv2%2Fproduct_cat&post=93477"},{"taxonomy":"product_tag","embeddable":true,"href":"https:\/\/www.hediyepazar.com\/index.php?rest_route=%2Fwp%2Fv2%2Fproduct_tag&post=93477"}],"curies":[{"name":"wp","href":"https:\/\/api.w.org\/{rel}","templated":true}]}}