{"id":9348,"date":"2026-04-26T07:19:07","date_gmt":"2026-04-26T10:19:07","guid":{"rendered":"https:\/\/www.hediyepazar.com\/?product=powerway-elite-plus-64-gb-micro-sd-hafiza-karti"},"modified":"2026-04-26T07:19:09","modified_gmt":"2026-04-26T10:19:09","slug":"powerway-elite-plus-64-gb-micro-sd-hafiza-karti","status":"publish","type":"product","link":"https:\/\/www.hediyepazar.com\/?product=powerway-elite-plus-64-gb-micro-sd-hafiza-karti","title":{"rendered":"Powerway Elite Plus 64 Gb Micro Sd Haf\u0131za Kart\u0131"},"content":{"rendered":"<p>Powerway Elite Plus 64 Gb Micro Sd Haf\u0131za Kart\u0131<\/p>\n","protected":false},"excerpt":{"rendered":"<p>Powerway Elite Plus 64 Gb Micro Sd Haf\u0131za Kart\u0131<\/p>\n","protected":false},"featured_media":9349,"comment_status":"closed","ping_status":"open","template":"","meta":{"_kad_post_transparent":"","_kad_post_title":"","_kad_post_layout":"","_kad_post_sidebar_id":"","_kad_post_content_style":"","_kad_post_vertical_padding":"","_kad_post_feature":"","_kad_post_feature_position":"","_kad_post_header":false,"_kad_post_footer":false,"_kad_post_classname":""},"product_brand":[],"product_cat":[363],"product_tag":[],"class_list":{"0":"post-9348","1":"product","2":"type-product","3":"status-publish","4":"has-post-thumbnail","6":"product_cat-oem-ve-cevre-birimleri-cevre-birimleri-hafiza-kartlari","8":"first","9":"instock","10":"purchasable","11":"product-type-simple","12":"entry","13":"content-bg","14":"loop-entry"},"_links":{"self":[{"href":"https:\/\/www.hediyepazar.com\/index.php?rest_route=\/wp\/v2\/product\/9348","targetHints":{"allow":["GET"]}}],"collection":[{"href":"https:\/\/www.hediyepazar.com\/index.php?rest_route=\/wp\/v2\/product"}],"about":[{"href":"https:\/\/www.hediyepazar.com\/index.php?rest_route=\/wp\/v2\/types\/product"}],"replies":[{"embeddable":true,"href":"https:\/\/www.hediyepazar.com\/index.php?rest_route=%2Fwp%2Fv2%2Fcomments&post=9348"}],"wp:featuredmedia":[{"embeddable":true,"href":"https:\/\/www.hediyepazar.com\/index.php?rest_route=\/wp\/v2\/media\/9349"}],"wp:attachment":[{"href":"https:\/\/www.hediyepazar.com\/index.php?rest_route=%2Fwp%2Fv2%2Fmedia&parent=9348"}],"wp:term":[{"taxonomy":"product_brand","embeddable":true,"href":"https:\/\/www.hediyepazar.com\/index.php?rest_route=%2Fwp%2Fv2%2Fproduct_brand&post=9348"},{"taxonomy":"product_cat","embeddable":true,"href":"https:\/\/www.hediyepazar.com\/index.php?rest_route=%2Fwp%2Fv2%2Fproduct_cat&post=9348"},{"taxonomy":"product_tag","embeddable":true,"href":"https:\/\/www.hediyepazar.com\/index.php?rest_route=%2Fwp%2Fv2%2Fproduct_tag&post=9348"}],"curies":[{"name":"wp","href":"https:\/\/api.w.org\/{rel}","templated":true}]}}