{"id":93481,"date":"2026-04-30T18:42:16","date_gmt":"2026-04-30T21:42:16","guid":{"rendered":"https:\/\/www.hediyepazar.com\/?product=biotin-cift-fazli-sac-kondisyoner-fon-suyu-240-ml-mrfs"},"modified":"2026-04-30T18:42:16","modified_gmt":"2026-04-30T21:42:16","slug":"biotin-cift-fazli-sac-kondisyoner-fon-suyu-240-ml-mrfs","status":"publish","type":"product","link":"https:\/\/www.hediyepazar.com\/?product=biotin-cift-fazli-sac-kondisyoner-fon-suyu-240-ml-mrfs","title":{"rendered":"Biotin \u00c7ift Fazl\u0131 Sa\u00e7 Kondisyoner F\u00f6n Suyu 240 ML &#8211; mrfs"},"content":{"rendered":"<p>Biotin &Ccedil;ift Fazl\u0131 Sa&ccedil; Kondisyoner<br \/>\nBubble Biotin &Ccedil;ift Fazl\u0131 Sa&ccedil; Kondisyoner, t&uuml;m sa&ccedil; tipler i&ccedil;in kullan\u0131ma uygundur. Sa&ccedil; elastikiyetinin artmas\u0131na yard\u0131mc\u0131 olur. \u0130&ccedil;eri\u011finde bulunan &ouml;zel bile\u015fenler daha yumu\u015fak ve g&uuml;&ccedil;l&uuml; sa&ccedil;lara sahip olman\u0131z\u0131 destekler.<\/p>\n<p>Biotin, sa&ccedil; tellerinin kal\u0131nla\u015fmas\u0131n\u0131 ve sa&ccedil;lar\u0131n canl\u0131 g&ouml;r&uuml;nmesini sa\u011flar. Sa&ccedil; d&ouml;k&uuml;lmelerine kar\u015f\u0131 etkilidir. Sa&ccedil;\u0131n \u0131s\u0131dan ve &ccedil;evresel fakt&ouml;rlerden korunmas\u0131na yard\u0131mc\u0131 olur. Sa&ccedil; yap\u0131s\u0131n\u0131n dayan\u0131kl\u0131l\u0131\u011f\u0131n\u0131 artt\u0131r\u0131r. Sa&ccedil;a nem ve yumu\u015fakl\u0131k kazand\u0131r\u0131r.<\/p>\n","protected":false},"excerpt":{"rendered":"<p>Biotin \u00c7ift Fazl\u0131 Sa\u00e7 Kondisyoner F\u00f6n Suyu 240 ML &#8211; mrfs<\/p>\n","protected":false},"featured_media":93480,"comment_status":"open","ping_status":"closed","template":"","meta":{"_kad_post_transparent":"","_kad_post_title":"","_kad_post_layout":"","_kad_post_sidebar_id":"","_kad_post_content_style":"","_kad_post_vertical_padding":"","_kad_post_feature":"","_kad_post_feature_position":"","_kad_post_header":false,"_kad_post_footer":false,"_kad_post_classname":""},"product_brand":[],"product_cat":[452,586,711],"product_tag":[],"class_list":{"0":"post-93481","1":"product","2":"type-product","3":"status-publish","4":"has-post-thumbnail","6":"product_cat-kozmetik","7":"product_cat-sac-bakimi","8":"product_cat-sac-sekillendirici-urunler","10":"first","11":"instock","12":"shipping-taxable","13":"purchasable","14":"product-type-simple","15":"entry","16":"content-bg","17":"loop-entry"},"_links":{"self":[{"href":"https:\/\/www.hediyepazar.com\/index.php?rest_route=\/wp\/v2\/product\/93481","targetHints":{"allow":["GET"]}}],"collection":[{"href":"https:\/\/www.hediyepazar.com\/index.php?rest_route=\/wp\/v2\/product"}],"about":[{"href":"https:\/\/www.hediyepazar.com\/index.php?rest_route=\/wp\/v2\/types\/product"}],"replies":[{"embeddable":true,"href":"https:\/\/www.hediyepazar.com\/index.php?rest_route=%2Fwp%2Fv2%2Fcomments&post=93481"}],"wp:featuredmedia":[{"embeddable":true,"href":"https:\/\/www.hediyepazar.com\/index.php?rest_route=\/wp\/v2\/media\/93480"}],"wp:attachment":[{"href":"https:\/\/www.hediyepazar.com\/index.php?rest_route=%2Fwp%2Fv2%2Fmedia&parent=93481"}],"wp:term":[{"taxonomy":"product_brand","embeddable":true,"href":"https:\/\/www.hediyepazar.com\/index.php?rest_route=%2Fwp%2Fv2%2Fproduct_brand&post=93481"},{"taxonomy":"product_cat","embeddable":true,"href":"https:\/\/www.hediyepazar.com\/index.php?rest_route=%2Fwp%2Fv2%2Fproduct_cat&post=93481"},{"taxonomy":"product_tag","embeddable":true,"href":"https:\/\/www.hediyepazar.com\/index.php?rest_route=%2Fwp%2Fv2%2Fproduct_tag&post=93481"}],"curies":[{"name":"wp","href":"https:\/\/api.w.org\/{rel}","templated":true}]}}