{"id":93483,"date":"2026-04-30T18:42:21","date_gmt":"2026-04-30T21:42:21","guid":{"rendered":"https:\/\/www.hediyepazar.com\/?product=kolajen-sac-kopuk-200-ml-besleyici-parlak-gorunum-mrfs"},"modified":"2026-04-30T18:42:21","modified_gmt":"2026-04-30T21:42:21","slug":"kolajen-sac-kopuk-200-ml-besleyici-parlak-gorunum-mrfs","status":"publish","type":"product","link":"https:\/\/www.hediyepazar.com\/?product=kolajen-sac-kopuk-200-ml-besleyici-parlak-gorunum-mrfs","title":{"rendered":"Kolajen Sa\u00e7 K\u00f6p\u00fck 200 ML &#8211; Besleyici Parlak G\u00f6r\u00fcn\u00fcm &#8211; mrfs"},"content":{"rendered":"<p>Kolajen Sa&ccedil; K&ouml;p&uuml;k<br \/>\nBubble Kolajen Sa&ccedil; \u015eekillendirme K&ouml;p&uuml;k, g&uuml;&ccedil;l&uuml; tutu\u015f g&uuml;c&uuml; sayesinde sa&ccedil;lar\u0131n hacimli g&ouml;z&uuml;kmesini destekler. Kolajen i&ccedil;eren &ouml;zel form&uuml;l&uuml; ile sa&ccedil;lar\u0131n yeniden yap\u0131lanmas\u0131na yard\u0131mc\u0131 olur.<\/p>\n<p>Kolajen sa&ccedil; kalitesini artt\u0131r\u0131r, besler. Kolajen sa&ccedil; k&ouml;p&uuml;\u011f&uuml;, sa&ccedil;\u0131 &ccedil;evresel fakt&ouml;rlere, \u0131s\u0131ya kar\u015f\u0131 koruma sa\u011flar. Sa&ccedil;ta olu\u015fabilecek hacim kayb\u0131n\u0131, d&ouml;k&uuml;lmeleri &ouml;nlemeye yard\u0131mc\u0131 olur. Kuru ve zay\u0131f sa&ccedil;lar i&ccedil;in geli\u015ftirilmi\u015ftir.<\/p>\n","protected":false},"excerpt":{"rendered":"<p>Kolajen Sa\u00e7 K\u00f6p\u00fck 200 ML &#8211; Besleyici Parlak G\u00f6r\u00fcn\u00fcm &#8211; mrfs<\/p>\n","protected":false},"featured_media":93482,"comment_status":"open","ping_status":"closed","template":"","meta":{"_kad_post_transparent":"","_kad_post_title":"","_kad_post_layout":"","_kad_post_sidebar_id":"","_kad_post_content_style":"","_kad_post_vertical_padding":"","_kad_post_feature":"","_kad_post_feature_position":"","_kad_post_header":false,"_kad_post_footer":false,"_kad_post_classname":""},"product_brand":[],"product_cat":[452,586,711],"product_tag":[],"class_list":{"0":"post-93483","1":"product","2":"type-product","3":"status-publish","4":"has-post-thumbnail","6":"product_cat-kozmetik","7":"product_cat-sac-bakimi","8":"product_cat-sac-sekillendirici-urunler","10":"first","11":"instock","12":"shipping-taxable","13":"purchasable","14":"product-type-simple","15":"entry","16":"content-bg","17":"loop-entry"},"_links":{"self":[{"href":"https:\/\/www.hediyepazar.com\/index.php?rest_route=\/wp\/v2\/product\/93483","targetHints":{"allow":["GET"]}}],"collection":[{"href":"https:\/\/www.hediyepazar.com\/index.php?rest_route=\/wp\/v2\/product"}],"about":[{"href":"https:\/\/www.hediyepazar.com\/index.php?rest_route=\/wp\/v2\/types\/product"}],"replies":[{"embeddable":true,"href":"https:\/\/www.hediyepazar.com\/index.php?rest_route=%2Fwp%2Fv2%2Fcomments&post=93483"}],"wp:featuredmedia":[{"embeddable":true,"href":"https:\/\/www.hediyepazar.com\/index.php?rest_route=\/wp\/v2\/media\/93482"}],"wp:attachment":[{"href":"https:\/\/www.hediyepazar.com\/index.php?rest_route=%2Fwp%2Fv2%2Fmedia&parent=93483"}],"wp:term":[{"taxonomy":"product_brand","embeddable":true,"href":"https:\/\/www.hediyepazar.com\/index.php?rest_route=%2Fwp%2Fv2%2Fproduct_brand&post=93483"},{"taxonomy":"product_cat","embeddable":true,"href":"https:\/\/www.hediyepazar.com\/index.php?rest_route=%2Fwp%2Fv2%2Fproduct_cat&post=93483"},{"taxonomy":"product_tag","embeddable":true,"href":"https:\/\/www.hediyepazar.com\/index.php?rest_route=%2Fwp%2Fv2%2Fproduct_tag&post=93483"}],"curies":[{"name":"wp","href":"https:\/\/api.w.org\/{rel}","templated":true}]}}