{"id":93487,"date":"2026-04-30T18:42:32","date_gmt":"2026-04-30T21:42:32","guid":{"rendered":"https:\/\/www.hediyepazar.com\/?product=ultra-strong-sac-kopuk-200-ml-ultra-guclu-tutus-mrfs"},"modified":"2026-04-30T18:42:32","modified_gmt":"2026-04-30T21:42:32","slug":"ultra-strong-sac-kopuk-200-ml-ultra-guclu-tutus-mrfs","status":"publish","type":"product","link":"https:\/\/www.hediyepazar.com\/?product=ultra-strong-sac-kopuk-200-ml-ultra-guclu-tutus-mrfs","title":{"rendered":"Ultra Strong Sa\u00e7 K\u00f6p\u00fck 200 ML &#8211; Ultra G\u00fc\u00e7l\u00fc Tutu\u015f &#8211; mrfs"},"content":{"rendered":"<p>Ultra Strong Sa&ccedil; K&ouml;p&uuml;k<br \/>\nUltra Strong Sa&ccedil; K&ouml;p&uuml;\u011f&uuml;, g&uuml;&ccedil;l&uuml; form&uuml;l&uuml; sayesinde sa&ccedil;lar\u0131n\u0131z\u0131 istedi\u011finiz bi&ccedil;imde \u015fekillendirilmesini sa\u011flar. T&uuml;m hava ko\u015fullar\u0131nda sa&ccedil; \u015feklinizi korumaya yard\u0131mc\u0131 olur. Geli\u015fmi\u015f form&uuml;l&uuml; ile sa&ccedil;lar\u0131n\u0131z\u0131n canl\u0131 ve parlak g&ouml;r&uuml;nmesini sa\u011flar.<\/p>\n<p>Ultra g&uuml;&ccedil;l&uuml; tutu\u015fu ile sa&ccedil;lara hacim ve g&uuml;&ccedil; kazand\u0131r\u0131r. \u0130&ccedil;eri\u011findeki multivitamin complex, sa&ccedil;lar\u0131n\u0131z\u0131 y\u0131pranmalara kar\u015f\u0131 korumaya yard\u0131mc\u0131 olur. Sa&ccedil;ta kal\u0131nt\u0131 b\u0131rakmaz, ilk y\u0131kamada kolayca ar\u0131nd\u0131r\u0131l\u0131r. Ultra g&uuml;&ccedil;l&uuml; tutu\u015fuyla sa&ccedil; \u015feklinizin g&uuml;n boyu korunmas\u0131n\u0131 sa\u011flar. G&uuml;nl&uuml;k kullan\u0131m i&ccedil;in uygundur.<\/p>\n","protected":false},"excerpt":{"rendered":"<p>Ultra Strong Sa\u00e7 K\u00f6p\u00fck 200 ML &#8211; Ultra G\u00fc\u00e7l\u00fc Tutu\u015f &#8211; mrfs<\/p>\n","protected":false},"featured_media":93486,"comment_status":"open","ping_status":"closed","template":"","meta":{"_kad_post_transparent":"","_kad_post_title":"","_kad_post_layout":"","_kad_post_sidebar_id":"","_kad_post_content_style":"","_kad_post_vertical_padding":"","_kad_post_feature":"","_kad_post_feature_position":"","_kad_post_header":false,"_kad_post_footer":false,"_kad_post_classname":""},"product_brand":[],"product_cat":[452,586,711],"product_tag":[],"class_list":{"0":"post-93487","1":"product","2":"type-product","3":"status-publish","4":"has-post-thumbnail","6":"product_cat-kozmetik","7":"product_cat-sac-bakimi","8":"product_cat-sac-sekillendirici-urunler","10":"first","11":"instock","12":"shipping-taxable","13":"purchasable","14":"product-type-simple","15":"entry","16":"content-bg","17":"loop-entry"},"_links":{"self":[{"href":"https:\/\/www.hediyepazar.com\/index.php?rest_route=\/wp\/v2\/product\/93487","targetHints":{"allow":["GET"]}}],"collection":[{"href":"https:\/\/www.hediyepazar.com\/index.php?rest_route=\/wp\/v2\/product"}],"about":[{"href":"https:\/\/www.hediyepazar.com\/index.php?rest_route=\/wp\/v2\/types\/product"}],"replies":[{"embeddable":true,"href":"https:\/\/www.hediyepazar.com\/index.php?rest_route=%2Fwp%2Fv2%2Fcomments&post=93487"}],"wp:featuredmedia":[{"embeddable":true,"href":"https:\/\/www.hediyepazar.com\/index.php?rest_route=\/wp\/v2\/media\/93486"}],"wp:attachment":[{"href":"https:\/\/www.hediyepazar.com\/index.php?rest_route=%2Fwp%2Fv2%2Fmedia&parent=93487"}],"wp:term":[{"taxonomy":"product_brand","embeddable":true,"href":"https:\/\/www.hediyepazar.com\/index.php?rest_route=%2Fwp%2Fv2%2Fproduct_brand&post=93487"},{"taxonomy":"product_cat","embeddable":true,"href":"https:\/\/www.hediyepazar.com\/index.php?rest_route=%2Fwp%2Fv2%2Fproduct_cat&post=93487"},{"taxonomy":"product_tag","embeddable":true,"href":"https:\/\/www.hediyepazar.com\/index.php?rest_route=%2Fwp%2Fv2%2Fproduct_tag&post=93487"}],"curies":[{"name":"wp","href":"https:\/\/api.w.org\/{rel}","templated":true}]}}