{"id":93491,"date":"2026-04-30T18:42:41","date_gmt":"2026-04-30T21:42:41","guid":{"rendered":"https:\/\/www.hediyepazar.com\/?product=supreme-sac-kopuk-200-ml-nemlendirme-mrfs"},"modified":"2026-04-30T18:42:41","modified_gmt":"2026-04-30T21:42:41","slug":"supreme-sac-kopuk-200-ml-nemlendirme-mrfs","status":"publish","type":"product","link":"https:\/\/www.hediyepazar.com\/?product=supreme-sac-kopuk-200-ml-nemlendirme-mrfs","title":{"rendered":"Supreme Sa\u00e7 K\u00f6p\u00fck 200 ML &#8211; Nemlendirme &#8211; mrfs"},"content":{"rendered":"<p>Supreme Sa&ccedil; K&ouml;p&uuml;k<br \/>\nSeramid, Bitkisel Keratin ve Kolajen i&ccedil;eren &ouml;zel form&uuml;l&uuml; ile sa&ccedil;lar\u0131n\u0131za derinlemesine bak\u0131m yaparken ayn\u0131 zamanda sa&ccedil;lar\u0131n\u0131z\u0131 kolayca \u015fekillendirmenize yard\u0131mc\u0131 olur. Geli\u015fmi\u015f form&uuml;l&uuml; sayesinde sa&ccedil; tellerini p&uuml;r&uuml;zs&uuml;zle\u015ftirir ve ipeksi bir yumu\u015fakl\u0131kla sa\u011fl\u0131kl\u0131, \u0131\u015f\u0131lt\u0131l\u0131 bir g&ouml;r&uuml;n&uuml;m kazand\u0131r\u0131r.<\/p>\n<p>Sa&ccedil;\u0131n\u0131za y&uuml;ksek tutu\u015f g&uuml;c&uuml;yle \u015fekil vererek uzun s&uuml;re bozulmayan hacimli ve etkileyici sa&ccedil;lar elde etmenizi sa\u011flar. Sa&ccedil;lar\u0131n\u0131z\u0131 yaln\u0131zca \u015fekillendirmekle kalmaz, ayn\u0131 zamanda sa&ccedil;lar\u0131 besler, g&uuml;&ccedil;lendirir, k\u0131r\u0131lmalara ve d&ouml;k&uuml;lmelere kar\u015f\u0131 korur. Sa&ccedil;\u0131n do\u011fal yap\u0131s\u0131n\u0131 bozmadan nemlendirir, a\u011f\u0131rla\u015ft\u0131rmadan sa\u011fl\u0131kl\u0131 bir hacim ve parlakl\u0131k kazand\u0131r\u0131r.<\/p>\n","protected":false},"excerpt":{"rendered":"<p>Supreme Sa\u00e7 K\u00f6p\u00fck 200 ML &#8211; Nemlendirme &#8211; mrfs<\/p>\n","protected":false},"featured_media":93490,"comment_status":"open","ping_status":"closed","template":"","meta":{"_kad_post_transparent":"","_kad_post_title":"","_kad_post_layout":"","_kad_post_sidebar_id":"","_kad_post_content_style":"","_kad_post_vertical_padding":"","_kad_post_feature":"","_kad_post_feature_position":"","_kad_post_header":false,"_kad_post_footer":false,"_kad_post_classname":""},"product_brand":[],"product_cat":[452,586,711],"product_tag":[],"class_list":{"0":"post-93491","1":"product","2":"type-product","3":"status-publish","4":"has-post-thumbnail","6":"product_cat-kozmetik","7":"product_cat-sac-bakimi","8":"product_cat-sac-sekillendirici-urunler","10":"first","11":"instock","12":"shipping-taxable","13":"purchasable","14":"product-type-simple","15":"entry","16":"content-bg","17":"loop-entry"},"_links":{"self":[{"href":"https:\/\/www.hediyepazar.com\/index.php?rest_route=\/wp\/v2\/product\/93491","targetHints":{"allow":["GET"]}}],"collection":[{"href":"https:\/\/www.hediyepazar.com\/index.php?rest_route=\/wp\/v2\/product"}],"about":[{"href":"https:\/\/www.hediyepazar.com\/index.php?rest_route=\/wp\/v2\/types\/product"}],"replies":[{"embeddable":true,"href":"https:\/\/www.hediyepazar.com\/index.php?rest_route=%2Fwp%2Fv2%2Fcomments&post=93491"}],"wp:featuredmedia":[{"embeddable":true,"href":"https:\/\/www.hediyepazar.com\/index.php?rest_route=\/wp\/v2\/media\/93490"}],"wp:attachment":[{"href":"https:\/\/www.hediyepazar.com\/index.php?rest_route=%2Fwp%2Fv2%2Fmedia&parent=93491"}],"wp:term":[{"taxonomy":"product_brand","embeddable":true,"href":"https:\/\/www.hediyepazar.com\/index.php?rest_route=%2Fwp%2Fv2%2Fproduct_brand&post=93491"},{"taxonomy":"product_cat","embeddable":true,"href":"https:\/\/www.hediyepazar.com\/index.php?rest_route=%2Fwp%2Fv2%2Fproduct_cat&post=93491"},{"taxonomy":"product_tag","embeddable":true,"href":"https:\/\/www.hediyepazar.com\/index.php?rest_route=%2Fwp%2Fv2%2Fproduct_tag&post=93491"}],"curies":[{"name":"wp","href":"https:\/\/api.w.org\/{rel}","templated":true}]}}