{"id":93503,"date":"2026-04-30T18:43:14","date_gmt":"2026-04-30T21:43:14","guid":{"rendered":"https:\/\/www.hediyepazar.com\/?product=argan-sac-maskesi-500-ml-boyali-ve-rofleli-saclar-mrfs"},"modified":"2026-04-30T18:43:14","modified_gmt":"2026-04-30T21:43:14","slug":"argan-sac-maskesi-500-ml-boyali-ve-rofleli-saclar-mrfs","status":"publish","type":"product","link":"https:\/\/www.hediyepazar.com\/?product=argan-sac-maskesi-500-ml-boyali-ve-rofleli-saclar-mrfs","title":{"rendered":"Argan Sa\u00e7 Maskesi 500 ML &#8211; Boyal\u0131 ve R\u00f6fleli Sa\u00e7lar &#8211; mrfs"},"content":{"rendered":"<p>Argan Sa&ccedil; Maskesi<br \/>\nBubble Argan Sa&ccedil; Maskesi, boyal\u0131 ve r&ouml;fleli sa&ccedil;lar i&ccedil;in &ouml;zel olarak form&uuml;le edilmi\u015ftir. Y&uuml;ksek oranda E vitamini i&ccedil;eren ve sa&ccedil;\u0131 besledi\u011fi bilinen Argan ya\u011f\u0131 ile zenginle\u015ftirilmi\u015ftir. Sa&ccedil;\u0131n\u0131z\u0131 nazik&ccedil;e temizlerken, sa&ccedil;\u0131n elastikiyetinin artmas\u0131na da yard\u0131mc\u0131 olur.<\/p>\n<p>\u0130&ccedil;eri\u011finde bulunan &ouml;zel bile\u015fenler daha yumu\u015fak ve g&uuml;&ccedil;l&uuml; sa&ccedil;lara sahip olman\u0131z\u0131 destekler. Sa&ccedil;lar\u0131n parlak ve sa\u011fl\u0131kl\u0131 g&ouml;r&uuml;nmesini sa\u011flar. Argan sa&ccedil; maskesi sa&ccedil; d&ouml;k&uuml;lmelerini &ouml;nler, sa&ccedil; k\u0131r\u0131klar\u0131n\u0131 onar\u0131r ve uzamas\u0131n\u0131 h\u0131zland\u0131r\u0131r.<\/p>\n","protected":false},"excerpt":{"rendered":"<p>Argan Sa\u00e7 Maskesi 500 ML &#8211; Boyal\u0131 ve R\u00f6fleli Sa\u00e7lar &#8211; mrfs<\/p>\n","protected":false},"featured_media":93502,"comment_status":"open","ping_status":"closed","template":"","meta":{"_kad_post_transparent":"","_kad_post_title":"","_kad_post_layout":"","_kad_post_sidebar_id":"","_kad_post_content_style":"","_kad_post_vertical_padding":"","_kad_post_feature":"","_kad_post_feature_position":"","_kad_post_header":false,"_kad_post_footer":false,"_kad_post_classname":""},"product_brand":[],"product_cat":[452,586,761],"product_tag":[],"class_list":{"0":"post-93503","1":"product","2":"type-product","3":"status-publish","4":"has-post-thumbnail","6":"product_cat-kozmetik","7":"product_cat-sac-bakimi","8":"product_cat-sac-maskesi","10":"first","11":"instock","12":"shipping-taxable","13":"purchasable","14":"product-type-simple","15":"entry","16":"content-bg","17":"loop-entry"},"_links":{"self":[{"href":"https:\/\/www.hediyepazar.com\/index.php?rest_route=\/wp\/v2\/product\/93503","targetHints":{"allow":["GET"]}}],"collection":[{"href":"https:\/\/www.hediyepazar.com\/index.php?rest_route=\/wp\/v2\/product"}],"about":[{"href":"https:\/\/www.hediyepazar.com\/index.php?rest_route=\/wp\/v2\/types\/product"}],"replies":[{"embeddable":true,"href":"https:\/\/www.hediyepazar.com\/index.php?rest_route=%2Fwp%2Fv2%2Fcomments&post=93503"}],"wp:featuredmedia":[{"embeddable":true,"href":"https:\/\/www.hediyepazar.com\/index.php?rest_route=\/wp\/v2\/media\/93502"}],"wp:attachment":[{"href":"https:\/\/www.hediyepazar.com\/index.php?rest_route=%2Fwp%2Fv2%2Fmedia&parent=93503"}],"wp:term":[{"taxonomy":"product_brand","embeddable":true,"href":"https:\/\/www.hediyepazar.com\/index.php?rest_route=%2Fwp%2Fv2%2Fproduct_brand&post=93503"},{"taxonomy":"product_cat","embeddable":true,"href":"https:\/\/www.hediyepazar.com\/index.php?rest_route=%2Fwp%2Fv2%2Fproduct_cat&post=93503"},{"taxonomy":"product_tag","embeddable":true,"href":"https:\/\/www.hediyepazar.com\/index.php?rest_route=%2Fwp%2Fv2%2Fproduct_tag&post=93503"}],"curies":[{"name":"wp","href":"https:\/\/api.w.org\/{rel}","templated":true}]}}